{"id":3002,"date":"2023-06-21T09:58:45","date_gmt":"2023-06-21T07:58:45","guid":{"rendered":"https:\/\/www.neverstop.se\/produkt\/joint-en-caoutchouc-pour-jerricans-en-metal\/"},"modified":"2023-06-21T11:14:58","modified_gmt":"2023-06-21T09:14:58","slug":"packning-for-platdunk","status":"publish","type":"product","link":"https:\/\/www.neverstop.se\/fr\/produkt\/packning-for-platdunk\/","title":{"rendered":"Joint en caoutchouc pour jerricans en m\u00e9tal"},"content":{"rendered":"<p>Joint en caoutchouc convenient pour les jerricans en m\u00e9tal &#8211; R\u00e9f. 1010, 1020G, 1020R.<\/p>\n","protected":false},"excerpt":{"rendered":"<p>Joint en caoutchouc convenient pour les jerricans en m\u00e9tal.<\/p>\n<p><strong>R\u00e9f. :<\/strong> 1030<\/p>\n","protected":false},"featured_media":2984,"template":"","meta":{"_acf_changed":false},"product_brand":[],"product_cat":[98,101],"product_tag":[],"class_list":{"0":"post-3002","1":"product","2":"type-product","3":"status-publish","4":"has-post-thumbnail","6":"product_cat-bidons-de-carburant","7":"product_cat-accessoires-et-pieces-de-rechange","9":"first","10":"instock","11":"shipping-taxable","12":"product-type-simple"},"acf":[],"_links":{"self":[{"href":"https:\/\/www.neverstop.se\/fr\/wp-json\/wp\/v2\/product\/3002","targetHints":{"allow":["GET"]}}],"collection":[{"href":"https:\/\/www.neverstop.se\/fr\/wp-json\/wp\/v2\/product"}],"about":[{"href":"https:\/\/www.neverstop.se\/fr\/wp-json\/wp\/v2\/types\/product"}],"wp:featuredmedia":[{"embeddable":true,"href":"https:\/\/www.neverstop.se\/fr\/wp-json\/wp\/v2\/media\/2984"}],"wp:attachment":[{"href":"https:\/\/www.neverstop.se\/fr\/wp-json\/wp\/v2\/media?parent=3002"}],"wp:term":[{"taxonomy":"product_brand","embeddable":true,"href":"https:\/\/www.neverstop.se\/fr\/wp-json\/wp\/v2\/product_brand?post=3002"},{"taxonomy":"product_cat","embeddable":true,"href":"https:\/\/www.neverstop.se\/fr\/wp-json\/wp\/v2\/product_cat?post=3002"},{"taxonomy":"product_tag","embeddable":true,"href":"https:\/\/www.neverstop.se\/fr\/wp-json\/wp\/v2\/product_tag?post=3002"}],"curies":[{"name":"wp","href":"https:\/\/api.w.org\/{rel}","templated":true}]}}