{"id":2999,"date":"2023-06-21T09:35:03","date_gmt":"2023-06-21T07:35:03","guid":{"rendered":"https:\/\/www.neverstop.se\/produkt\/joint-en-caoutchouc-pour-bidons-en-plastique\/"},"modified":"2023-06-21T12:05:30","modified_gmt":"2023-06-21T10:05:30","slug":"packning-for-plastdunkskork","status":"publish","type":"product","link":"https:\/\/www.neverstop.se\/fr\/produkt\/packning-for-plastdunkskork\/","title":{"rendered":"Joint en caoutchouc pour bidons en plastique"},"content":{"rendered":"<p>Joint en caoutchouc r\u00e9sistant \u00e0 l&rsquo;essence qui neutralise les odeurs et les fuites. Convient pour les bouchons de bidons en plastique (R\u00e9f. 2690) et les becs de remplissage (3055 et 3005).<\/p>\n","protected":false},"excerpt":{"rendered":"<p>Joint en caoutchouc convient pour les bouchons de bidons en plastique et embouts.<\/p>\n<p><strong>R\u00e9f. :<\/strong> 2630<\/p>\n","protected":false},"featured_media":2980,"template":"","meta":{"_acf_changed":false},"product_brand":[],"product_cat":[98,101],"product_tag":[],"class_list":{"0":"post-2999","1":"product","2":"type-product","3":"status-publish","4":"has-post-thumbnail","6":"product_cat-bidons-de-carburant","7":"product_cat-accessoires-et-pieces-de-rechange","9":"first","10":"instock","11":"shipping-taxable","12":"product-type-simple"},"acf":[],"_links":{"self":[{"href":"https:\/\/www.neverstop.se\/fr\/wp-json\/wp\/v2\/product\/2999","targetHints":{"allow":["GET"]}}],"collection":[{"href":"https:\/\/www.neverstop.se\/fr\/wp-json\/wp\/v2\/product"}],"about":[{"href":"https:\/\/www.neverstop.se\/fr\/wp-json\/wp\/v2\/types\/product"}],"wp:featuredmedia":[{"embeddable":true,"href":"https:\/\/www.neverstop.se\/fr\/wp-json\/wp\/v2\/media\/2980"}],"wp:attachment":[{"href":"https:\/\/www.neverstop.se\/fr\/wp-json\/wp\/v2\/media?parent=2999"}],"wp:term":[{"taxonomy":"product_brand","embeddable":true,"href":"https:\/\/www.neverstop.se\/fr\/wp-json\/wp\/v2\/product_brand?post=2999"},{"taxonomy":"product_cat","embeddable":true,"href":"https:\/\/www.neverstop.se\/fr\/wp-json\/wp\/v2\/product_cat?post=2999"},{"taxonomy":"product_tag","embeddable":true,"href":"https:\/\/www.neverstop.se\/fr\/wp-json\/wp\/v2\/product_tag?post=2999"}],"curies":[{"name":"wp","href":"https:\/\/api.w.org\/{rel}","templated":true}]}}