{"id":2746,"date":"2022-11-14T14:21:45","date_gmt":"2022-11-14T13:21:45","guid":{"rendered":"https:\/\/www.neverstop.se\/produkt\/pare-soleil-lateraux-ventouse\/"},"modified":"2023-06-19T14:47:59","modified_gmt":"2023-06-19T12:47:59","slug":"solgardin-fr","status":"publish","type":"product","link":"https:\/\/www.neverstop.se\/fr\/produkt\/solgardin-fr\/","title":{"rendered":"Pare-soleil lat\u00e9raux ventouse"},"content":{"rendered":"<p>Set de deux pare-soleil lat\u00e9raux \u00e0 ventouses<\/p>\n","protected":false},"excerpt":{"rendered":"<p><strong>Taille :<\/strong> 37x45cm<\/p>\n<p><strong>R\u00e9f :<\/strong> NS-6468<\/p>\n","protected":false},"featured_media":1218,"template":"","meta":{"_acf_changed":false},"product_brand":[],"product_cat":[108],"product_tag":[],"class_list":{"0":"post-2746","1":"product","2":"type-product","3":"status-publish","4":"has-post-thumbnail","6":"product_cat-sur-la-route","8":"first","9":"instock","10":"shipping-taxable","11":"product-type-simple"},"acf":[],"_links":{"self":[{"href":"https:\/\/www.neverstop.se\/fr\/wp-json\/wp\/v2\/product\/2746","targetHints":{"allow":["GET"]}}],"collection":[{"href":"https:\/\/www.neverstop.se\/fr\/wp-json\/wp\/v2\/product"}],"about":[{"href":"https:\/\/www.neverstop.se\/fr\/wp-json\/wp\/v2\/types\/product"}],"wp:featuredmedia":[{"embeddable":true,"href":"https:\/\/www.neverstop.se\/fr\/wp-json\/wp\/v2\/media\/1218"}],"wp:attachment":[{"href":"https:\/\/www.neverstop.se\/fr\/wp-json\/wp\/v2\/media?parent=2746"}],"wp:term":[{"taxonomy":"product_brand","embeddable":true,"href":"https:\/\/www.neverstop.se\/fr\/wp-json\/wp\/v2\/product_brand?post=2746"},{"taxonomy":"product_cat","embeddable":true,"href":"https:\/\/www.neverstop.se\/fr\/wp-json\/wp\/v2\/product_cat?post=2746"},{"taxonomy":"product_tag","embeddable":true,"href":"https:\/\/www.neverstop.se\/fr\/wp-json\/wp\/v2\/product_tag?post=2746"}],"curies":[{"name":"wp","href":"https:\/\/api.w.org\/{rel}","templated":true}]}}