{"id":2744,"date":"2022-11-14T14:17:09","date_gmt":"2022-11-14T13:17:09","guid":{"rendered":"https:\/\/www.neverstop.se\/produkt\/retroviseur-arriere\/"},"modified":"2023-06-19T14:42:11","modified_gmt":"2023-06-19T12:42:11","slug":"babyspegel","status":"publish","type":"product","link":"https:\/\/www.neverstop.se\/fr\/produkt\/babyspegel\/","title":{"rendered":"R\u00e9troviseur arri\u00e8re"},"content":{"rendered":"<p>Pour montage avec sangle de tension sur l&rsquo;appui-t\u00eate<\/p>\n","protected":false},"excerpt":{"rendered":"<p><strong>Taille :<\/strong> 17cm (diam\u00e8tre)<\/p>\n<p><strong>R\u00e9f :<\/strong> NS-20412<\/p>\n","protected":false},"featured_media":1214,"template":"","meta":{"_acf_changed":false},"product_brand":[],"product_cat":[108],"product_tag":[],"class_list":{"0":"post-2744","1":"product","2":"type-product","3":"status-publish","4":"has-post-thumbnail","6":"product_cat-sur-la-route","8":"first","9":"instock","10":"shipping-taxable","11":"product-type-simple"},"acf":[],"_links":{"self":[{"href":"https:\/\/www.neverstop.se\/fr\/wp-json\/wp\/v2\/product\/2744","targetHints":{"allow":["GET"]}}],"collection":[{"href":"https:\/\/www.neverstop.se\/fr\/wp-json\/wp\/v2\/product"}],"about":[{"href":"https:\/\/www.neverstop.se\/fr\/wp-json\/wp\/v2\/types\/product"}],"wp:featuredmedia":[{"embeddable":true,"href":"https:\/\/www.neverstop.se\/fr\/wp-json\/wp\/v2\/media\/1214"}],"wp:attachment":[{"href":"https:\/\/www.neverstop.se\/fr\/wp-json\/wp\/v2\/media?parent=2744"}],"wp:term":[{"taxonomy":"product_brand","embeddable":true,"href":"https:\/\/www.neverstop.se\/fr\/wp-json\/wp\/v2\/product_brand?post=2744"},{"taxonomy":"product_cat","embeddable":true,"href":"https:\/\/www.neverstop.se\/fr\/wp-json\/wp\/v2\/product_cat?post=2744"},{"taxonomy":"product_tag","embeddable":true,"href":"https:\/\/www.neverstop.se\/fr\/wp-json\/wp\/v2\/product_tag?post=2744"}],"curies":[{"name":"wp","href":"https:\/\/api.w.org\/{rel}","templated":true}]}}