{"id":2534,"date":"2023-05-05T09:31:45","date_gmt":"2023-05-05T07:31:45","guid":{"rendered":"https:\/\/www.neverstop.se\/?post_type=product&#038;p=2534"},"modified":"2023-06-02T09:27:51","modified_gmt":"2023-06-02T07:27:51","slug":"seau-12l-kopia","status":"publish","type":"product","link":"https:\/\/www.neverstop.se\/fr\/produkt\/seau-12l-kopia\/","title":{"rendered":"Seau 12L"},"content":{"rendered":"<p>Seau de qualit\u00e9 robuste mais flexible avec poign\u00e9e de transport facile \u00e0 saisir en m\u00e9tal et en plastique. Parfait dans le m\u00e9nage, mais ne convient pas aux produits chimiques agressifs tels que le chlore.<\/p>\n<p>&nbsp;<\/p>\n","protected":false},"excerpt":{"rendered":"<p>12L<br \/>\n<strong>Taille:<\/strong> 310mm (diam\u00e8tre)<br \/>\n<strong>R\u00e9f: <\/strong>2807<\/p>\n","protected":false},"featured_media":1200,"template":"","meta":{"_acf_changed":false},"product_brand":[],"product_cat":[103,112],"product_tag":[],"class_list":{"0":"post-2534","1":"product","2":"type-product","3":"status-publish","4":"has-post-thumbnail","6":"product_cat-accessoires-de-garage","7":"product_cat-seaux","9":"first","10":"instock","11":"shipping-taxable","12":"purchasable","13":"product-type-variable","14":"has-default-attributes"},"acf":[],"_links":{"self":[{"href":"https:\/\/www.neverstop.se\/fr\/wp-json\/wp\/v2\/product\/2534","targetHints":{"allow":["GET"]}}],"collection":[{"href":"https:\/\/www.neverstop.se\/fr\/wp-json\/wp\/v2\/product"}],"about":[{"href":"https:\/\/www.neverstop.se\/fr\/wp-json\/wp\/v2\/types\/product"}],"wp:featuredmedia":[{"embeddable":true,"href":"https:\/\/www.neverstop.se\/fr\/wp-json\/wp\/v2\/media\/1200"}],"wp:attachment":[{"href":"https:\/\/www.neverstop.se\/fr\/wp-json\/wp\/v2\/media?parent=2534"}],"wp:term":[{"taxonomy":"product_brand","embeddable":true,"href":"https:\/\/www.neverstop.se\/fr\/wp-json\/wp\/v2\/product_brand?post=2534"},{"taxonomy":"product_cat","embeddable":true,"href":"https:\/\/www.neverstop.se\/fr\/wp-json\/wp\/v2\/product_cat?post=2534"},{"taxonomy":"product_tag","embeddable":true,"href":"https:\/\/www.neverstop.se\/fr\/wp-json\/wp\/v2\/product_tag?post=2534"}],"curies":[{"name":"wp","href":"https:\/\/api.w.org\/{rel}","templated":true}]}}