{"id":2458,"date":"2023-05-05T08:58:40","date_gmt":"2023-05-05T06:58:40","guid":{"rendered":"https:\/\/www.neverstop.se\/?post_type=product&#038;p=2458"},"modified":"2023-06-19T16:12:40","modified_gmt":"2023-06-19T14:12:40","slug":"bidon-20l-plastique-kopia","status":"publish","type":"product","link":"https:\/\/www.neverstop.se\/fr\/produkt\/bidon-20l-plastique-kopia\/","title":{"rendered":"Bidon 20L plastique"},"content":{"rendered":"<p>Le jerrican Never Stop de 20 litres est fabriqu\u00e9e en PEHD. Convient pour l\u2019essence, le diesel et l\u2019\u00e9thanol. Le bidon est livr\u00e9e avec un bouchon de s\u00e9curit\u00e9, \u00e9quip\u00e9 de fen\u00eatres de niveau et d\u2019un bec de remplissage avec AutoStop.<\/p>\n<p>Le bec d\u2019AutoStop est dot\u00e9 d\u2019un retardateur de flamme int\u00e9gr\u00e9 qui emp\u00eache le sur remplissage et les explosions de flashback. Le jerrican de 20 litres Never Stop dispose \u00e9galement d\u2019un bouchon de ventilation pour une vidange plus rapide et plus douce et est test\u00e9 et certifi\u00e9 pour une surpression de 250 kPa, \u00e9quivalente \u00e0 2,5 bars.<\/p>\n","protected":false},"excerpt":{"rendered":"<p><strong>Fabriqu\u00e9 : <\/strong>UE<strong><br \/>\nTaille : <\/strong>345 x 195 x 470mm <strong><br \/>\nPoids brut : <\/strong>1320g<strong><br \/>\nCertificat : <\/strong>UN<\/p>\n<p><strong>R\u00e9f :<\/strong> 2620<\/p>\n","protected":false},"featured_media":996,"template":"","meta":{"_acf_changed":false},"product_brand":[],"product_cat":[98,99,109],"product_tag":[],"class_list":{"0":"post-2458","1":"product","2":"type-product","3":"status-publish","4":"has-post-thumbnail","6":"product_cat-bidons-de-carburant","7":"product_cat-jerricans-en-plastique","8":"product_cat-en-mer","10":"first","11":"instock","12":"shipping-taxable","13":"purchasable","14":"product-type-variable","15":"has-default-attributes"},"acf":[],"_links":{"self":[{"href":"https:\/\/www.neverstop.se\/fr\/wp-json\/wp\/v2\/product\/2458","targetHints":{"allow":["GET"]}}],"collection":[{"href":"https:\/\/www.neverstop.se\/fr\/wp-json\/wp\/v2\/product"}],"about":[{"href":"https:\/\/www.neverstop.se\/fr\/wp-json\/wp\/v2\/types\/product"}],"wp:featuredmedia":[{"embeddable":true,"href":"https:\/\/www.neverstop.se\/fr\/wp-json\/wp\/v2\/media\/996"}],"wp:attachment":[{"href":"https:\/\/www.neverstop.se\/fr\/wp-json\/wp\/v2\/media?parent=2458"}],"wp:term":[{"taxonomy":"product_brand","embeddable":true,"href":"https:\/\/www.neverstop.se\/fr\/wp-json\/wp\/v2\/product_brand?post=2458"},{"taxonomy":"product_cat","embeddable":true,"href":"https:\/\/www.neverstop.se\/fr\/wp-json\/wp\/v2\/product_cat?post=2458"},{"taxonomy":"product_tag","embeddable":true,"href":"https:\/\/www.neverstop.se\/fr\/wp-json\/wp\/v2\/product_tag?post=2458"}],"curies":[{"name":"wp","href":"https:\/\/api.w.org\/{rel}","templated":true}]}}