{"id":2411,"date":"2023-05-05T08:28:23","date_gmt":"2023-05-05T06:28:23","guid":{"rendered":"https:\/\/www.neverstop.se\/?post_type=product&#038;p=2411"},"modified":"2023-06-19T16:10:36","modified_gmt":"2023-06-19T14:10:36","slug":"plastbensindunk-5-liter-2","status":"publish","type":"product","link":"https:\/\/www.neverstop.se\/fr\/produkt\/plastbensindunk-5-liter-2\/","title":{"rendered":"Bidon 5L plastique"},"content":{"rendered":"<p>Le bidon de carburant Never Stop de 5 litres est fabriqu\u00e9e en PEHD. Convient pour l\u2019essence, le diesel et l\u2019\u00e9thanol. Le jerrican est livr\u00e9e avec un bouchon de s\u00e9curit\u00e9, \u00e9quip\u00e9 de fen\u00eatres de niveau et d\u2019un bec de remplissage avec AutoStop. Le bec d\u2019AutoStop est dot\u00e9 d\u2019un retardateur de flamme int\u00e9gr\u00e9 qui emp\u00eache le sur remplissage et les explosions de flashback. Le bidon de carburant Never Stop de 5 litres est test\u00e9 et certifi\u00e9 pour une surpression de 250 kPa, soit l\u2019\u00e9quivalent de 2,5 bars.<\/p>\n","protected":false},"excerpt":{"rendered":"<p class=\"p1\"><strong>Fabriqu\u00e9 <\/strong>: EU<span class=\"Apple-converted-space\"><br \/>\n<\/span><strong>Taille <\/strong>: 260 x 138 x 252mm<span class=\"Apple-converted-space\"><br \/>\n<\/span><strong>Poids brut <\/strong>: 460g<span class=\"Apple-converted-space\"><br \/>\n<\/span><strong>Certificat <\/strong>: UN<\/p>\n","protected":false},"featured_media":1000,"template":"","meta":{"_acf_changed":false},"product_brand":[],"product_cat":[98,99,108],"product_tag":[],"class_list":{"0":"post-2411","1":"product","2":"type-product","3":"status-publish","4":"has-post-thumbnail","6":"product_cat-bidons-de-carburant","7":"product_cat-jerricans-en-plastique","8":"product_cat-sur-la-route","10":"first","11":"instock","12":"shipping-taxable","13":"purchasable","14":"product-type-variable","15":"has-default-attributes"},"acf":[],"_links":{"self":[{"href":"https:\/\/www.neverstop.se\/fr\/wp-json\/wp\/v2\/product\/2411","targetHints":{"allow":["GET"]}}],"collection":[{"href":"https:\/\/www.neverstop.se\/fr\/wp-json\/wp\/v2\/product"}],"about":[{"href":"https:\/\/www.neverstop.se\/fr\/wp-json\/wp\/v2\/types\/product"}],"wp:featuredmedia":[{"embeddable":true,"href":"https:\/\/www.neverstop.se\/fr\/wp-json\/wp\/v2\/media\/1000"}],"wp:attachment":[{"href":"https:\/\/www.neverstop.se\/fr\/wp-json\/wp\/v2\/media?parent=2411"}],"wp:term":[{"taxonomy":"product_brand","embeddable":true,"href":"https:\/\/www.neverstop.se\/fr\/wp-json\/wp\/v2\/product_brand?post=2411"},{"taxonomy":"product_cat","embeddable":true,"href":"https:\/\/www.neverstop.se\/fr\/wp-json\/wp\/v2\/product_cat?post=2411"},{"taxonomy":"product_tag","embeddable":true,"href":"https:\/\/www.neverstop.se\/fr\/wp-json\/wp\/v2\/product_tag?post=2411"}],"curies":[{"name":"wp","href":"https:\/\/api.w.org\/{rel}","templated":true}]}}