{"id":2048,"date":"2023-04-18T11:46:01","date_gmt":"2023-04-18T09:46:01","guid":{"rendered":"https:\/\/www.neverstop.se\/?post_type=product&#038;p=2048"},"modified":"2023-04-18T11:49:16","modified_gmt":"2023-04-18T09:49:16","slug":"cle-filtre-a-huile-a-sangle","status":"publish","type":"product","link":"https:\/\/www.neverstop.se\/fr\/produkt\/cle-filtre-a-huile-a-sangle\/","title":{"rendered":"Cl\u00e9 filtre \u00e0 huile \u00e1 sangle"},"content":{"rendered":"","protected":false},"excerpt":{"rendered":"<p><strong>Tailles de filtre :<\/strong> 60 &#8211; 110 mm<\/p>\n<p><strong>Art. No :<\/strong> NS-ST111<\/p>\n","protected":false},"featured_media":2021,"template":"","meta":{"_acf_changed":false},"product_brand":[],"product_cat":[103,110],"product_tag":[],"class_list":{"0":"post-2048","1":"product","2":"type-product","3":"status-publish","4":"has-post-thumbnail","6":"product_cat-accessoires-de-garage","7":"product_cat-changement-dhuile","9":"first","10":"instock","11":"shipping-taxable","12":"product-type-simple"},"acf":[],"_links":{"self":[{"href":"https:\/\/www.neverstop.se\/fr\/wp-json\/wp\/v2\/product\/2048","targetHints":{"allow":["GET"]}}],"collection":[{"href":"https:\/\/www.neverstop.se\/fr\/wp-json\/wp\/v2\/product"}],"about":[{"href":"https:\/\/www.neverstop.se\/fr\/wp-json\/wp\/v2\/types\/product"}],"wp:featuredmedia":[{"embeddable":true,"href":"https:\/\/www.neverstop.se\/fr\/wp-json\/wp\/v2\/media\/2021"}],"wp:attachment":[{"href":"https:\/\/www.neverstop.se\/fr\/wp-json\/wp\/v2\/media?parent=2048"}],"wp:term":[{"taxonomy":"product_brand","embeddable":true,"href":"https:\/\/www.neverstop.se\/fr\/wp-json\/wp\/v2\/product_brand?post=2048"},{"taxonomy":"product_cat","embeddable":true,"href":"https:\/\/www.neverstop.se\/fr\/wp-json\/wp\/v2\/product_cat?post=2048"},{"taxonomy":"product_tag","embeddable":true,"href":"https:\/\/www.neverstop.se\/fr\/wp-json\/wp\/v2\/product_tag?post=2048"}],"curies":[{"name":"wp","href":"https:\/\/api.w.org\/{rel}","templated":true}]}}