{"id":2037,"date":"2023-04-18T11:32:08","date_gmt":"2023-04-18T09:32:08","guid":{"rendered":"https:\/\/www.neverstop.se\/?post_type=product&#038;p=2037"},"modified":"2023-06-19T13:38:20","modified_gmt":"2023-06-19T11:38:20","slug":"cle-a-bougie-telescopique","status":"publish","type":"product","link":"https:\/\/www.neverstop.se\/fr\/produkt\/cle-a-bougie-telescopique\/","title":{"rendered":"Cl\u00e9 \u00e0 bougie t\u00e9lescopique"},"content":{"rendered":"<p>Outil de boulon de roue de haute qualit\u00e9 qui facilite les changements de pneus. Equip\u00e9 de deux prises r\u00e9versibles 17-19 \/ 21-23 mm.<\/p>\n<p>La poign\u00e9e extensible desserre les \u00e9crous de roue les plus r\u00e9sistants.<\/p>\n<p>Sauve votre dos tout en fournissant une grande force. Poign\u00e9e.<\/p>\n","protected":false},"excerpt":{"rendered":"<p><strong>Dimensions des douilles : <\/strong>17, 19, 21, 23 mm<\/p>\n<p><strong>Homologation : <\/strong>approuv\u00e9 GS<\/p>\n<p><strong>R\u00e9f :<\/strong> NS-D004<\/p>\n","protected":false},"featured_media":2044,"template":"","meta":{"_acf_changed":false},"product_brand":[],"product_cat":[136,103],"product_tag":[],"class_list":{"0":"post-2037","1":"product","2":"type-product","3":"status-publish","4":"has-post-thumbnail","6":"product_cat-changement-de-pneus","7":"product_cat-accessoires-de-garage","9":"first","10":"instock","11":"shipping-taxable","12":"product-type-simple"},"acf":[],"_links":{"self":[{"href":"https:\/\/www.neverstop.se\/fr\/wp-json\/wp\/v2\/product\/2037","targetHints":{"allow":["GET"]}}],"collection":[{"href":"https:\/\/www.neverstop.se\/fr\/wp-json\/wp\/v2\/product"}],"about":[{"href":"https:\/\/www.neverstop.se\/fr\/wp-json\/wp\/v2\/types\/product"}],"wp:featuredmedia":[{"embeddable":true,"href":"https:\/\/www.neverstop.se\/fr\/wp-json\/wp\/v2\/media\/2044"}],"wp:attachment":[{"href":"https:\/\/www.neverstop.se\/fr\/wp-json\/wp\/v2\/media?parent=2037"}],"wp:term":[{"taxonomy":"product_brand","embeddable":true,"href":"https:\/\/www.neverstop.se\/fr\/wp-json\/wp\/v2\/product_brand?post=2037"},{"taxonomy":"product_cat","embeddable":true,"href":"https:\/\/www.neverstop.se\/fr\/wp-json\/wp\/v2\/product_cat?post=2037"},{"taxonomy":"product_tag","embeddable":true,"href":"https:\/\/www.neverstop.se\/fr\/wp-json\/wp\/v2\/product_tag?post=2037"}],"curies":[{"name":"wp","href":"https:\/\/api.w.org\/{rel}","templated":true}]}}