{"id":1722,"date":"2022-11-14T14:05:55","date_gmt":"2022-11-14T13:05:55","guid":{"rendered":"http:\/\/neverstop.igomoon.agency\/produkt\/pe-baches-avec-oeillets-et-bords-renforces\/"},"modified":"2023-06-19T14:36:08","modified_gmt":"2023-06-19T12:36:08","slug":"presenning","status":"publish","type":"product","link":"https:\/\/www.neverstop.se\/fr\/produkt\/presenning\/","title":{"rendered":"PE-B\u00e2ches avec \u0153illets et bords renforc\u00e9s"},"content":{"rendered":"<p>B\u00e2che verte en poly\u00e9thyl\u00e8ne (PE). Les b\u00e2ches Never Stop sont imperm\u00e9ables, r\u00e9sistantes aux UV et \u00e0 la d\u00e9chirure. Nos b\u00e2ches sont \u00e9galement \u00e9quip\u00e9es de bords renforc\u00e9s et d\u2019\u0153illets \u00e0 chaque m\u00e8tre afin qu\u2019elles puissent \u00eatre facilement attach\u00e9es par temps venteux. Parfait pour prot\u00e9ger les articles de plein air pendant l\u2019hiver.<\/p>\n","protected":false},"excerpt":{"rendered":"<p>4 x 6m &#8211; 90g\/kvm<br \/>\n<strong>R\u00e9f :<\/strong>\u00a0194-1703C3<\/p>\n","protected":false},"featured_media":1212,"template":"","meta":{"_acf_changed":false},"product_brand":[],"product_cat":[107],"product_tag":[],"class_list":{"0":"post-1722","1":"product","2":"type-product","3":"status-publish","4":"has-post-thumbnail","6":"product_cat-baches","8":"first","9":"instock","10":"shipping-taxable","11":"product-type-simple"},"acf":[],"_links":{"self":[{"href":"https:\/\/www.neverstop.se\/fr\/wp-json\/wp\/v2\/product\/1722","targetHints":{"allow":["GET"]}}],"collection":[{"href":"https:\/\/www.neverstop.se\/fr\/wp-json\/wp\/v2\/product"}],"about":[{"href":"https:\/\/www.neverstop.se\/fr\/wp-json\/wp\/v2\/types\/product"}],"wp:featuredmedia":[{"embeddable":true,"href":"https:\/\/www.neverstop.se\/fr\/wp-json\/wp\/v2\/media\/1212"}],"wp:attachment":[{"href":"https:\/\/www.neverstop.se\/fr\/wp-json\/wp\/v2\/media?parent=1722"}],"wp:term":[{"taxonomy":"product_brand","embeddable":true,"href":"https:\/\/www.neverstop.se\/fr\/wp-json\/wp\/v2\/product_brand?post=1722"},{"taxonomy":"product_cat","embeddable":true,"href":"https:\/\/www.neverstop.se\/fr\/wp-json\/wp\/v2\/product_cat?post=1722"},{"taxonomy":"product_tag","embeddable":true,"href":"https:\/\/www.neverstop.se\/fr\/wp-json\/wp\/v2\/product_tag?post=1722"}],"curies":[{"name":"wp","href":"https:\/\/api.w.org\/{rel}","templated":true}]}}