{"id":1707,"date":"2022-11-09T14:43:51","date_gmt":"2022-11-09T13:43:51","guid":{"rendered":"http:\/\/neverstop.igomoon.agency\/produkt\/disque-durgence-clignotant-en-bordure-de-route\/"},"modified":"2023-06-19T14:26:11","modified_gmt":"2023-06-19T12:26:11","slug":"varningsfyr","status":"publish","type":"product","link":"https:\/\/www.neverstop.se\/fr\/produkt\/varningsfyr\/","title":{"rendered":"Disque clignotant de s\u00e9curit\u00e9"},"content":{"rendered":"<p>Le disque de secours clignotant dispose de 9 modes d\u2019\u00e9clairage diff\u00e9rents, d\u2019une visibilit\u00e9 \u00e0 360 degr\u00e9s jusqu\u2019\u00e0 2 km. Livr\u00e9 avec aimant et crochet. Un must pour la voiture et le nautisme.<\/p>\n","protected":false},"excerpt":{"rendered":"<p>LED Lumi\u00e8re<br \/>\n<strong>Taille :<\/strong> 100mm x 34mm<br \/>\n<strong>Poids brut :<\/strong> 146g<br \/>\n<strong>Batteries :<\/strong> 3 x AAA<br \/>\n<strong>R\u00e9f :<\/strong> NS-0970<\/p>\n","protected":false},"featured_media":1174,"template":"","meta":{"_acf_changed":false},"product_brand":[],"product_cat":[106,108,109],"product_tag":[],"class_list":{"0":"post-1707","1":"product","2":"type-product","3":"status-publish","4":"has-post-thumbnail","6":"product_cat-lampes-de-poche","7":"product_cat-sur-la-route","8":"product_cat-en-mer","10":"first","11":"instock","12":"shipping-taxable","13":"product-type-simple"},"acf":[],"_links":{"self":[{"href":"https:\/\/www.neverstop.se\/fr\/wp-json\/wp\/v2\/product\/1707","targetHints":{"allow":["GET"]}}],"collection":[{"href":"https:\/\/www.neverstop.se\/fr\/wp-json\/wp\/v2\/product"}],"about":[{"href":"https:\/\/www.neverstop.se\/fr\/wp-json\/wp\/v2\/types\/product"}],"wp:featuredmedia":[{"embeddable":true,"href":"https:\/\/www.neverstop.se\/fr\/wp-json\/wp\/v2\/media\/1174"}],"wp:attachment":[{"href":"https:\/\/www.neverstop.se\/fr\/wp-json\/wp\/v2\/media?parent=1707"}],"wp:term":[{"taxonomy":"product_brand","embeddable":true,"href":"https:\/\/www.neverstop.se\/fr\/wp-json\/wp\/v2\/product_brand?post=1707"},{"taxonomy":"product_cat","embeddable":true,"href":"https:\/\/www.neverstop.se\/fr\/wp-json\/wp\/v2\/product_cat?post=1707"},{"taxonomy":"product_tag","embeddable":true,"href":"https:\/\/www.neverstop.se\/fr\/wp-json\/wp\/v2\/product_tag?post=1707"}],"curies":[{"name":"wp","href":"https:\/\/api.w.org\/{rel}","templated":true}]}}