{"id":1706,"date":"2022-11-09T14:35:29","date_gmt":"2022-11-09T13:35:29","guid":{"rendered":"http:\/\/neverstop.igomoon.agency\/produkt\/lampe-de-poche\/"},"modified":"2023-06-19T14:18:47","modified_gmt":"2023-06-19T12:18:47","slug":"ficklampa-med-justerbart-fokus","status":"publish","type":"product","link":"https:\/\/www.neverstop.se\/fr\/produkt\/ficklampa-med-justerbart-fokus\/","title":{"rendered":"Lampe de poche &#8211; mise au point r\u00e9glable"},"content":{"rendered":"<p>Parfait pour un usage quotidien, dans la voiture, \u00e0 la maison, au garage. Mise au point r\u00e9glable, souple et l\u00e9g\u00e8re. Fabriqu\u00e9 en aluminium.<\/p>\n","protected":false},"excerpt":{"rendered":"<p>Lampe de poche &#8211; mise au point r\u00e9glable<\/p>\n<p><strong>Batteries :<\/strong> 2xAA<\/p>\n<p><strong>Sortie : <\/strong>120 lm<\/p>\n<p><strong>R\u00e9f :<\/strong> NS-45571<\/p>\n","protected":false},"featured_media":1168,"template":"","meta":{"_acf_changed":false},"product_brand":[],"product_cat":[106],"product_tag":[],"class_list":{"0":"post-1706","1":"product","2":"type-product","3":"status-publish","4":"has-post-thumbnail","6":"product_cat-lampes-de-poche","8":"first","9":"instock","10":"shipping-taxable","11":"product-type-simple"},"acf":[],"_links":{"self":[{"href":"https:\/\/www.neverstop.se\/fr\/wp-json\/wp\/v2\/product\/1706","targetHints":{"allow":["GET"]}}],"collection":[{"href":"https:\/\/www.neverstop.se\/fr\/wp-json\/wp\/v2\/product"}],"about":[{"href":"https:\/\/www.neverstop.se\/fr\/wp-json\/wp\/v2\/types\/product"}],"wp:featuredmedia":[{"embeddable":true,"href":"https:\/\/www.neverstop.se\/fr\/wp-json\/wp\/v2\/media\/1168"}],"wp:attachment":[{"href":"https:\/\/www.neverstop.se\/fr\/wp-json\/wp\/v2\/media?parent=1706"}],"wp:term":[{"taxonomy":"product_brand","embeddable":true,"href":"https:\/\/www.neverstop.se\/fr\/wp-json\/wp\/v2\/product_brand?post=1706"},{"taxonomy":"product_cat","embeddable":true,"href":"https:\/\/www.neverstop.se\/fr\/wp-json\/wp\/v2\/product_cat?post=1706"},{"taxonomy":"product_tag","embeddable":true,"href":"https:\/\/www.neverstop.se\/fr\/wp-json\/wp\/v2\/product_tag?post=1706"}],"curies":[{"name":"wp","href":"https:\/\/api.w.org\/{rel}","templated":true}]}}