{"id":1705,"date":"2022-11-09T14:39:54","date_gmt":"2022-11-09T13:39:54","guid":{"rendered":"http:\/\/neverstop.igomoon.agency\/produkt\/lampe-frontale\/"},"modified":"2023-06-19T14:12:36","modified_gmt":"2023-06-19T12:12:36","slug":"pannlampa","status":"publish","type":"product","link":"https:\/\/www.neverstop.se\/fr\/produkt\/pannlampa\/","title":{"rendered":"Lampe frontale"},"content":{"rendered":"<p>Lampe frontale \u00e0 quatre lumi\u00e8res. Fabriqu\u00e9 en aluminium avec sangles r\u00e9glables. Illumine 115m et est visible \u00e0 3km. Parfait pour la vie en plein air mais aussi pour le travailleur professionnel qui a besoin de mains libres.<\/p>\n","protected":false},"excerpt":{"rendered":"<p>Lampe frontale<br \/>\n<strong>Batteries :<\/strong> 3 x AAA<br \/>\n<strong>Sortie :<\/strong> 200 lm<br \/>\n<strong>R\u00e9f :<\/strong>\u00a0NS-45591<\/p>\n","protected":false},"featured_media":1172,"template":"","meta":{"_acf_changed":false},"product_brand":[],"product_cat":[106],"product_tag":[],"class_list":{"0":"post-1705","1":"product","2":"type-product","3":"status-publish","4":"has-post-thumbnail","6":"product_cat-lampes-de-poche","8":"first","9":"instock","10":"shipping-taxable","11":"product-type-simple"},"acf":[],"_links":{"self":[{"href":"https:\/\/www.neverstop.se\/fr\/wp-json\/wp\/v2\/product\/1705","targetHints":{"allow":["GET"]}}],"collection":[{"href":"https:\/\/www.neverstop.se\/fr\/wp-json\/wp\/v2\/product"}],"about":[{"href":"https:\/\/www.neverstop.se\/fr\/wp-json\/wp\/v2\/types\/product"}],"wp:featuredmedia":[{"embeddable":true,"href":"https:\/\/www.neverstop.se\/fr\/wp-json\/wp\/v2\/media\/1172"}],"wp:attachment":[{"href":"https:\/\/www.neverstop.se\/fr\/wp-json\/wp\/v2\/media?parent=1705"}],"wp:term":[{"taxonomy":"product_brand","embeddable":true,"href":"https:\/\/www.neverstop.se\/fr\/wp-json\/wp\/v2\/product_brand?post=1705"},{"taxonomy":"product_cat","embeddable":true,"href":"https:\/\/www.neverstop.se\/fr\/wp-json\/wp\/v2\/product_cat?post=1705"},{"taxonomy":"product_tag","embeddable":true,"href":"https:\/\/www.neverstop.se\/fr\/wp-json\/wp\/v2\/product_tag?post=1705"}],"curies":[{"name":"wp","href":"https:\/\/api.w.org\/{rel}","templated":true}]}}