{"id":1671,"date":"2022-11-14T13:35:46","date_gmt":"2022-11-14T12:35:46","guid":{"rendered":"http:\/\/neverstop.igomoon.agency\/produkt\/seau-17l\/"},"modified":"2023-06-19T11:59:04","modified_gmt":"2023-06-19T09:59:04","slug":"hink-17l","status":"publish","type":"product","link":"https:\/\/www.neverstop.se\/fr\/produkt\/hink-17l\/","title":{"rendered":"Seau 17L"},"content":{"rendered":"<p>Fabriqu\u00e9 en poly\u00e9thyl\u00e8ne LD recycl\u00e9, il est r\u00e9sistant aux produits chimiques et tr\u00e8s r\u00e9sistant aux chocs, r\u00e9siste \u00e0 des temp\u00e9ratures comprises entre -40 \u00b0 C et + 75 \u00b0 C.\u00a0 Le seau est lavable en machine. Non approuv\u00e9 pour les aliments.<\/p>\n","protected":false},"excerpt":{"rendered":"<p>17L<\/p>\n<p><strong>Autres sp\u00e9cifications : <\/strong>Disponible en plusieurs couleurs<\/p>\n<p><strong>R\u00e9f :<\/strong>\u00a02820R<\/p>\n","protected":false},"featured_media":1202,"template":"","meta":{"_acf_changed":false},"product_brand":[],"product_cat":[103,112],"product_tag":[],"class_list":{"0":"post-1671","1":"product","2":"type-product","3":"status-publish","4":"has-post-thumbnail","6":"product_cat-accessoires-de-garage","7":"product_cat-seaux","9":"first","10":"instock","11":"shipping-taxable","12":"product-type-simple"},"acf":[],"_links":{"self":[{"href":"https:\/\/www.neverstop.se\/fr\/wp-json\/wp\/v2\/product\/1671","targetHints":{"allow":["GET"]}}],"collection":[{"href":"https:\/\/www.neverstop.se\/fr\/wp-json\/wp\/v2\/product"}],"about":[{"href":"https:\/\/www.neverstop.se\/fr\/wp-json\/wp\/v2\/types\/product"}],"wp:featuredmedia":[{"embeddable":true,"href":"https:\/\/www.neverstop.se\/fr\/wp-json\/wp\/v2\/media\/1202"}],"wp:attachment":[{"href":"https:\/\/www.neverstop.se\/fr\/wp-json\/wp\/v2\/media?parent=1671"}],"wp:term":[{"taxonomy":"product_brand","embeddable":true,"href":"https:\/\/www.neverstop.se\/fr\/wp-json\/wp\/v2\/product_brand?post=1671"},{"taxonomy":"product_cat","embeddable":true,"href":"https:\/\/www.neverstop.se\/fr\/wp-json\/wp\/v2\/product_cat?post=1671"},{"taxonomy":"product_tag","embeddable":true,"href":"https:\/\/www.neverstop.se\/fr\/wp-json\/wp\/v2\/product_tag?post=1671"}],"curies":[{"name":"wp","href":"https:\/\/api.w.org\/{rel}","templated":true}]}}