{"id":1663,"date":"2022-11-14T13:12:54","date_gmt":"2022-11-14T12:12:54","guid":{"rendered":"http:\/\/neverstop.igomoon.agency\/produkt\/jeu-de-4-entonnoirs\/"},"modified":"2023-06-19T16:01:56","modified_gmt":"2023-06-19T14:01:56","slug":"set-med-4-trattar","status":"publish","type":"product","link":"https:\/\/www.neverstop.se\/fr\/produkt\/set-med-4-trattar\/","title":{"rendered":"Jeu de 4 entonnoirs"},"content":{"rendered":"<p>Un ensemble pratique de 4 entonnoirs de diff\u00e9rentes tailles pour \u00e9viter les d\u00e9versements.<\/p>\n","protected":false},"excerpt":{"rendered":"<p><strong>Diam\u00e8tre :<\/strong> 50, 75, 95, 115mm<br \/>\n<strong>Poids net :<\/strong> 80 g<br \/>\n<strong>R\u00e9f :<\/strong>\u00a09314R<\/p>\n","protected":false},"featured_media":1190,"template":"","meta":{"_acf_changed":false},"product_brand":[],"product_cat":[103,111],"product_tag":[],"class_list":{"0":"post-1663","1":"product","2":"type-product","3":"status-publish","4":"has-post-thumbnail","6":"product_cat-accessoires-de-garage","7":"product_cat-entonnoirs","9":"first","10":"instock","11":"shipping-taxable","12":"product-type-simple"},"acf":[],"_links":{"self":[{"href":"https:\/\/www.neverstop.se\/fr\/wp-json\/wp\/v2\/product\/1663","targetHints":{"allow":["GET"]}}],"collection":[{"href":"https:\/\/www.neverstop.se\/fr\/wp-json\/wp\/v2\/product"}],"about":[{"href":"https:\/\/www.neverstop.se\/fr\/wp-json\/wp\/v2\/types\/product"}],"wp:featuredmedia":[{"embeddable":true,"href":"https:\/\/www.neverstop.se\/fr\/wp-json\/wp\/v2\/media\/1190"}],"wp:attachment":[{"href":"https:\/\/www.neverstop.se\/fr\/wp-json\/wp\/v2\/media?parent=1663"}],"wp:term":[{"taxonomy":"product_brand","embeddable":true,"href":"https:\/\/www.neverstop.se\/fr\/wp-json\/wp\/v2\/product_brand?post=1663"},{"taxonomy":"product_cat","embeddable":true,"href":"https:\/\/www.neverstop.se\/fr\/wp-json\/wp\/v2\/product_cat?post=1663"},{"taxonomy":"product_tag","embeddable":true,"href":"https:\/\/www.neverstop.se\/fr\/wp-json\/wp\/v2\/product_tag?post=1663"}],"curies":[{"name":"wp","href":"https:\/\/api.w.org\/{rel}","templated":true}]}}