{"id":1662,"date":"2022-11-14T13:15:41","date_gmt":"2022-11-14T12:15:41","guid":{"rendered":"http:\/\/neverstop.igomoon.agency\/produkt\/entonnoir-avec-bec-flexible\/"},"modified":"2023-06-19T16:03:42","modified_gmt":"2023-06-19T14:03:42","slug":"tratt-med-bojbar-pip","status":"publish","type":"product","link":"https:\/\/www.neverstop.se\/fr\/produkt\/tratt-med-bojbar-pip\/","title":{"rendered":"Entonnoir avec bec flexible"},"content":{"rendered":"<p>Entonnoir avec bec, passoire et anneau anti\u00e9claboussures. Facile \u00e0 utiliser pour \u00e9viter les d\u00e9versements.<\/p>\n","protected":false},"excerpt":{"rendered":"<p><strong>Diam\u00e8tre :<\/strong> 145 mm, bec 390 mm<br \/>\n<strong>Poids net :<\/strong> 88 g<br \/>\n<strong>R\u00e9f :<\/strong> 9309R<\/p>\n","protected":false},"featured_media":1192,"template":"","meta":{"_acf_changed":false},"product_brand":[],"product_cat":[103,109,111],"product_tag":[],"class_list":{"0":"post-1662","1":"product","2":"type-product","3":"status-publish","4":"has-post-thumbnail","6":"product_cat-accessoires-de-garage","7":"product_cat-en-mer","8":"product_cat-entonnoirs","10":"first","11":"instock","12":"shipping-taxable","13":"product-type-simple"},"acf":[],"_links":{"self":[{"href":"https:\/\/www.neverstop.se\/fr\/wp-json\/wp\/v2\/product\/1662","targetHints":{"allow":["GET"]}}],"collection":[{"href":"https:\/\/www.neverstop.se\/fr\/wp-json\/wp\/v2\/product"}],"about":[{"href":"https:\/\/www.neverstop.se\/fr\/wp-json\/wp\/v2\/types\/product"}],"wp:featuredmedia":[{"embeddable":true,"href":"https:\/\/www.neverstop.se\/fr\/wp-json\/wp\/v2\/media\/1192"}],"wp:attachment":[{"href":"https:\/\/www.neverstop.se\/fr\/wp-json\/wp\/v2\/media?parent=1662"}],"wp:term":[{"taxonomy":"product_brand","embeddable":true,"href":"https:\/\/www.neverstop.se\/fr\/wp-json\/wp\/v2\/product_brand?post=1662"},{"taxonomy":"product_cat","embeddable":true,"href":"https:\/\/www.neverstop.se\/fr\/wp-json\/wp\/v2\/product_cat?post=1662"},{"taxonomy":"product_tag","embeddable":true,"href":"https:\/\/www.neverstop.se\/fr\/wp-json\/wp\/v2\/product_tag?post=1662"}],"curies":[{"name":"wp","href":"https:\/\/api.w.org\/{rel}","templated":true}]}}