{"id":1646,"date":"2022-11-14T13:03:12","date_gmt":"2022-11-14T12:03:12","guid":{"rendered":"http:\/\/neverstop.igomoon.agency\/produkt\/bac-a-huile-usagee-17l\/"},"modified":"2023-06-19T11:52:16","modified_gmt":"2023-06-19T09:52:16","slug":"spilloljekarl-17l","status":"publish","type":"product","link":"https:\/\/www.neverstop.se\/fr\/produkt\/spilloljekarl-17l\/","title":{"rendered":"Bac \u00e0 huile usag\u00e9e 17L"},"content":{"rendered":"<p>Le bac de vidange d\u2019huile offre une grande capacit\u00e9 avec ses 17 litres pour la collecte des huiles et des liquides. Simplifie la vidange de la casserole avec des poign\u00e9es appropri\u00e9es et le versement du bec. Convient pour une utilisation dans les garages.  <\/p>\n","protected":false},"excerpt":{"rendered":"<p>17 L<br \/>\nHDPE<\/p>\n","protected":false},"featured_media":1184,"template":"","meta":{"_acf_changed":false},"product_brand":[],"product_cat":[103,110],"product_tag":[],"class_list":{"0":"post-1646","1":"product","2":"type-product","3":"status-publish","4":"has-post-thumbnail","6":"product_cat-accessoires-de-garage","7":"product_cat-changement-dhuile","9":"first","10":"instock","11":"shipping-taxable","12":"purchasable","13":"product-type-variable","14":"has-default-attributes"},"acf":[],"_links":{"self":[{"href":"https:\/\/www.neverstop.se\/fr\/wp-json\/wp\/v2\/product\/1646","targetHints":{"allow":["GET"]}}],"collection":[{"href":"https:\/\/www.neverstop.se\/fr\/wp-json\/wp\/v2\/product"}],"about":[{"href":"https:\/\/www.neverstop.se\/fr\/wp-json\/wp\/v2\/types\/product"}],"wp:featuredmedia":[{"embeddable":true,"href":"https:\/\/www.neverstop.se\/fr\/wp-json\/wp\/v2\/media\/1184"}],"wp:attachment":[{"href":"https:\/\/www.neverstop.se\/fr\/wp-json\/wp\/v2\/media?parent=1646"}],"wp:term":[{"taxonomy":"product_brand","embeddable":true,"href":"https:\/\/www.neverstop.se\/fr\/wp-json\/wp\/v2\/product_brand?post=1646"},{"taxonomy":"product_cat","embeddable":true,"href":"https:\/\/www.neverstop.se\/fr\/wp-json\/wp\/v2\/product_cat?post=1646"},{"taxonomy":"product_tag","embeddable":true,"href":"https:\/\/www.neverstop.se\/fr\/wp-json\/wp\/v2\/product_tag?post=1646"}],"curies":[{"name":"wp","href":"https:\/\/api.w.org\/{rel}","templated":true}]}}