{"id":1645,"date":"2022-11-14T13:09:09","date_gmt":"2022-11-14T12:09:09","guid":{"rendered":"http:\/\/neverstop.igomoon.agency\/produkt\/bidon-dhuile-usagee\/"},"modified":"2023-04-13T08:50:34","modified_gmt":"2023-04-13T06:50:34","slug":"spilloljedunk","status":"publish","type":"product","link":"https:\/\/www.neverstop.se\/fr\/produkt\/spilloljedunk\/","title":{"rendered":"Bidon d\u2019huile usag\u00e9e"},"content":{"rendered":"<p>Le jerrican de vidange Never Stop est con\u00e7u dans un mod\u00e8le plat flexible pour \u00eatre facilement plac\u00e9 sous le carter d\u2019huile afin que l\u2019huile us\u00e9e puisse s\u2019\u00e9couler dans le bidon. Confortable \u00e0 transporter dans la poign\u00e9e et \u00e9quip\u00e9 de trois bouchons diff\u00e9rents qui le rendent facile \u00e0 vider.<\/p>\n","protected":false},"excerpt":{"rendered":"<p>8 litres<br \/>\n<strong>Fabriqu\u00e9<\/strong>: UE<br \/>\n<strong>Taille:<\/strong> 490 x 300 x 125 mm<br \/>\n<strong>Poids brut:<\/strong>\u00a01500 g<br \/>\n<strong>R\u00e9f:<\/strong> 2708<\/p>\n","protected":false},"featured_media":1188,"template":"","meta":{"_acf_changed":false},"product_brand":[],"product_cat":[103,110],"product_tag":[],"class_list":{"0":"post-1645","1":"product","2":"type-product","3":"status-publish","4":"has-post-thumbnail","6":"product_cat-accessoires-de-garage","7":"product_cat-changement-dhuile","9":"first","10":"instock","11":"shipping-taxable","12":"product-type-simple"},"acf":[],"_links":{"self":[{"href":"https:\/\/www.neverstop.se\/fr\/wp-json\/wp\/v2\/product\/1645","targetHints":{"allow":["GET"]}}],"collection":[{"href":"https:\/\/www.neverstop.se\/fr\/wp-json\/wp\/v2\/product"}],"about":[{"href":"https:\/\/www.neverstop.se\/fr\/wp-json\/wp\/v2\/types\/product"}],"wp:featuredmedia":[{"embeddable":true,"href":"https:\/\/www.neverstop.se\/fr\/wp-json\/wp\/v2\/media\/1188"}],"wp:attachment":[{"href":"https:\/\/www.neverstop.se\/fr\/wp-json\/wp\/v2\/media?parent=1645"}],"wp:term":[{"taxonomy":"product_brand","embeddable":true,"href":"https:\/\/www.neverstop.se\/fr\/wp-json\/wp\/v2\/product_brand?post=1645"},{"taxonomy":"product_cat","embeddable":true,"href":"https:\/\/www.neverstop.se\/fr\/wp-json\/wp\/v2\/product_cat?post=1645"},{"taxonomy":"product_tag","embeddable":true,"href":"https:\/\/www.neverstop.se\/fr\/wp-json\/wp\/v2\/product_tag?post=1645"}],"curies":[{"name":"wp","href":"https:\/\/api.w.org\/{rel}","templated":true}]}}