{"id":1626,"date":"2022-11-22T11:30:26","date_gmt":"2022-11-22T10:30:26","guid":{"rendered":"http:\/\/neverstop.igomoon.agency\/produkt\/bidon-deau-poli-20l\/"},"modified":"2023-04-20T09:37:55","modified_gmt":"2023-04-20T07:37:55","slug":"vattendunk-20l","status":"publish","type":"product","link":"https:\/\/www.neverstop.se\/fr\/produkt\/vattendunk-20l\/","title":{"rendered":"Bidon d\u2019eau Poli 20L"},"content":{"rendered":"<p>Transportez votre eau facilement et en douceur ! Ce bidon en plastique pratique est \u00e9quip\u00e9e de li\u00e8ge et de poign\u00e9es de transport. Bidon de qualit\u00e9 alimentaire, fabriqu\u00e9 en poly\u00e9thyl\u00e8ne haute densit\u00e9 (HDPE).<\/p>\n<p>Tap est disponible en tant qu\u2019accessoire.<\/p>\n","protected":false},"excerpt":{"rendered":"<p><strong>Fabriqu\u00e9: <\/strong>UE<strong><br \/>\nTaille: <\/strong>290 x 255 x 390 mm<strong><br \/>\nPoids brut: <\/strong>800g<strong><br \/>\n<\/strong><strong>R\u00e9f:<\/strong> 2720-POLI<\/p>\n","protected":false},"featured_media":1292,"template":"","meta":{"_acf_changed":false},"product_brand":[],"product_cat":[115],"product_tag":[],"class_list":{"0":"post-1626","1":"product","2":"type-product","3":"status-publish","4":"has-post-thumbnail","6":"product_cat-jerricans-deau","8":"first","9":"instock","10":"shipping-taxable","11":"product-type-simple"},"acf":[],"_links":{"self":[{"href":"https:\/\/www.neverstop.se\/fr\/wp-json\/wp\/v2\/product\/1626","targetHints":{"allow":["GET"]}}],"collection":[{"href":"https:\/\/www.neverstop.se\/fr\/wp-json\/wp\/v2\/product"}],"about":[{"href":"https:\/\/www.neverstop.se\/fr\/wp-json\/wp\/v2\/types\/product"}],"wp:featuredmedia":[{"embeddable":true,"href":"https:\/\/www.neverstop.se\/fr\/wp-json\/wp\/v2\/media\/1292"}],"wp:attachment":[{"href":"https:\/\/www.neverstop.se\/fr\/wp-json\/wp\/v2\/media?parent=1626"}],"wp:term":[{"taxonomy":"product_brand","embeddable":true,"href":"https:\/\/www.neverstop.se\/fr\/wp-json\/wp\/v2\/product_brand?post=1626"},{"taxonomy":"product_cat","embeddable":true,"href":"https:\/\/www.neverstop.se\/fr\/wp-json\/wp\/v2\/product_cat?post=1626"},{"taxonomy":"product_tag","embeddable":true,"href":"https:\/\/www.neverstop.se\/fr\/wp-json\/wp\/v2\/product_tag?post=1626"}],"curies":[{"name":"wp","href":"https:\/\/api.w.org\/{rel}","templated":true}]}}