{"id":1625,"date":"2022-11-22T11:27:50","date_gmt":"2022-11-22T10:27:50","guid":{"rendered":"http:\/\/neverstop.igomoon.agency\/produkt\/bidon-deau-poli-10l\/"},"modified":"2023-04-20T09:36:07","modified_gmt":"2023-04-20T07:36:07","slug":"vattendunk-10l","status":"publish","type":"product","link":"https:\/\/www.neverstop.se\/fr\/produkt\/vattendunk-10l\/","title":{"rendered":"Bidon d\u2019eau Poli 10L"},"content":{"rendered":"<p>Transportez votre eau facilement et en douceur ! Ce bidon en plastique pratique est \u00e9quip\u00e9e de li\u00e8ge et de poign\u00e9es de transport. Bidon de qualit\u00e9 alimentaire, fabriqu\u00e9 en poly\u00e9thyl\u00e8ne haute densit\u00e9 (HDPE).<\/p>\n<p>Tap est disponible en tant qu\u2019accessoire.<\/p>\n","protected":false},"excerpt":{"rendered":"<p><strong>Fabriqu\u00e9: <\/strong>UE<\/p>\n<p><strong>Taille: <\/strong>225 x 180 x 315 mm<strong><br \/>\n<\/strong><\/p>\n<p><strong>Poids brut: <\/strong>400g<\/p>\n<p><strong>R\u00e9f.\u00a0<\/strong> 2710-POLI<\/p>\n","protected":false},"featured_media":1290,"template":"","meta":{"_acf_changed":false},"product_brand":[],"product_cat":[115],"product_tag":[],"class_list":{"0":"post-1625","1":"product","2":"type-product","3":"status-publish","4":"has-post-thumbnail","6":"product_cat-jerricans-deau","8":"first","9":"instock","10":"shipping-taxable","11":"product-type-simple"},"acf":[],"_links":{"self":[{"href":"https:\/\/www.neverstop.se\/fr\/wp-json\/wp\/v2\/product\/1625","targetHints":{"allow":["GET"]}}],"collection":[{"href":"https:\/\/www.neverstop.se\/fr\/wp-json\/wp\/v2\/product"}],"about":[{"href":"https:\/\/www.neverstop.se\/fr\/wp-json\/wp\/v2\/types\/product"}],"wp:featuredmedia":[{"embeddable":true,"href":"https:\/\/www.neverstop.se\/fr\/wp-json\/wp\/v2\/media\/1290"}],"wp:attachment":[{"href":"https:\/\/www.neverstop.se\/fr\/wp-json\/wp\/v2\/media?parent=1625"}],"wp:term":[{"taxonomy":"product_brand","embeddable":true,"href":"https:\/\/www.neverstop.se\/fr\/wp-json\/wp\/v2\/product_brand?post=1625"},{"taxonomy":"product_cat","embeddable":true,"href":"https:\/\/www.neverstop.se\/fr\/wp-json\/wp\/v2\/product_cat?post=1625"},{"taxonomy":"product_tag","embeddable":true,"href":"https:\/\/www.neverstop.se\/fr\/wp-json\/wp\/v2\/product_tag?post=1625"}],"curies":[{"name":"wp","href":"https:\/\/api.w.org\/{rel}","templated":true}]}}