{"id":1623,"date":"2022-11-09T11:55:00","date_gmt":"2022-11-09T10:55:00","guid":{"rendered":"http:\/\/neverstop.igomoon.agency\/produkt\/bidon-deau-pliable-20l\/"},"modified":"2023-04-13T10:24:33","modified_gmt":"2023-04-13T08:24:33","slug":"hopfallbar-vattendunk-20l","status":"publish","type":"product","link":"https:\/\/www.neverstop.se\/fr\/produkt\/hopfallbar-vattendunk-20l\/","title":{"rendered":"Bidon d\u2019eau pliable 20L"},"content":{"rendered":"<p>Un bidon d\u2019eau robuste et pliable qui prend un minimum de place car le contenu d\u00e9termine le volume. Il est \u00e9quip\u00e9 d\u2019un robinet. Parfait pour le camping, la voiture ou le bateau.<\/p>\n<p>Le bidon d\u2019eau a \u00e9t\u00e9 produit \u00e0 l\u2019origine pour \u00eatre livr\u00e9 \u00e0 des organisations humanitaires du monde entier. Ils sont con\u00e7us pour r\u00e9sister \u00e0 une chute de deux m\u00e8tres sans \u00e9clater. R\u00e9pond aux exigences de l\u2019ONU et de la Croix-Rouge internationale en mati\u00e8re de force. Fabriqu\u00e9 dans l\u2019UE avec une feuille LDPE approuv\u00e9e par les aliments.<\/p>\n","protected":false},"excerpt":{"rendered":"<p><strong>Fabriqu\u00e9: <\/strong>UE<\/p>\n<p><strong>Taille: <\/strong>325 x 232 x 325 mm<strong><br \/>\n<\/strong><\/p>\n<p><strong>Poids brut: <\/strong>360 g<strong><br \/>\n<\/strong><\/p>\n<p><strong>R\u00e9f: <\/strong>2720-C<\/p>\n","protected":false},"featured_media":1138,"template":"","meta":{"_acf_changed":false},"product_brand":[],"product_cat":[115,109],"product_tag":[],"class_list":{"0":"post-1623","1":"product","2":"type-product","3":"status-publish","4":"has-post-thumbnail","6":"product_cat-jerricans-deau","7":"product_cat-en-mer","9":"first","10":"instock","11":"shipping-taxable","12":"product-type-simple"},"acf":[],"_links":{"self":[{"href":"https:\/\/www.neverstop.se\/fr\/wp-json\/wp\/v2\/product\/1623","targetHints":{"allow":["GET"]}}],"collection":[{"href":"https:\/\/www.neverstop.se\/fr\/wp-json\/wp\/v2\/product"}],"about":[{"href":"https:\/\/www.neverstop.se\/fr\/wp-json\/wp\/v2\/types\/product"}],"wp:featuredmedia":[{"embeddable":true,"href":"https:\/\/www.neverstop.se\/fr\/wp-json\/wp\/v2\/media\/1138"}],"wp:attachment":[{"href":"https:\/\/www.neverstop.se\/fr\/wp-json\/wp\/v2\/media?parent=1623"}],"wp:term":[{"taxonomy":"product_brand","embeddable":true,"href":"https:\/\/www.neverstop.se\/fr\/wp-json\/wp\/v2\/product_brand?post=1623"},{"taxonomy":"product_cat","embeddable":true,"href":"https:\/\/www.neverstop.se\/fr\/wp-json\/wp\/v2\/product_cat?post=1623"},{"taxonomy":"product_tag","embeddable":true,"href":"https:\/\/www.neverstop.se\/fr\/wp-json\/wp\/v2\/product_tag?post=1623"}],"curies":[{"name":"wp","href":"https:\/\/api.w.org\/{rel}","templated":true}]}}