{"id":1620,"date":"2022-11-09T11:20:01","date_gmt":"2022-11-09T10:20:01","guid":{"rendered":"http:\/\/neverstop.igomoon.agency\/produkt\/bidon-deau-rigide-20l\/"},"modified":"2023-04-20T09:15:38","modified_gmt":"2023-04-20T07:15:38","slug":"hard-vattendunk-20l","status":"publish","type":"product","link":"https:\/\/www.neverstop.se\/fr\/produkt\/hard-vattendunk-20l\/","title":{"rendered":"Bidon d\u2019eau rigide 20L"},"content":{"rendered":"<p>Parfait pour le camping et la navigation de plaisance !<\/p>\n<p>Fait de plastique HDPE approuv\u00e9 pour les aliments. Livr\u00e9 avec robinet et bouche d\u2019a\u00e9ration pour une vidange rapide et s\u00fbre. Les bidons peuvent \u00e9galement \u00eatre \u00e9quip\u00e9s d\u2019une pompe manuelle (accessoires suppl\u00e9mentaires) \u00e0 laisser tomber sans soulever la bo\u00eete. A des poign\u00e9es sur la face inf\u00e9rieure du bidon pour une meilleure adh\u00e9rence<\/p>\n","protected":false},"excerpt":{"rendered":"<p><strong>Fabriqu\u00e9: <\/strong>UE<\/p>\n<p><strong>Taille: <\/strong>345 x 195 x 470 mm<strong><br \/>\n<\/strong><\/p>\n<p><strong>Poids brut: <\/strong>1000g<strong><br \/>\n<\/strong><\/p>\n<p><strong>R\u00e9f.<\/strong>\u00a0 2720-H<\/p>\n","protected":false},"featured_media":1128,"template":"","meta":{"_acf_changed":false},"product_brand":[],"product_cat":[115],"product_tag":[],"class_list":{"0":"post-1620","1":"product","2":"type-product","3":"status-publish","4":"has-post-thumbnail","6":"product_cat-jerricans-deau","8":"first","9":"instock","10":"shipping-taxable","11":"product-type-simple"},"acf":[],"_links":{"self":[{"href":"https:\/\/www.neverstop.se\/fr\/wp-json\/wp\/v2\/product\/1620","targetHints":{"allow":["GET"]}}],"collection":[{"href":"https:\/\/www.neverstop.se\/fr\/wp-json\/wp\/v2\/product"}],"about":[{"href":"https:\/\/www.neverstop.se\/fr\/wp-json\/wp\/v2\/types\/product"}],"wp:featuredmedia":[{"embeddable":true,"href":"https:\/\/www.neverstop.se\/fr\/wp-json\/wp\/v2\/media\/1128"}],"wp:attachment":[{"href":"https:\/\/www.neverstop.se\/fr\/wp-json\/wp\/v2\/media?parent=1620"}],"wp:term":[{"taxonomy":"product_brand","embeddable":true,"href":"https:\/\/www.neverstop.se\/fr\/wp-json\/wp\/v2\/product_brand?post=1620"},{"taxonomy":"product_cat","embeddable":true,"href":"https:\/\/www.neverstop.se\/fr\/wp-json\/wp\/v2\/product_cat?post=1620"},{"taxonomy":"product_tag","embeddable":true,"href":"https:\/\/www.neverstop.se\/fr\/wp-json\/wp\/v2\/product_tag?post=1620"}],"curies":[{"name":"wp","href":"https:\/\/api.w.org\/{rel}","templated":true}]}}