{"id":1619,"date":"2022-11-09T11:37:04","date_gmt":"2022-11-09T10:37:04","guid":{"rendered":"http:\/\/neverstop.igomoon.agency\/produkt\/bidon-deau-rigide-10l\/"},"modified":"2023-04-20T09:14:35","modified_gmt":"2023-04-20T07:14:35","slug":"hard-vattendunk-10l","status":"publish","type":"product","link":"https:\/\/www.neverstop.se\/fr\/produkt\/hard-vattendunk-10l\/","title":{"rendered":"Bidon d\u2019eau rigide 10L"},"content":{"rendered":"<p>Parfait pour le camping et la navigation de plaisance !<\/p>\n<p>Fait de plastique HDPE approuv\u00e9 pour les aliments. Livr\u00e9 avec robinet pour une vidange rapide et s\u00fbre. Les bidons peuvent \u00e9galement \u00eatre \u00e9quip\u00e9s d\u2019une pompe manuelle (accessoires suppl\u00e9mentaires) \u00e0 laisser tomber sans soulever la bo\u00eete. A des poign\u00e9es sur la face inf\u00e9rieure du bidon pour une meilleure adh\u00e9rence<\/p>\n","protected":false},"excerpt":{"rendered":"<p><strong>Fabriqu\u00e9: <\/strong>UE<strong><br \/>\n<\/strong><\/p>\n<p><strong>Taille: <\/strong>320 x 186 x 305 mm<strong><br \/>\n<\/strong><\/p>\n<p><strong>Poids brut: <\/strong>840g<\/p>\n<p><strong>R\u00e9f:<\/strong>\u00a0 2710-H<\/p>\n","protected":false},"featured_media":1132,"template":"","meta":{"_acf_changed":false},"product_brand":[],"product_cat":[115,109],"product_tag":[],"class_list":{"0":"post-1619","1":"product","2":"type-product","3":"status-publish","4":"has-post-thumbnail","6":"product_cat-jerricans-deau","7":"product_cat-en-mer","9":"first","10":"instock","11":"shipping-taxable","12":"product-type-simple"},"acf":[],"_links":{"self":[{"href":"https:\/\/www.neverstop.se\/fr\/wp-json\/wp\/v2\/product\/1619","targetHints":{"allow":["GET"]}}],"collection":[{"href":"https:\/\/www.neverstop.se\/fr\/wp-json\/wp\/v2\/product"}],"about":[{"href":"https:\/\/www.neverstop.se\/fr\/wp-json\/wp\/v2\/types\/product"}],"wp:featuredmedia":[{"embeddable":true,"href":"https:\/\/www.neverstop.se\/fr\/wp-json\/wp\/v2\/media\/1132"}],"wp:attachment":[{"href":"https:\/\/www.neverstop.se\/fr\/wp-json\/wp\/v2\/media?parent=1619"}],"wp:term":[{"taxonomy":"product_brand","embeddable":true,"href":"https:\/\/www.neverstop.se\/fr\/wp-json\/wp\/v2\/product_brand?post=1619"},{"taxonomy":"product_cat","embeddable":true,"href":"https:\/\/www.neverstop.se\/fr\/wp-json\/wp\/v2\/product_cat?post=1619"},{"taxonomy":"product_tag","embeddable":true,"href":"https:\/\/www.neverstop.se\/fr\/wp-json\/wp\/v2\/product_tag?post=1619"}],"curies":[{"name":"wp","href":"https:\/\/api.w.org\/{rel}","templated":true}]}}