{"id":1611,"date":"2022-11-09T13:37:09","date_gmt":"2022-11-09T12:37:09","guid":{"rendered":"http:\/\/neverstop.igomoon.agency\/produkt\/attache-de-boucle-de-came\/"},"modified":"2023-06-19T15:00:31","modified_gmt":"2023-06-19T13:00:31","slug":"spannband-2-pack","status":"publish","type":"product","link":"https:\/\/www.neverstop.se\/fr\/produkt\/spannband-2-pack\/","title":{"rendered":"Attache de boucle de came"},"content":{"rendered":"<p>Nos sangles avec verrous \u00e0 cames sont con\u00e7ues pour s\u00e9curiser les charges lourdes et pour garder la charge exempte de rayures. Avec des verrous \u00e0 cames antid\u00e9rapants, le d\u00e9placement de la charge est r\u00e9duit pendant le transport.<\/p>\n","protected":false},"excerpt":{"rendered":"<p><strong>R\u00e9sistance \u00e0 la rupture \/ R\u00e9sistance \u00e0 l\u2019arrimage :<\/strong> 125 kg \/ 250 kg<\/p>\n<p><strong>Autres sp\u00e9cifications :<\/strong> 25mm x 2,5m, Paquet de 2<\/p>\n<p><strong>R\u00e9f :<\/strong>\u00a0NS-001<\/p>\n","protected":false},"featured_media":1144,"template":"","meta":{"_acf_changed":false},"product_brand":[],"product_cat":[104],"product_tag":[],"class_list":{"0":"post-1611","1":"product","2":"type-product","3":"status-publish","4":"has-post-thumbnail","6":"product_cat-remorquage-et-chargement","8":"first","9":"instock","10":"shipping-taxable","11":"product-type-simple"},"acf":[],"_links":{"self":[{"href":"https:\/\/www.neverstop.se\/fr\/wp-json\/wp\/v2\/product\/1611","targetHints":{"allow":["GET"]}}],"collection":[{"href":"https:\/\/www.neverstop.se\/fr\/wp-json\/wp\/v2\/product"}],"about":[{"href":"https:\/\/www.neverstop.se\/fr\/wp-json\/wp\/v2\/types\/product"}],"wp:featuredmedia":[{"embeddable":true,"href":"https:\/\/www.neverstop.se\/fr\/wp-json\/wp\/v2\/media\/1144"}],"wp:attachment":[{"href":"https:\/\/www.neverstop.se\/fr\/wp-json\/wp\/v2\/media?parent=1611"}],"wp:term":[{"taxonomy":"product_brand","embeddable":true,"href":"https:\/\/www.neverstop.se\/fr\/wp-json\/wp\/v2\/product_brand?post=1611"},{"taxonomy":"product_cat","embeddable":true,"href":"https:\/\/www.neverstop.se\/fr\/wp-json\/wp\/v2\/product_cat?post=1611"},{"taxonomy":"product_tag","embeddable":true,"href":"https:\/\/www.neverstop.se\/fr\/wp-json\/wp\/v2\/product_tag?post=1611"}],"curies":[{"name":"wp","href":"https:\/\/api.w.org\/{rel}","templated":true}]}}