{"id":1610,"date":"2022-11-09T13:40:25","date_gmt":"2022-11-09T12:40:25","guid":{"rendered":"http:\/\/neverstop.igomoon.agency\/produkt\/attache-a-cliquet\/"},"modified":"2023-06-19T14:58:34","modified_gmt":"2023-06-19T12:58:34","slug":"spannband-3","status":"publish","type":"product","link":"https:\/\/www.neverstop.se\/fr\/produkt\/spannband-3\/","title":{"rendered":"Attache \u00e0 cliquet"},"content":{"rendered":"<p>Attacher \u00e0 cliquet avec deux crochets en S, adapt\u00e9s \u00e0 l\u2019arrimage de la cargaison pendant le transport, le stockage et contre les vents forts. GS approuv\u00e9.<\/p>\n","protected":false},"excerpt":{"rendered":"<p><strong>R\u00e9sistance \u00e0 la rupture \/ R\u00e9sistance \u00e0 l\u2019arrimage :<\/strong> 250 kg \/ 500 kg<\/p>\n<p><strong>Autres sp\u00e9cifications :<\/strong> 25mm x 5m, 2 crochets en S, poign\u00e9e m\u00e9tallique<\/p>\n<p><strong>R\u00e9f :<\/strong>\u00a0 NS-003B<\/p>\n","protected":false},"featured_media":1146,"template":"","meta":{"_acf_changed":false},"product_brand":[],"product_cat":[104],"product_tag":[],"class_list":{"0":"post-1610","1":"product","2":"type-product","3":"status-publish","4":"has-post-thumbnail","6":"product_cat-remorquage-et-chargement","8":"first","9":"instock","10":"shipping-taxable","11":"product-type-simple"},"acf":[],"_links":{"self":[{"href":"https:\/\/www.neverstop.se\/fr\/wp-json\/wp\/v2\/product\/1610","targetHints":{"allow":["GET"]}}],"collection":[{"href":"https:\/\/www.neverstop.se\/fr\/wp-json\/wp\/v2\/product"}],"about":[{"href":"https:\/\/www.neverstop.se\/fr\/wp-json\/wp\/v2\/types\/product"}],"wp:featuredmedia":[{"embeddable":true,"href":"https:\/\/www.neverstop.se\/fr\/wp-json\/wp\/v2\/media\/1146"}],"wp:attachment":[{"href":"https:\/\/www.neverstop.se\/fr\/wp-json\/wp\/v2\/media?parent=1610"}],"wp:term":[{"taxonomy":"product_brand","embeddable":true,"href":"https:\/\/www.neverstop.se\/fr\/wp-json\/wp\/v2\/product_brand?post=1610"},{"taxonomy":"product_cat","embeddable":true,"href":"https:\/\/www.neverstop.se\/fr\/wp-json\/wp\/v2\/product_cat?post=1610"},{"taxonomy":"product_tag","embeddable":true,"href":"https:\/\/www.neverstop.se\/fr\/wp-json\/wp\/v2\/product_tag?post=1610"}],"curies":[{"name":"wp","href":"https:\/\/api.w.org\/{rel}","templated":true}]}}