{"id":1607,"date":"2022-11-09T13:46:08","date_gmt":"2022-11-09T12:46:08","guid":{"rendered":"http:\/\/neverstop.igomoon.agency\/produkt\/corde-de-remorquage\/"},"modified":"2023-06-19T14:52:18","modified_gmt":"2023-06-19T12:52:18","slug":"bogserlina","status":"publish","type":"product","link":"https:\/\/www.neverstop.se\/fr\/produkt\/bogserlina\/","title":{"rendered":"Corde de remorquage"},"content":{"rendered":"<p>Longueur : 4.0 m. \u00a0Boucle \u00e0 une extr\u00e9mit\u00e9 et manille \u00e0 l\u2019autre. Comprend un drapeau d\u2019avertissement rouge.<\/p>\n","protected":false},"excerpt":{"rendered":"<p><strong>R\u00e9sistance \u00e0 l\u2019arrimage :<\/strong> 4 tonnes<\/p>\n<p><strong>R\u00e9f :\u00a0<\/strong> NS-6103-4T<\/p>\n","protected":false},"featured_media":1150,"template":"","meta":{"_acf_changed":false},"product_brand":[],"product_cat":[104],"product_tag":[],"class_list":{"0":"post-1607","1":"product","2":"type-product","3":"status-publish","4":"has-post-thumbnail","6":"product_cat-remorquage-et-chargement","8":"first","9":"instock","10":"shipping-taxable","11":"product-type-simple"},"acf":[],"_links":{"self":[{"href":"https:\/\/www.neverstop.se\/fr\/wp-json\/wp\/v2\/product\/1607","targetHints":{"allow":["GET"]}}],"collection":[{"href":"https:\/\/www.neverstop.se\/fr\/wp-json\/wp\/v2\/product"}],"about":[{"href":"https:\/\/www.neverstop.se\/fr\/wp-json\/wp\/v2\/types\/product"}],"wp:featuredmedia":[{"embeddable":true,"href":"https:\/\/www.neverstop.se\/fr\/wp-json\/wp\/v2\/media\/1150"}],"wp:attachment":[{"href":"https:\/\/www.neverstop.se\/fr\/wp-json\/wp\/v2\/media?parent=1607"}],"wp:term":[{"taxonomy":"product_brand","embeddable":true,"href":"https:\/\/www.neverstop.se\/fr\/wp-json\/wp\/v2\/product_brand?post=1607"},{"taxonomy":"product_cat","embeddable":true,"href":"https:\/\/www.neverstop.se\/fr\/wp-json\/wp\/v2\/product_cat?post=1607"},{"taxonomy":"product_tag","embeddable":true,"href":"https:\/\/www.neverstop.se\/fr\/wp-json\/wp\/v2\/product_tag?post=1607"}],"curies":[{"name":"wp","href":"https:\/\/api.w.org\/{rel}","templated":true}]}}