{"id":1582,"date":"2022-11-22T11:15:58","date_gmt":"2022-11-22T10:15:58","guid":{"rendered":"http:\/\/neverstop.igomoon.agency\/produkt\/bidon-de-carburant-combine\/"},"modified":"2023-06-19T16:15:46","modified_gmt":"2023-06-19T14:15:46","slug":"kombidunk","status":"publish","type":"product","link":"https:\/\/www.neverstop.se\/fr\/produkt\/kombidunk\/","title":{"rendered":"Bidon de carburant combin\u00e9"},"content":{"rendered":"<p>Un grand bidon combi qui contient \u00e0 la fois 5 litres de carburant et 2,5 litres d\u2019huile. Avec une grande poign\u00e9e qui le rend facile \u00e0 transporter. Livr\u00e9 avec bec de remplissage flexible. Approuv\u00e9 selon l\u2019ONU.<\/p>\n","protected":false},"excerpt":{"rendered":"<p><strong>Fabriqu\u00e9 : <\/strong>UE<\/p>\n<p><strong>Poids brut : <\/strong>1000 g<\/p>\n<p><strong>Certificat : <\/strong>UN<\/p>\n<p><strong>Couleur\u00a0:\u00a0<\/strong>\u00a0Rouge<\/p>\n<p><strong>R\u00e9f : <\/strong>2608<\/p>\n","protected":false},"featured_media":1879,"template":"","meta":{"_acf_changed":false},"product_brand":[],"product_cat":[98,102],"product_tag":[],"class_list":{"0":"post-1582","1":"product","2":"type-product","3":"status-publish","4":"has-post-thumbnail","6":"product_cat-bidons-de-carburant","7":"product_cat-bidon-de-carburant-combine","9":"first","10":"instock","11":"shipping-taxable","12":"product-type-simple"},"acf":[],"_links":{"self":[{"href":"https:\/\/www.neverstop.se\/fr\/wp-json\/wp\/v2\/product\/1582","targetHints":{"allow":["GET"]}}],"collection":[{"href":"https:\/\/www.neverstop.se\/fr\/wp-json\/wp\/v2\/product"}],"about":[{"href":"https:\/\/www.neverstop.se\/fr\/wp-json\/wp\/v2\/types\/product"}],"wp:featuredmedia":[{"embeddable":true,"href":"https:\/\/www.neverstop.se\/fr\/wp-json\/wp\/v2\/media\/1879"}],"wp:attachment":[{"href":"https:\/\/www.neverstop.se\/fr\/wp-json\/wp\/v2\/media?parent=1582"}],"wp:term":[{"taxonomy":"product_brand","embeddable":true,"href":"https:\/\/www.neverstop.se\/fr\/wp-json\/wp\/v2\/product_brand?post=1582"},{"taxonomy":"product_cat","embeddable":true,"href":"https:\/\/www.neverstop.se\/fr\/wp-json\/wp\/v2\/product_cat?post=1582"},{"taxonomy":"product_tag","embeddable":true,"href":"https:\/\/www.neverstop.se\/fr\/wp-json\/wp\/v2\/product_tag?post=1582"}],"curies":[{"name":"wp","href":"https:\/\/api.w.org\/{rel}","templated":true}]}}