{"id":1561,"date":"2022-11-14T16:03:09","date_gmt":"2022-11-14T15:03:09","guid":{"rendered":"http:\/\/neverstop.igomoon.agency\/produkt\/bec-de-recharge-pour-liquide-lave-glace\/"},"modified":"2023-06-21T10:34:06","modified_gmt":"2023-06-21T08:34:06","slug":"pafyllningspipar-for-spolarvatska","status":"publish","type":"product","link":"https:\/\/www.neverstop.se\/fr\/produkt\/pafyllningspipar-for-spolarvatska\/","title":{"rendered":"Bec de remplissage pour liquide lave-glace"},"content":{"rendered":"<p>Ce bec s\u2019adapte \u00e0 la plupart des bidons de liquide lave-glace de 4 litres et facilite le remplissage et \u00e9vite les d\u00e9versements inutiles. Le bec est disponible avec ou sans fonction AutoStop.<\/p>\n","protected":false},"excerpt":{"rendered":"<p><strong>Fabriqu\u00e9 :\u00a0<\/strong> UE<\/p>\n<p><strong>R\u00e9f :<\/strong>\u00a010286-3<\/p>\n","protected":false},"featured_media":1274,"template":"","meta":{"_acf_changed":false},"product_brand":[],"product_cat":[98,101],"product_tag":[],"class_list":{"0":"post-1561","1":"product","2":"type-product","3":"status-publish","4":"has-post-thumbnail","6":"product_cat-bidons-de-carburant","7":"product_cat-accessoires-et-pieces-de-rechange","9":"first","10":"instock","11":"shipping-taxable","12":"product-type-simple"},"acf":[],"_links":{"self":[{"href":"https:\/\/www.neverstop.se\/fr\/wp-json\/wp\/v2\/product\/1561","targetHints":{"allow":["GET"]}}],"collection":[{"href":"https:\/\/www.neverstop.se\/fr\/wp-json\/wp\/v2\/product"}],"about":[{"href":"https:\/\/www.neverstop.se\/fr\/wp-json\/wp\/v2\/types\/product"}],"wp:featuredmedia":[{"embeddable":true,"href":"https:\/\/www.neverstop.se\/fr\/wp-json\/wp\/v2\/media\/1274"}],"wp:attachment":[{"href":"https:\/\/www.neverstop.se\/fr\/wp-json\/wp\/v2\/media?parent=1561"}],"wp:term":[{"taxonomy":"product_brand","embeddable":true,"href":"https:\/\/www.neverstop.se\/fr\/wp-json\/wp\/v2\/product_brand?post=1561"},{"taxonomy":"product_cat","embeddable":true,"href":"https:\/\/www.neverstop.se\/fr\/wp-json\/wp\/v2\/product_cat?post=1561"},{"taxonomy":"product_tag","embeddable":true,"href":"https:\/\/www.neverstop.se\/fr\/wp-json\/wp\/v2\/product_tag?post=1561"}],"curies":[{"name":"wp","href":"https:\/\/api.w.org\/{rel}","templated":true}]}}