{"id":1560,"date":"2022-11-14T16:00:13","date_gmt":"2022-11-14T15:00:13","guid":{"rendered":"http:\/\/neverstop.igomoon.agency\/produkt\/bec-de-recharge-pour-boites-en-acier\/"},"modified":"2023-06-21T10:35:23","modified_gmt":"2023-06-21T08:35:23","slug":"pafyllningspip-for-platdunk","status":"publish","type":"product","link":"https:\/\/www.neverstop.se\/fr\/produkt\/pafyllningspip-for-platdunk\/","title":{"rendered":"Bec de remplissage pour jerricans en m\u00e9tal"},"content":{"rendered":"<p>Convient Never Stop jerricans en m\u00e9tal 10 litres et 20 litres. Fabriqu\u00e9 en acier avec tuyau en plastique flexible. Filtre int\u00e9gr\u00e9 qui prot\u00e8ge le r\u00e9servoir de la salet\u00e9.<\/p>\n","protected":false},"excerpt":{"rendered":"<p><strong>Fabriqu\u00e9 : <\/strong>UE<\/p>\n<p><strong>R\u00e9f :<\/strong>\u00a0 3001<\/p>\n","protected":false},"featured_media":1272,"template":"","meta":{"_acf_changed":false},"product_brand":[],"product_cat":[98,101],"product_tag":[],"class_list":{"0":"post-1560","1":"product","2":"type-product","3":"status-publish","4":"has-post-thumbnail","6":"product_cat-bidons-de-carburant","7":"product_cat-accessoires-et-pieces-de-rechange","9":"first","10":"instock","11":"shipping-taxable","12":"product-type-simple"},"acf":[],"_links":{"self":[{"href":"https:\/\/www.neverstop.se\/fr\/wp-json\/wp\/v2\/product\/1560","targetHints":{"allow":["GET"]}}],"collection":[{"href":"https:\/\/www.neverstop.se\/fr\/wp-json\/wp\/v2\/product"}],"about":[{"href":"https:\/\/www.neverstop.se\/fr\/wp-json\/wp\/v2\/types\/product"}],"wp:featuredmedia":[{"embeddable":true,"href":"https:\/\/www.neverstop.se\/fr\/wp-json\/wp\/v2\/media\/1272"}],"wp:attachment":[{"href":"https:\/\/www.neverstop.se\/fr\/wp-json\/wp\/v2\/media?parent=1560"}],"wp:term":[{"taxonomy":"product_brand","embeddable":true,"href":"https:\/\/www.neverstop.se\/fr\/wp-json\/wp\/v2\/product_brand?post=1560"},{"taxonomy":"product_cat","embeddable":true,"href":"https:\/\/www.neverstop.se\/fr\/wp-json\/wp\/v2\/product_cat?post=1560"},{"taxonomy":"product_tag","embeddable":true,"href":"https:\/\/www.neverstop.se\/fr\/wp-json\/wp\/v2\/product_tag?post=1560"}],"curies":[{"name":"wp","href":"https:\/\/api.w.org\/{rel}","templated":true}]}}