{"id":1559,"date":"2022-11-14T15:57:24","date_gmt":"2022-11-14T14:57:24","guid":{"rendered":"http:\/\/neverstop.igomoon.agency\/produkt\/bec-de-recharge-avec-autostop-arret-automatique\/"},"modified":"2023-06-21T10:34:50","modified_gmt":"2023-06-21T08:34:50","slug":"pafyllningspip-med-autostop","status":"publish","type":"product","link":"https:\/\/www.neverstop.se\/fr\/produkt\/pafyllningspip-med-autostop\/","title":{"rendered":"Bec de remplissage avec \u00ab AutoStop \u00bb arr\u00eat automatique"},"content":{"rendered":"<p>Les becs de remplissage Never Stop emp\u00eachent les explosions de flashback, les d\u00e9versements inutiles et le remplissage excessif. La fonction AutoStop contrecarre le remplissage excessif en fermant une vanne et en arr\u00eatant le d\u00e9bit lorsque le r\u00e9servoir est plein. Le pare-flamme int\u00e9gr\u00e9 \u00e9vite les explosions de retour de flamme lorsque des \u00e9tincelles, qui peuvent se produire lorsque du carburant est vers\u00e9 sur le feu, enflamment les vapeurs autour du bidon de carburant, provoquant une explosion.<\/p>\n<p><iframe loading=\"lazy\" title=\"YouTube video player\" src=\"https:\/\/www.youtube.com\/embed\/w7lOIMv9GGU\" width=\"560\" height=\"315\" frameborder=\"0\" allowfullscreen=\"allowfullscreen\"><\/iframe><\/p>\n","protected":false},"excerpt":{"rendered":"<p><strong>Fabriqu\u00e9 :<\/strong> UE<\/p>\n<p><strong>R\u00e9f :<\/strong>\u00a03055<\/p>\n","protected":false},"featured_media":1270,"template":"","meta":{"_acf_changed":false},"product_brand":[],"product_cat":[98,101],"product_tag":[],"class_list":{"0":"post-1559","1":"product","2":"type-product","3":"status-publish","4":"has-post-thumbnail","6":"product_cat-bidons-de-carburant","7":"product_cat-accessoires-et-pieces-de-rechange","9":"first","10":"instock","11":"shipping-taxable","12":"product-type-simple"},"acf":[],"_links":{"self":[{"href":"https:\/\/www.neverstop.se\/fr\/wp-json\/wp\/v2\/product\/1559","targetHints":{"allow":["GET"]}}],"collection":[{"href":"https:\/\/www.neverstop.se\/fr\/wp-json\/wp\/v2\/product"}],"about":[{"href":"https:\/\/www.neverstop.se\/fr\/wp-json\/wp\/v2\/types\/product"}],"wp:featuredmedia":[{"embeddable":true,"href":"https:\/\/www.neverstop.se\/fr\/wp-json\/wp\/v2\/media\/1270"}],"wp:attachment":[{"href":"https:\/\/www.neverstop.se\/fr\/wp-json\/wp\/v2\/media?parent=1559"}],"wp:term":[{"taxonomy":"product_brand","embeddable":true,"href":"https:\/\/www.neverstop.se\/fr\/wp-json\/wp\/v2\/product_brand?post=1559"},{"taxonomy":"product_cat","embeddable":true,"href":"https:\/\/www.neverstop.se\/fr\/wp-json\/wp\/v2\/product_cat?post=1559"},{"taxonomy":"product_tag","embeddable":true,"href":"https:\/\/www.neverstop.se\/fr\/wp-json\/wp\/v2\/product_tag?post=1559"}],"curies":[{"name":"wp","href":"https:\/\/api.w.org\/{rel}","templated":true}]}}