{"id":1558,"date":"2022-11-14T15:48:15","date_gmt":"2022-11-14T14:48:15","guid":{"rendered":"http:\/\/neverstop.igomoon.agency\/produkt\/pompe-pour-boites-metalliques\/"},"modified":"2023-06-19T15:38:55","modified_gmt":"2023-06-19T13:38:55","slug":"pump-for-jeepdunkar","status":"publish","type":"product","link":"https:\/\/www.neverstop.se\/fr\/produkt\/pump-for-jeepdunkar\/","title":{"rendered":"Pompe pour jerricans m\u00e9tal"},"content":{"rendered":"<p>Plus besoin de soulever des charges lourdes et de renverser! Nous offrons des pompes manuelles pour les bidons de m\u00e9tal de 20L ainsi que les bidons en plastique de 20L. Les pompes sont connect\u00e9es au tube de remplissage. Le pompage produit une surpression dans le bidon, for\u00e7ant le fluide \u00e0 sortir \u00e0 travers le tuyau. Appuyer sur une vanne sur le tuyau peut arr\u00eater l\u2019\u00e9coulement. Les pompes sont \u00e9galement \u00e9quip\u00e9es d\u2019une cr\u00e9pine pour nettoyer les impuret\u00e9s dans le liquide.<\/p>\n","protected":false},"excerpt":{"rendered":"<p><strong>Fabriqu\u00e9 : <\/strong>Su\u00e8de<\/p>\n<p><strong>R\u00e9f : <\/strong>3003<\/p>\n","protected":false},"featured_media":1258,"template":"","meta":{"_acf_changed":false},"product_brand":[],"product_cat":[98,101,109],"product_tag":[],"class_list":{"0":"post-1558","1":"product","2":"type-product","3":"status-publish","4":"has-post-thumbnail","6":"product_cat-bidons-de-carburant","7":"product_cat-accessoires-et-pieces-de-rechange","8":"product_cat-en-mer","10":"first","11":"instock","12":"shipping-taxable","13":"product-type-simple"},"acf":[],"_links":{"self":[{"href":"https:\/\/www.neverstop.se\/fr\/wp-json\/wp\/v2\/product\/1558","targetHints":{"allow":["GET"]}}],"collection":[{"href":"https:\/\/www.neverstop.se\/fr\/wp-json\/wp\/v2\/product"}],"about":[{"href":"https:\/\/www.neverstop.se\/fr\/wp-json\/wp\/v2\/types\/product"}],"wp:featuredmedia":[{"embeddable":true,"href":"https:\/\/www.neverstop.se\/fr\/wp-json\/wp\/v2\/media\/1258"}],"wp:attachment":[{"href":"https:\/\/www.neverstop.se\/fr\/wp-json\/wp\/v2\/media?parent=1558"}],"wp:term":[{"taxonomy":"product_brand","embeddable":true,"href":"https:\/\/www.neverstop.se\/fr\/wp-json\/wp\/v2\/product_brand?post=1558"},{"taxonomy":"product_cat","embeddable":true,"href":"https:\/\/www.neverstop.se\/fr\/wp-json\/wp\/v2\/product_cat?post=1558"},{"taxonomy":"product_tag","embeddable":true,"href":"https:\/\/www.neverstop.se\/fr\/wp-json\/wp\/v2\/product_tag?post=1558"}],"curies":[{"name":"wp","href":"https:\/\/api.w.org\/{rel}","templated":true}]}}