{"id":1553,"date":"2022-11-14T15:29:29","date_gmt":"2022-11-14T14:29:29","guid":{"rendered":"http:\/\/neverstop.igomoon.agency\/produkt\/jerrican-metal-10l\/"},"modified":"2023-06-19T16:14:55","modified_gmt":"2023-06-19T14:14:55","slug":"jeepdunk-10l","status":"publish","type":"product","link":"https:\/\/www.neverstop.se\/fr\/produkt\/jeepdunk-10l\/","title":{"rendered":"Jerrican m\u00e9tal 10L"},"content":{"rendered":"<p>&#8211; Joints r\u00e9sistants aux liquides et antifuite.<\/p>\n<p>&#8211; 0,8mm \u00e9paisseur de m\u00e9tal du corps.<\/p>\n<p>&#8211; La goupille de verrouillage brevet\u00e9e et la fermeture \u00e0 ba\u00efonnette offrent une utilisation et un transport plus s\u00fbrs.<\/p>\n<p>&#8211; Le canal respiratoire large permet une vidange pratique et rapide en moins de 15 secondes.<\/p>\n<p>&#8211; La triple poign\u00e9e permet un stockage et un transport faciles, prend en charge deux hommes portant et transf\u00e9rant de main en main.<\/p>\n","protected":false},"excerpt":{"rendered":"<p><strong>Fabriqu\u00e9 : UE<br \/>\nTaille : <\/strong>345 x 165 x 275 mm<strong><br \/>\nPoids brut : 3kg<br \/>\nCertificat : GS &#8211; UN <\/strong><\/p>\n<p><strong>Couleur\u00a0:\u00a0\u00a0<\/strong><\/p>\n<p>Rouge (RAL 3000)<\/p>\n<p><strong>R\u00e9f : <\/strong>1010<\/p>\n","protected":false},"featured_media":2291,"template":"","meta":{"_acf_changed":false},"product_brand":[],"product_cat":[98,100],"product_tag":[],"class_list":{"0":"post-1553","1":"product","2":"type-product","3":"status-publish","4":"has-post-thumbnail","6":"product_cat-bidons-de-carburant","7":"product_cat-jerricans-en-metal","9":"first","10":"instock","11":"shipping-taxable","12":"product-type-simple"},"acf":[],"_links":{"self":[{"href":"https:\/\/www.neverstop.se\/fr\/wp-json\/wp\/v2\/product\/1553","targetHints":{"allow":["GET"]}}],"collection":[{"href":"https:\/\/www.neverstop.se\/fr\/wp-json\/wp\/v2\/product"}],"about":[{"href":"https:\/\/www.neverstop.se\/fr\/wp-json\/wp\/v2\/types\/product"}],"wp:featuredmedia":[{"embeddable":true,"href":"https:\/\/www.neverstop.se\/fr\/wp-json\/wp\/v2\/media\/2291"}],"wp:attachment":[{"href":"https:\/\/www.neverstop.se\/fr\/wp-json\/wp\/v2\/media?parent=1553"}],"wp:term":[{"taxonomy":"product_brand","embeddable":true,"href":"https:\/\/www.neverstop.se\/fr\/wp-json\/wp\/v2\/product_brand?post=1553"},{"taxonomy":"product_cat","embeddable":true,"href":"https:\/\/www.neverstop.se\/fr\/wp-json\/wp\/v2\/product_cat?post=1553"},{"taxonomy":"product_tag","embeddable":true,"href":"https:\/\/www.neverstop.se\/fr\/wp-json\/wp\/v2\/product_tag?post=1553"}],"curies":[{"name":"wp","href":"https:\/\/api.w.org\/{rel}","templated":true}]}}