{"id":1462,"date":"2022-08-03T08:26:07","date_gmt":"2022-08-03T06:26:07","guid":{"rendered":"http:\/\/neverstop.igomoon.agency\/?page_id=1462"},"modified":"2023-06-07T14:39:01","modified_gmt":"2023-06-07T12:39:01","slug":"vous-pouvez-nous-trouver","status":"publish","type":"page","link":"https:\/\/www.neverstop.se\/fr\/vous-pouvez-nous-trouver\/","title":{"rendered":""},"content":{"rendered":"\n<div class=\"wp-block-genesis-blocks-gb-container inside gb-block-container\"><div class=\"gb-container-inside\"><div class=\"gb-container-content\">\n<p class=\"has-text-align-center\"><strong><mark style=\"background-color:#f6f48e\" class=\"has-inline-color has-black-color\">Veuillez noter que nous ne vendons que par l\u2019interm\u00e9diaire de d\u00e9taillants. <a href=\"#af\">Cliquez ici<\/a> pour trouver quelques-uns de nos d\u00e9taillants en Scandinavie.<\/mark><\/strong><\/p>\n\n\n\n<p class=\"has-text-align-center\">Si vous avez des questions ou des commentaires sur nos produits, vous \u00eates toujours les bienvenus de nous contacter. Le moyen le plus simple de joindre le service \u00e0 la client\u00e8le est par courriel cs.swe@malmarks.com ou par t\u00e9l\u00e9phone (voir ci-dessous).<\/p>\n\n\n\n<p class=\"has-text-align-center\"><\/p>\n\n\n\t\t<div\n            id=\"wpmapblock_6f7f3a92\"\n            data-settings='{&quot;map_marker&quot;:[{&quot;lat&quot;:&quot;59.315882&quot;,&quot;lng&quot;:&quot;18.163469&quot;,&quot;title&quot;:&quot;M\\u00e5lmarks International AB&quot;,&quot;content&quot;:&quot;Nacka&quot;,&quot;iconType&quot;:&quot;custom&quot;,&quot;customIconUrl&quot;:&quot;https:\\\/\\\/www.neverstop.se\\\/wp-content\\\/uploads\\\/droppe.png&quot;,&quot;customIconWidth&quot;:&quot;44&quot;,&quot;customIconHeight&quot;:&quot;40&quot;}],&quot;map_zoom&quot;:&quot;16&quot;,&quot;scroll_wheel_zoom&quot;:false,&quot;map_type&quot;:&quot;OSM&quot;,&quot;center_index&quot;:0}'\n            class=\"wpmapblockrender\"\n            style=\"\n\t\t\twidth: 100%;\n\t\t\theight: 500px;\n\t\t\"\n            >\n        <\/div>\n        \n\n\n<div class=\"wp-block-columns is-layout-flex wp-container-core-columns-is-layout-9d6595d7 wp-block-columns-is-layout-flex\">\n<div class=\"wp-block-column is-layout-flow wp-block-column-is-layout-flow\">\n<h3 class=\"wp-block-heading\">Adresse du visiteur<\/h3>\n\n\n\n<p>M\u00e5lmarks International AB<br>Cylinderv\u00e4gen 12<br>131 52 Nacka Strand<br>Central t\u00e9l\u00e9phonique&nbsp;: +46 (0) 8 546 900 50<br>Heures d\u2019ouverture&nbsp;: 0830-1600<\/p>\n\n\n\n<p><strong><mark style=\"background-color:#f6f59e\" class=\"has-inline-color\">Veuillez noter : Nous n\u2019avons pas de magasin de d\u00e9tail<\/mark><\/strong><\/p>\n<\/div>\n\n\n\n<div class=\"wp-block-column is-layout-flow wp-block-column-is-layout-flow\">\n<h3 class=\"wp-block-heading\">Adresse postale<\/h3>\n\n\n\n<p>M\u00e5lmarks International AB<br>Box 1216<br>131 28 Nacka Strand<\/p>\n<\/div>\n\n\n\n<div class=\"wp-block-column is-layout-flow wp-block-column-is-layout-flow\"><\/div>\n<\/div>\n<\/div><\/div><\/div>\n\n\n\n<div class=\"wp-block-genesis-blocks-gb-container greensection gb-block-container\"><div class=\"gb-container-inside\"><div class=\"gb-container-content\">\n<div class=\"wp-block-columns inside is-layout-flex wp-container-core-columns-is-layout-9d6595d7 wp-block-columns-is-layout-flex\">\n<div class=\"wp-block-column grayform is-layout-flow wp-block-column-is-layout-flow\" style=\"flex-basis:66.66%\">\n<h3 class=\"wp-block-heading\">ContaCTEZ-NOUS<\/h3>\n\n\n\n<div class=\"wpcf7 no-js\" id=\"wpcf7-f1466-o1\" lang=\"fr-FR\" dir=\"ltr\" data-wpcf7-id=\"1466\">\n<div class=\"screen-reader-response\"><p role=\"status\" aria-live=\"polite\" aria-atomic=\"true\"><\/p> <ul><\/ul><\/div>\n<form action=\"\/fr\/wp-json\/wp\/v2\/pages\/1462#wpcf7-f1466-o1\" method=\"post\" class=\"wpcf7-form init\" aria-label=\"Formulaire de contact\" novalidate=\"novalidate\" data-status=\"init\">\n<fieldset class=\"hidden-fields-container\"><input type=\"hidden\" name=\"_wpcf7\" value=\"1466\" \/><input type=\"hidden\" name=\"_wpcf7_version\" value=\"6.1.4\" \/><input type=\"hidden\" name=\"_wpcf7_locale\" value=\"fr_FR\" \/><input type=\"hidden\" name=\"_wpcf7_unit_tag\" value=\"wpcf7-f1466-o1\" \/><input type=\"hidden\" name=\"_wpcf7_container_post\" value=\"0\" \/><input type=\"hidden\" name=\"_wpcf7_posted_data_hash\" value=\"\" \/>\n<\/fieldset>\n<p><span class=\"wpcf7-form-control-wrap\" data-name=\"namn\"><input size=\"40\" maxlength=\"400\" class=\"wpcf7-form-control wpcf7-text wpcf7-validates-as-required\" aria-required=\"true\" aria-invalid=\"false\" placeholder=\"Nom *\" value=\"\" type=\"text\" name=\"namn\" \/><\/span>\n<\/p>\n<p><span class=\"wpcf7-form-control-wrap\" data-name=\"epost\"><input size=\"40\" maxlength=\"400\" class=\"wpcf7-form-control wpcf7-email wpcf7-validates-as-required wpcf7-text wpcf7-validates-as-email\" aria-required=\"true\" aria-invalid=\"false\" value=\"Adresse *\" type=\"email\" name=\"epost\" \/><\/span>\n<\/p>\n<p><span class=\"wpcf7-form-control-wrap\" data-name=\"meddelande\"><textarea cols=\"40\" rows=\"10\" maxlength=\"2000\" class=\"wpcf7-form-control wpcf7-textarea\" aria-invalid=\"false\" placeholder=\"Message\" name=\"meddelande\"><\/textarea><\/span>\n<\/p>\n<p><input class=\"wpcf7-form-control wpcf7-submit has-spinner\" type=\"submit\" value=\"Envoyer\" \/>\n<\/p>\n<p class=\"recaptcha\">This site is protected by reCAPTCHA and the Google <a href=\"https:\/\/policies.google.com\/privacy\">Privacy Policy<\/a> and <a href=\"https:\/\/policies.google.com\/terms\">Terms of Service<\/a> apply.\n<\/p><div class=\"wpcf7-response-output\" aria-hidden=\"true\"><\/div>\n<\/form>\n<\/div>\n\n<\/div>\n\n\n\n<div class=\"wp-block-column info is-layout-flow wp-block-column-is-layout-flow\" style=\"flex-basis:33.33%\">\n<div class=\"wp-block-genesis-blocks-gb-container gb-block-container\"><div class=\"gb-container-inside\"><div class=\"gb-container-content\"><\/div><\/div><\/div>\n\n\n\n<div class=\"wp-block-columns is-layout-flex wp-container-core-columns-is-layout-9d6595d7 wp-block-columns-is-layout-flex\">\n<div class=\"wp-block-column is-layout-flow wp-block-column-is-layout-flow\"><\/div>\n<\/div>\n<\/div>\n<\/div>\n<\/div><\/div><\/div>\n\n\n\n<div class=\"wp-block-genesis-blocks-gb-container graysection gb-block-container\"><div class=\"gb-container-inside\"><div class=\"gb-container-content\">\n<div class=\"wp-block-genesis-blocks-gb-container inside gb-block-container\"><div class=\"gb-container-inside\"><div class=\"gb-container-content\">\n<h2 class=\"wp-block-heading has-text-align-center\" id=\"af\">Vous pouvez trouver nos produits ici<\/h2>\n\n\n\n<p class=\"has-text-align-center\">En Su\u00e8de et dans les autres pays nordiques, vous pouvez trouver nos produits dans la plupart des stations-service et dans les d\u00e9taillants soucieux de l\u2019environnement et de la qualit\u00e9 et dans les magasins d\u2019accessoires pour v\u00e9hicules. Si vous ne trouvez pas ce que vous cherchez, veuillez nous contacter et nous serons heureux de vous aider.<\/p>\n\n\n\n<div class=\"wp-block-columns is-layout-flex wp-container-core-columns-is-layout-9d6595d7 wp-block-columns-is-layout-flex\">\n<div class=\"wp-block-column is-layout-flow wp-block-column-is-layout-flow\">\n<figure class=\"wp-block-image size-full aflogo\"><img loading=\"lazy\" decoding=\"async\" width=\"363\" height=\"137\" src=\"http:\/\/neverstop.igomoon.agency\/wp-content\/uploads\/ad.png\" alt=\"\" class=\"wp-image-522\" srcset=\"https:\/\/www.neverstop.se\/wp-content\/uploads\/ad.png 363w, https:\/\/www.neverstop.se\/wp-content\/uploads\/ad-300x113.png 300w\" sizes=\"auto, (max-width: 363px) 100vw, 363px\" \/><\/figure>\n<\/div>\n\n\n\n<div class=\"wp-block-column is-layout-flow wp-block-column-is-layout-flow\">\n<figure class=\"wp-block-image size-full aflogo\"><img loading=\"lazy\" decoding=\"async\" width=\"363\" height=\"137\" src=\"http:\/\/neverstop.igomoon.agency\/wp-content\/uploads\/autoexperten.png\" alt=\"\" class=\"wp-image-523\" srcset=\"https:\/\/www.neverstop.se\/wp-content\/uploads\/autoexperten.png 363w, https:\/\/www.neverstop.se\/wp-content\/uploads\/autoexperten-300x113.png 300w\" sizes=\"auto, (max-width: 363px) 100vw, 363px\" \/><\/figure>\n<\/div>\n\n\n\n<div class=\"wp-block-column is-layout-flow wp-block-column-is-layout-flow\">\n<figure class=\"wp-block-image size-full is-resized aflogo\"><a href=\"https:\/\/www.granngarden.se\/marken\/never-stop\" target=\"_blank\" rel=\"noreferrer noopener\"><img loading=\"lazy\" decoding=\"async\" src=\"http:\/\/neverstop.igomoon.agency\/wp-content\/uploads\/granngarden.png\" alt=\"\" class=\"wp-image-524\" width=\"363\" height=\"137\" srcset=\"https:\/\/www.neverstop.se\/wp-content\/uploads\/granngarden.png 363w, https:\/\/www.neverstop.se\/wp-content\/uploads\/granngarden-300x113.png 300w\" sizes=\"auto, (max-width: 363px) 100vw, 363px\" \/><\/a><\/figure>\n<\/div>\n<\/div>\n\n\n\n<div class=\"wp-block-columns is-layout-flex wp-container-core-columns-is-layout-9d6595d7 wp-block-columns-is-layout-flex\">\n<div class=\"wp-block-column is-layout-flow wp-block-column-is-layout-flow\">\n<figure class=\"wp-block-image size-full aflogo\"><img loading=\"lazy\" decoding=\"async\" width=\"363\" height=\"137\" src=\"http:\/\/neverstop.igomoon.agency\/wp-content\/uploads\/jula.png\" alt=\"\" class=\"wp-image-525\" srcset=\"https:\/\/www.neverstop.se\/wp-content\/uploads\/jula.png 363w, https:\/\/www.neverstop.se\/wp-content\/uploads\/jula-300x113.png 300w\" sizes=\"auto, (max-width: 363px) 100vw, 363px\" \/><\/figure>\n<\/div>\n\n\n\n<div class=\"wp-block-column is-layout-flow wp-block-column-is-layout-flow\">\n<figure class=\"wp-block-image size-full aflogo\"><img loading=\"lazy\" decoding=\"async\" width=\"363\" height=\"137\" src=\"http:\/\/neverstop.igomoon.agency\/wp-content\/uploads\/mekonomen.png\" alt=\"\" class=\"wp-image-526\" srcset=\"https:\/\/www.neverstop.se\/wp-content\/uploads\/mekonomen.png 363w, https:\/\/www.neverstop.se\/wp-content\/uploads\/mekonomen-300x113.png 300w\" sizes=\"auto, (max-width: 363px) 100vw, 363px\" \/><\/figure>\n<\/div>\n\n\n\n<div class=\"wp-block-column is-layout-flow wp-block-column-is-layout-flow\">\n<figure class=\"wp-block-image size-full aflogo\"><img loading=\"lazy\" decoding=\"async\" width=\"363\" height=\"137\" src=\"http:\/\/neverstop.igomoon.agency\/wp-content\/uploads\/okq8.png\" alt=\"\" class=\"wp-image-527\" srcset=\"https:\/\/www.neverstop.se\/wp-content\/uploads\/okq8.png 363w, https:\/\/www.neverstop.se\/wp-content\/uploads\/okq8-300x113.png 300w\" sizes=\"auto, (max-width: 363px) 100vw, 363px\" \/><\/figure>\n<\/div>\n<\/div>\n\n\n\n<div class=\"wp-block-columns is-layout-flex wp-container-core-columns-is-layout-9d6595d7 wp-block-columns-is-layout-flex\">\n<div class=\"wp-block-column is-layout-flow wp-block-column-is-layout-flow\">\n<figure class=\"wp-block-image size-full aflogo\"><img loading=\"lazy\" decoding=\"async\" width=\"363\" height=\"137\" src=\"http:\/\/neverstop.igomoon.agency\/wp-content\/uploads\/swedol.png\" alt=\"\" class=\"wp-image-528\" srcset=\"https:\/\/www.neverstop.se\/wp-content\/uploads\/swedol.png 363w, https:\/\/www.neverstop.se\/wp-content\/uploads\/swedol-300x113.png 300w\" sizes=\"auto, (max-width: 363px) 100vw, 363px\" \/><\/figure>\n<\/div>\n\n\n\n<div class=\"wp-block-column is-layout-flow wp-block-column-is-layout-flow\">\n<figure class=\"wp-block-image size-full aflogo\"><img loading=\"lazy\" decoding=\"async\" width=\"363\" height=\"137\" src=\"http:\/\/neverstop.igomoon.agency\/wp-content\/uploads\/24mx.png\" alt=\"\" class=\"wp-image-897\" srcset=\"https:\/\/www.neverstop.se\/wp-content\/uploads\/24mx.png 363w, https:\/\/www.neverstop.se\/wp-content\/uploads\/24mx-300x113.png 300w\" sizes=\"auto, (max-width: 363px) 100vw, 363px\" \/><\/figure>\n<\/div>\n\n\n\n<div class=\"wp-block-column is-layout-flow wp-block-column-is-layout-flow\">\n<figure class=\"wp-block-image size-full aflogo\"><img loading=\"lazy\" decoding=\"async\" width=\"363\" height=\"137\" src=\"http:\/\/neverstop.igomoon.agency\/wp-content\/uploads\/sledstore.png\" alt=\"\" class=\"wp-image-903\" srcset=\"https:\/\/www.neverstop.se\/wp-content\/uploads\/sledstore.png 363w, https:\/\/www.neverstop.se\/wp-content\/uploads\/sledstore-300x113.png 300w\" sizes=\"auto, (max-width: 363px) 100vw, 363px\" \/><\/figure>\n<\/div>\n<\/div>\n\n\n\n<div class=\"wp-block-columns is-layout-flex wp-container-core-columns-is-layout-9d6595d7 wp-block-columns-is-layout-flex\">\n<div class=\"wp-block-column is-layout-flow wp-block-column-is-layout-flow\">\n<figure class=\"wp-block-image size-full aflogo\"><img loading=\"lazy\" decoding=\"async\" width=\"363\" height=\"137\" src=\"http:\/\/neverstop.igomoon.agency\/wp-content\/uploads\/xlmoto-1.png\" alt=\"\" class=\"wp-image-910\" srcset=\"https:\/\/www.neverstop.se\/wp-content\/uploads\/xlmoto-1.png 363w, https:\/\/www.neverstop.se\/wp-content\/uploads\/xlmoto-1-300x113.png 300w\" sizes=\"auto, (max-width: 363px) 100vw, 363px\" \/><\/figure>\n<\/div>\n\n\n\n<div class=\"wp-block-column is-layout-flow wp-block-column-is-layout-flow\">\n<figure class=\"wp-block-image size-full aflogo\"><img loading=\"lazy\" decoding=\"async\" width=\"363\" height=\"137\" src=\"http:\/\/neverstop.igomoon.agency\/wp-content\/uploads\/ahlsell.png\" alt=\"\" class=\"wp-image-985\" srcset=\"https:\/\/www.neverstop.se\/wp-content\/uploads\/ahlsell.png 363w, https:\/\/www.neverstop.se\/wp-content\/uploads\/ahlsell-300x113.png 300w\" sizes=\"auto, (max-width: 363px) 100vw, 363px\" \/><\/figure>\n<\/div>\n\n\n\n<div class=\"wp-block-column is-layout-flow wp-block-column-is-layout-flow\"><\/div>\n<\/div>\n<\/div><\/div><\/div>\n<\/div><\/div><\/div>\n","protected":false},"excerpt":{"rendered":"","protected":false},"author":1,"featured_media":2812,"parent":0,"menu_order":0,"comment_status":"closed","ping_status":"closed","template":"","meta":{"_acf_changed":false,"footnotes":""},"class_list":["post-1462","page","type-page","status-publish","has-post-thumbnail","hentry"],"acf":[],"featured_image_src":"https:\/\/www.neverstop.se\/wp-content\/uploads\/shutterstocktelefon-1-600x400.jpg","featured_image_src_square":"https:\/\/www.neverstop.se\/wp-content\/uploads\/shutterstocktelefon-1-600x600.jpg","_links":{"self":[{"href":"https:\/\/www.neverstop.se\/fr\/wp-json\/wp\/v2\/pages\/1462","targetHints":{"allow":["GET"]}}],"collection":[{"href":"https:\/\/www.neverstop.se\/fr\/wp-json\/wp\/v2\/pages"}],"about":[{"href":"https:\/\/www.neverstop.se\/fr\/wp-json\/wp\/v2\/types\/page"}],"author":[{"embeddable":true,"href":"https:\/\/www.neverstop.se\/fr\/wp-json\/wp\/v2\/users\/1"}],"replies":[{"embeddable":true,"href":"https:\/\/www.neverstop.se\/fr\/wp-json\/wp\/v2\/comments?post=1462"}],"version-history":[{"count":13,"href":"https:\/\/www.neverstop.se\/fr\/wp-json\/wp\/v2\/pages\/1462\/revisions"}],"predecessor-version":[{"id":2847,"href":"https:\/\/www.neverstop.se\/fr\/wp-json\/wp\/v2\/pages\/1462\/revisions\/2847"}],"wp:featuredmedia":[{"embeddable":true,"href":"https:\/\/www.neverstop.se\/fr\/wp-json\/wp\/v2\/media\/2812"}],"wp:attachment":[{"href":"https:\/\/www.neverstop.se\/fr\/wp-json\/wp\/v2\/media?parent=1462"}],"curies":[{"name":"wp","href":"https:\/\/api.w.org\/{rel}","templated":true}]}}