{"id":1458,"date":"2022-08-03T08:26:25","date_gmt":"2022-08-03T06:26:25","guid":{"rendered":"http:\/\/neverstop.igomoon.agency\/?page_id=1458"},"modified":"2023-02-13T14:35:28","modified_gmt":"2023-02-13T13:35:28","slug":"nous-montrons-la-voie","status":"publish","type":"page","link":"https:\/\/www.neverstop.se\/fr\/nous-montrons-la-voie\/","title":{"rendered":"Nous montrons la voie"},"content":{"rendered":"\n<div class=\"wp-block-genesis-blocks-gb-container inside gb-block-container\"><div class=\"gb-container-inside\"><div class=\"gb-container-content\">\n<p class=\"has-text-align-center\">M\u00e5lmarks est la soci\u00e9t\u00e9 derri\u00e8re la marque Never Stop. M\u00e5lmarks est une entreprise familiale su\u00e9doise avec des activit\u00e9s de production et de vente en gros. M\u00e5lmarks est le leader du march\u00e9 scandinave en mati\u00e8re de bidons d\u2019essence. Nous sommes \u00e9galement l\u2019un des plus grands fabricants de bidons de carburant en Europe. Rien n\u2019est arriv\u00e9 par hasard.<\/p>\n\n\n\n<p class=\"has-text-align-center\">Gr\u00e2ce \u00e0 notre propre production, nous avons \u00e0 la fois la perspicacit\u00e9 et le contr\u00f4le, ce qui garantit la qualit\u00e9. Notre usine en Hongrie est certifi\u00e9e ISO 14001, une norme pour travailler \u00e0 r\u00e9duire l\u2019impact environnemental.<\/p>\n<\/div><\/div><\/div>\n\n\n\n<div style=\"height:30px\" aria-hidden=\"true\" class=\"wp-block-spacer\"><\/div>\n\n\n\n<div class=\"wp-block-genesis-blocks-gb-columns inside mt30 gb-layout-columns-2 gb-2-col-wideright\"><div class=\"gb-layout-column-wrap gb-block-layout-column-gap-2 gb-is-responsive-column\">\n<div class=\"wp-block-genesis-blocks-gb-column fullsize gb-block-layout-column\"><div class=\"gb-block-layout-column-inner\">\n<figure class=\"wp-block-image size-medium right\"><img loading=\"lazy\" decoding=\"async\" width=\"300\" height=\"300\" src=\"http:\/\/neverstop.igomoon.agency\/wp-content\/uploads\/miljo1-300x300.png\" alt=\"\" class=\"wp-image-324\" srcset=\"https:\/\/www.neverstop.se\/wp-content\/uploads\/miljo1-300x300.png 300w, https:\/\/www.neverstop.se\/wp-content\/uploads\/miljo1-150x150.png 150w, https:\/\/www.neverstop.se\/wp-content\/uploads\/miljo1-100x100.png 100w, https:\/\/www.neverstop.se\/wp-content\/uploads\/miljo1.png 372w\" sizes=\"auto, (max-width: 300px) 100vw, 300px\" \/><\/figure>\n<\/div><\/div>\n\n\n\n<div class=\"wp-block-genesis-blocks-gb-column greenbox gb-block-layout-column\"><div class=\"gb-block-layout-column-inner\">\n<h3 class=\"has-text-align-center wp-block-heading\">Never Stop pense de l\u2019environnement<\/h3>\n\n\n\n<p>L\u2019essence et le carburant diesel sont dangereux. Un mauvais stockage peut avoir des cons\u00e9quences d\u00e9vastatrices. Pour nous, il est extr\u00eamement important que nos bidons de carburant respectent les normes de s\u00e9curit\u00e9 les plus \u00e9lev\u00e9es. Il est important que les bidons de carburant soient fabriqu\u00e9s \u00e0 partir de mati\u00e8res premi\u00e8res approuv\u00e9es, c\u2019est-\u00e0-dire avec du plastique \u00e9pais \u00e0 haute densit\u00e9 et soient \u00e9quip\u00e9s du joint et du bec appropri\u00e9s. Les bouchons et becs verseurs Never Stop sont \u00e9quip\u00e9s d\u2019un joint en caoutchouc r\u00e9sistant \u00e0 l\u2019essence. Tous les bidons en plastique Never Stop sont \u00e9galement \u00e9quip\u00e9s de notre bec de remplissage AutoStop pour une recharge s\u00fbre et sans d\u00e9versement.<br>Saviez-vous qu\u2019une \u00ab mauvaise \u00bb essence peut \u00e9mettre autant de vapeurs par an que deux voitures de tourisme ? C\u2019est environ quatre kilogrammes d\u2019hydrocarbures qui sont lib\u00e9r\u00e9s par les d\u00e9versements et les \u00e9vaporations.<br>Il y a environ deux millions de bo\u00eetes utilis\u00e9es, alors il suffit de compter\u2026<\/p>\n<\/div><\/div>\n<\/div><\/div>\n\n\n\n<div style=\"height:75px\" aria-hidden=\"true\" class=\"wp-block-spacer\"><\/div>\n\n\n\n<div class=\"wp-block-genesis-blocks-gb-columns inside mt30 gb-layout-columns-2 gb-2-col-wideleft\"><div class=\"gb-layout-column-wrap gb-block-layout-column-gap-2 gb-is-responsive-column\">\n<div class=\"wp-block-genesis-blocks-gb-column greenbox gb-block-layout-column\"><div class=\"gb-block-layout-column-inner\">\n<h3 class=\"has-text-align-center wp-block-heading\">Normes de s\u00e9curit\u00e9 les plus \u00e9lev\u00e9es<\/h3>\n\n\n\n<p>Selon l\u2019approbation actuelle (ONU conform\u00e9ment \u00e0 l\u2019ADR et au transport des marchandises dangereuses), la dur\u00e9e de vie de tous les bidons d\u2019essence en plastique, quel que soit le fabricant, est de 5 ans apr\u00e8s la date de fabrication. La dur\u00e9e de conservation est r\u00e9gl\u00e9e pour \u00e9viter les dommages environnementaux et mat\u00e9riels. Au fil du temps, le plastique perd ses propri\u00e9t\u00e9s d\u2019origine, ce qui augmente l\u2019\u00e9mission de vapeurs d\u2019essence \u00e0 travers le mat\u00e9riau. Pour nous, il est extr\u00eamement important que nos bidons de carburant r\u00e9pondent aux normes de s\u00e9curit\u00e9 les plus \u00e9lev\u00e9es. Never Stop a une garantie mat\u00e9rielle de 5 ans \u00e0 compter de la date de fabrication de nos canettes. Une canette en plastique est un produit de s\u00e9curit\u00e9 et doit \u00eatre manipul\u00e9e avec soin.<\/p>\n<\/div><\/div>\n\n\n\n<div class=\"wp-block-genesis-blocks-gb-column fullsize gb-block-layout-column\"><div class=\"gb-block-layout-column-inner\">\n<figure class=\"wp-block-image size-medium\"><img loading=\"lazy\" decoding=\"async\" width=\"300\" height=\"300\" src=\"http:\/\/neverstop.igomoon.agency\/wp-content\/uploads\/miljo4-300x300.png\" alt=\"\" class=\"wp-image-338\" srcset=\"https:\/\/www.neverstop.se\/wp-content\/uploads\/miljo4-300x300.png 300w, https:\/\/www.neverstop.se\/wp-content\/uploads\/miljo4-150x150.png 150w, https:\/\/www.neverstop.se\/wp-content\/uploads\/miljo4-100x100.png 100w, https:\/\/www.neverstop.se\/wp-content\/uploads\/miljo4.png 377w\" sizes=\"auto, (max-width: 300px) 100vw, 300px\" \/><figcaption class=\"wp-element-caption\"><strong>Garantie mat\u00e9rielle de cinq ans\u00a0<\/strong><\/figcaption><\/figure>\n<\/div><\/div>\n<\/div><\/div>\n\n\n\n<div style=\"height:75px\" aria-hidden=\"true\" class=\"wp-block-spacer\"><\/div>\n\n\n\n<div class=\"wp-block-genesis-blocks-gb-columns inside mt30 gb-layout-columns-2 gb-2-col-wideright\"><div class=\"gb-layout-column-wrap gb-block-layout-column-gap-2 gb-is-responsive-column\">\n<div class=\"wp-block-genesis-blocks-gb-column fullsize gb-block-layout-column\"><div class=\"gb-block-layout-column-inner\">\n<figure class=\"wp-block-image size-full right\"><img loading=\"lazy\" decoding=\"async\" width=\"300\" height=\"300\" src=\"http:\/\/neverstop.igomoon.agency\/wp-content\/uploads\/miljo.png\" alt=\"\" class=\"wp-image-1410\" srcset=\"https:\/\/www.neverstop.se\/wp-content\/uploads\/miljo.png 300w, https:\/\/www.neverstop.se\/wp-content\/uploads\/miljo-150x150.png 150w, https:\/\/www.neverstop.se\/wp-content\/uploads\/miljo-100x100.png 100w, https:\/\/www.neverstop.se\/wp-content\/uploads\/miljo-50x50.png 50w\" sizes=\"auto, (max-width: 300px) 100vw, 300px\" \/><\/figure>\n<\/div><\/div>\n\n\n\n<div class=\"wp-block-genesis-blocks-gb-column greenbox gb-block-layout-column\"><div class=\"gb-block-layout-column-inner\">\n<h3 class=\"has-text-align-center wp-block-heading\"><strong>Pourquoi le plastique ?<\/strong><\/h3>\n\n\n\n<p>Dans notre production, nous utilisons du poly\u00e9thyl\u00e8ne haute densit\u00e9, du plastique HDPE. Les qualit\u00e9s positives du PEHD sont qu\u2019il est possible d\u2019obtenir l\u2019approbation des aliments, a une tr\u00e8s faible absorption d\u2019humidit\u00e9 et une tr\u00e8s bonne r\u00e9sistance chimique. Un autre avantage du plastique est qu\u2019il s\u2019agit d\u2019un mat\u00e9riau qui peut tr\u00e8s bien \u00eatre recycl\u00e9, que ce soit pour de nouveaux produits ou pour l\u2019\u00e9nergie et la chaleur.<\/p>\n\n\n\n<p>De plus, le PEHD est tr\u00e8s appropri\u00e9 pour le moulage par soufflage. Dans notre usine en Hongrie, nous sommes experts en moulage par soufflage, une technologie qui peut \u00eatre compar\u00e9e au soufflage de verre. Le plastique est \u00e9galement un mat\u00e9riau l\u00e9ger, compar\u00e9 \u00e0 d\u2019autres mat\u00e9riaux, ce qui r\u00e9duit les \u00e9missions pendant le transport.<\/p>\n<\/div><\/div>\n<\/div><\/div>\n\n\n\n<div style=\"height:75px\" aria-hidden=\"true\" class=\"wp-block-spacer\"><\/div>\n\n\n\n<div class=\"wp-block-genesis-blocks-gb-columns inside mt30 gb-layout-columns-2 gb-2-col-wideleft\"><div class=\"gb-layout-column-wrap gb-block-layout-column-gap-2 gb-is-responsive-column\">\n<div class=\"wp-block-genesis-blocks-gb-column greenbox gb-block-layout-column\"><div class=\"gb-block-layout-column-inner\">\n<h3 class=\"has-text-align-center wp-block-heading\">Charge compl\u00e8te.<\/h3>\n\n\n\n<p>V\u00e5rt produktutbud breddas och uppdateras kontinuerligt f\u00f6r att m\u00f6ta \u00e5terf\u00f6rs\u00e4ljarnas och slutkonsumenternas behov. Sedan 2021 har M\u00e5lmarks ett sp\u00e4nnande projekt tillsammans med Charge Amps f\u00f6r elbilsladdning i Brasilien. <\/p>\n\n\n\n<p>Notre gamme de produits est continuellement \u00e9largie et mise \u00e0 jour pour r\u00e9pondre aux besoins des d\u00e9taillants et des consommateurs finaux. Depuis 2021, M\u00e5lmarks a un projet passionnant avec Charge Amps pour la recharge de voitures \u00e9lectriques au Br\u00e9sil. En savoir plus sur M\u00e5lmarks, lisez <a href=\"https:\/\/malmarks.com\" target=\"_blank\" rel=\"noreferrer noopener\">ici<\/a>. Si vous voulez en savoir plus sur nos produits Never Stop, lisez ici.<\/p>\n<\/div><\/div>\n\n\n\n<div class=\"wp-block-genesis-blocks-gb-column fullsize gb-block-layout-column\"><div class=\"gb-block-layout-column-inner\">\n<figure class=\"wp-block-image size-full\"><img loading=\"lazy\" decoding=\"async\" width=\"300\" height=\"300\" src=\"http:\/\/neverstop.igomoon.agency\/wp-content\/uploads\/miljo4-1.png\" alt=\"\" class=\"wp-image-1415\" srcset=\"https:\/\/www.neverstop.se\/wp-content\/uploads\/miljo4-1.png 300w, https:\/\/www.neverstop.se\/wp-content\/uploads\/miljo4-1-150x150.png 150w, https:\/\/www.neverstop.se\/wp-content\/uploads\/miljo4-1-100x100.png 100w, https:\/\/www.neverstop.se\/wp-content\/uploads\/miljo4-1-50x50.png 50w\" sizes=\"auto, (max-width: 300px) 100vw, 300px\" \/><\/figure>\n<\/div><\/div>\n<\/div><\/div>\n\n\n\n<div style=\"height:75px\" aria-hidden=\"true\" class=\"wp-block-spacer\"><\/div>\n\n\n\n<div style=\"height:75px\" aria-hidden=\"true\" class=\"wp-block-spacer\"><\/div>\n","protected":false},"excerpt":{"rendered":"","protected":false},"author":1,"featured_media":1034,"parent":0,"menu_order":0,"comment_status":"closed","ping_status":"closed","template":"page-content.php","meta":{"_acf_changed":false,"footnotes":""},"class_list":["post-1458","page","type-page","status-publish","has-post-thumbnail","hentry"],"acf":[],"featured_image_src":"https:\/\/www.neverstop.se\/wp-content\/uploads\/blad-1-600x400.jpg","featured_image_src_square":"https:\/\/www.neverstop.se\/wp-content\/uploads\/blad-1-600x600.jpg","_links":{"self":[{"href":"https:\/\/www.neverstop.se\/fr\/wp-json\/wp\/v2\/pages\/1458","targetHints":{"allow":["GET"]}}],"collection":[{"href":"https:\/\/www.neverstop.se\/fr\/wp-json\/wp\/v2\/pages"}],"about":[{"href":"https:\/\/www.neverstop.se\/fr\/wp-json\/wp\/v2\/types\/page"}],"author":[{"embeddable":true,"href":"https:\/\/www.neverstop.se\/fr\/wp-json\/wp\/v2\/users\/1"}],"replies":[{"embeddable":true,"href":"https:\/\/www.neverstop.se\/fr\/wp-json\/wp\/v2\/comments?post=1458"}],"version-history":[{"count":2,"href":"https:\/\/www.neverstop.se\/fr\/wp-json\/wp\/v2\/pages\/1458\/revisions"}],"predecessor-version":[{"id":1460,"href":"https:\/\/www.neverstop.se\/fr\/wp-json\/wp\/v2\/pages\/1458\/revisions\/1460"}],"wp:featuredmedia":[{"embeddable":true,"href":"https:\/\/www.neverstop.se\/fr\/wp-json\/wp\/v2\/media\/1034"}],"wp:attachment":[{"href":"https:\/\/www.neverstop.se\/fr\/wp-json\/wp\/v2\/media?parent=1458"}],"curies":[{"name":"wp","href":"https:\/\/api.w.org\/{rel}","templated":true}]}}