{"id":1452,"date":"2022-11-28T10:41:38","date_gmt":"2022-11-28T09:41:38","guid":{"rendered":"http:\/\/neverstop.igomoon.agency\/?page_id=1452"},"modified":"2023-04-20T10:33:15","modified_gmt":"2023-04-20T08:33:15","slug":"liste-de-controle-pour-voiture-et-bateau","status":"publish","type":"page","link":"https:\/\/www.neverstop.se\/fr\/liste-de-controle-pour-voiture-et-bateau\/","title":{"rendered":"Liste de contr\u00f4le pour voiture et bateau."},"content":{"rendered":"\n<p class=\"has-text-align-center\">Passez en revue vos accessoires de voiture et de bateau avant chaque saison !<\/p>\n\n\n\n<div class=\"wp-block-genesis-blocks-gb-container inside gb-block-container\"><div class=\"gb-container-inside\"><div class=\"gb-container-content\"><\/div><\/div><\/div>\n\n\n\n<div class=\"wp-block-genesis-blocks-gb-container gb-block-container\"><div class=\"gb-container-inside\"><div class=\"gb-container-content\">\n<div class=\"wp-block-genesis-blocks-gb-container inside gb-block-container\"><div class=\"gb-container-inside\"><div class=\"gb-container-content\">\n<div class=\"wp-block-columns is-layout-flex wp-container-core-columns-is-layout-9d6595d7 wp-block-columns-is-layout-flex\">\n<div class=\"wp-block-column is-layout-flow wp-block-column-is-layout-flow\">\n<div class=\"wp-block-genesis-blocks-gb-container box white gb-block-container\"><div class=\"gb-container-inside\"><div class=\"gb-container-content\">\n<h3 class=\"wp-block-heading\">Bon \u00e0 avoir dans la voiture pour l\u2019hiver<\/h3>\n\n\n\n<p>Un bidon de carburant de r\u00e9serve appropri\u00e9, des c\u00e2bles d\u2019appoint (d\u00e9marreurs), bec de recharge pour le liquide lave-glace, une lampe de poche, un triangle d\u2019avertissement, un gilet r\u00e9fl\u00e9chissant, une corde de remorquage et une pelle \u00e0 neige d\u2019urgence.<\/p>\n\n\n\n<h3 class=\"wp-block-heading\">Bon \u00c0 avoir dans le bateau pendant l\u2019\u00e9t\u00e9<\/h3>\n\n\n\n<p>Un bidon de carburant de r\u00e9serve appropri\u00e9 (s\u2019il est rempli de carburant, v\u00e9rifiez-le souvent et assurez-vous qu\u2019il n\u2019est pas expos\u00e9 au soleil et \u00e0 la chaleur), utilisez la pompe \u00e0 carburant lorsque le bidon de 20L est utilis\u00e9 pour ravitailler le bateau, c\u00e2bles d\u2019appoint, bidon d\u2019eau pliable et lampe de poche.<\/p>\n\n\n\n<div class=\"wp-block-genesis-blocks-gb-container gb-block-container\"><div class=\"gb-container-inside\"><div class=\"gb-container-content\">\n<h3 class=\"wp-block-heading\">Stockage<\/h3>\n\n\n\n<ul class=\"wp-block-list\">\n<li>Ne laissez pas les bidons de carburant sur le bateau pendant une longue p\u00e9riode, surtout pendant les p\u00e9riodes estivales plus chaudes ou pendant l\u2019hiver.<\/li>\n\n\n\n<li>Ne remplissez pas trop la bo\u00eete, ce qui est particuli\u00e8rement important pendant les mois d\u2019\u00e9t\u00e9, lorsque le carburant se dilate davantage en raison de la chaleur intense.<\/li>\n\n\n\n<li>Rangez la bo\u00eete debout et jamais \u00e0 la lumi\u00e8re directe du soleil !<\/li>\n\n\n\n<li>V\u00e9rifiez si le capuchon est correctement fix\u00e9 et serr\u00e9 !<\/li>\n<\/ul>\n<\/div><\/div><\/div>\n<\/div><\/div><\/div>\n\n\n\n<div class=\"wp-block-genesis-blocks-gb-container gb-block-container\"><div class=\"gb-container-inside\"><div class=\"gb-container-content\"><\/div><\/div><\/div>\n<\/div>\n\n\n\n<div class=\"wp-block-column is-layout-flow wp-block-column-is-layout-flow\">\n<figure class=\"wp-block-image size-full mt40\"><img loading=\"lazy\" decoding=\"async\" width=\"1000\" height=\"907\" src=\"http:\/\/neverstop.igomoon.agency\/wp-content\/uploads\/boat.jpg\" alt=\"\" class=\"wp-image-461\" srcset=\"https:\/\/www.neverstop.se\/wp-content\/uploads\/boat.jpg 1000w, https:\/\/www.neverstop.se\/wp-content\/uploads\/boat-300x272.jpg 300w, https:\/\/www.neverstop.se\/wp-content\/uploads\/boat-768x697.jpg 768w, https:\/\/www.neverstop.se\/wp-content\/uploads\/boat-600x544.jpg 600w\" sizes=\"auto, (max-width: 1000px) 100vw, 1000px\" \/><\/figure>\n<\/div>\n<\/div>\n<\/div><\/div><\/div>\n<\/div><\/div><\/div>\n\n\n\n<div style=\"height:75px\" aria-hidden=\"true\" class=\"wp-block-spacer\"><\/div>\n","protected":false},"excerpt":{"rendered":"<p>Passez en revue vos accessoires de voiture et de bateau avant chaque saison !<\/p>\n","protected":false},"author":1,"featured_media":1812,"parent":0,"menu_order":0,"comment_status":"closed","ping_status":"closed","template":"","meta":{"_acf_changed":false,"footnotes":""},"class_list":["post-1452","page","type-page","status-publish","has-post-thumbnail","hentry"],"acf":[],"featured_image_src":"https:\/\/www.neverstop.se\/wp-content\/uploads\/bat4-1-600x263.jpg","featured_image_src_square":"https:\/\/www.neverstop.se\/wp-content\/uploads\/bat4-1-600x263.jpg","_links":{"self":[{"href":"https:\/\/www.neverstop.se\/fr\/wp-json\/wp\/v2\/pages\/1452","targetHints":{"allow":["GET"]}}],"collection":[{"href":"https:\/\/www.neverstop.se\/fr\/wp-json\/wp\/v2\/pages"}],"about":[{"href":"https:\/\/www.neverstop.se\/fr\/wp-json\/wp\/v2\/types\/page"}],"author":[{"embeddable":true,"href":"https:\/\/www.neverstop.se\/fr\/wp-json\/wp\/v2\/users\/1"}],"replies":[{"embeddable":true,"href":"https:\/\/www.neverstop.se\/fr\/wp-json\/wp\/v2\/comments?post=1452"}],"version-history":[{"count":8,"href":"https:\/\/www.neverstop.se\/fr\/wp-json\/wp\/v2\/pages\/1452\/revisions"}],"predecessor-version":[{"id":2204,"href":"https:\/\/www.neverstop.se\/fr\/wp-json\/wp\/v2\/pages\/1452\/revisions\/2204"}],"wp:featuredmedia":[{"embeddable":true,"href":"https:\/\/www.neverstop.se\/fr\/wp-json\/wp\/v2\/media\/1812"}],"wp:attachment":[{"href":"https:\/\/www.neverstop.se\/fr\/wp-json\/wp\/v2\/media?parent=1452"}],"curies":[{"name":"wp","href":"https:\/\/api.w.org\/{rel}","templated":true}]}}