{"id":1446,"date":"2022-11-28T10:26:05","date_gmt":"2022-11-28T09:26:05","guid":{"rendered":"http:\/\/neverstop.igomoon.agency\/?page_id=1446"},"modified":"2023-04-18T15:41:58","modified_gmt":"2023-04-18T13:41:58","slug":"rad-om-forvaring-av-brandfarliga-vatskor","status":"publish","type":"page","link":"https:\/\/www.neverstop.se\/fr\/rad-om-forvaring-av-brandfarliga-vatskor\/","title":{"rendered":"Conseils de stockage des liquides inflammables"},"content":{"rendered":"\n<div class=\"wp-block-genesis-blocks-gb-container inside gb-block-container\"><div class=\"gb-container-inside\"><div class=\"gb-container-content\">\n<div class=\"wp-block-columns is-layout-flex wp-container-core-columns-is-layout-9d6595d7 wp-block-columns-is-layout-flex\">\n<div class=\"wp-block-column box green is-layout-flow wp-block-column-is-layout-flow\">\n<h3 class=\"wp-block-heading\">Stockage<\/h3>\n\n\n\n<ul class=\"wp-block-list\">\n<li>Conservez la bo\u00eete \u00e0 la verticale dans un endroit frais et sec. Stockez la bo\u00eete dans un endroit bien ventil\u00e9 au niveau du sol, puis le risque de chute de la bo\u00eete est \u00e9galement minimis\u00e9<\/li>\n\n\n\n<li>Conservez toujours l\u2019essence dans un bidon de carburant approuv\u00e9 et s\u00fbr.<\/li>\n\n\n\n<li>Il existe quatre classes de liquides inflammables, par exemple l\u2019essence, l\u2019ac\u00e9tone, l\u2019\u00e9thanol, la t\u00e9r\u00e9benthine, le diesel. Variant selon les pays, il existe des r\u00e8gles strictes et parfois complexes concernant les volumes de stockage maximum dans un environnement domestique. Nous vous invitons \u00e0 v\u00e9rifier attentivement les lois et r\u00e9glementations sp\u00e9cifiques de votre pays.<\/li>\n\n\n\n<li>En Su\u00e8de, vous pouvez en savoir plus \u00e0 <a href=\"https:\/\/www.msb.se\" target=\"_blank\" rel=\"noreferrer noopener\">www.msb.se<\/a> (MSB &#8211; Myndigheten f\u00f6r samh\u00e4llsskydd och beredskap),<\/li>\n<\/ul>\n<\/div>\n\n\n\n<div class=\"wp-block-column box green is-layout-flow wp-block-column-is-layout-flow\">\n<h3 class=\"wp-block-heading\">Conseils sur les bidons de carburant<\/h3>\n\n\n\n<ul class=\"wp-block-list\">\n<li>Utilisez le bon bidon de carburant ! Les bidons de carburant Never Stop sont test\u00e9s et certifi\u00e9s pour une surpression de 250kPa, correspondant \u00e0 2,5 Bar. Un bidon d\u2019essence stock\u00e9 dans une voiture doit r\u00e9sister \u00e0 une surpression de 2,5 bars. Le plastique est un mat\u00e9riau poreux, ce qui signifie que les vapeurs d\u2019essence vont s\u2019\u00e9vaporer.<\/li>\n\n\n\n<li>Ne remplissez pas trop le r\u00e9cipient ! Le carburant se dilate dans des conditions m\u00e9t\u00e9orologiques normales et n\u00e9cessite donc plus d\u2019espace \u00e0 l\u2019int\u00e9rieur du conteneur.<\/li>\n\n\n\n<li>Assurez-vous que le couvercle est bien serr\u00e9.<\/li>\n\n\n\n<li>Selon les exigences l\u00e9gales internationales, les bidons de carburant en plastique ont une dur\u00e9e de vie de cinq ans \u00e0 compter de la date de fabrication pour \u00e9viter les dommages environnementaux et mat\u00e9riels. En effet, le plastique se d\u00e9t\u00e9riore avec le temps et perd ses propri\u00e9t\u00e9s d\u2019origine. Vous trouverez la date de fabrication sur le c\u00f4t\u00e9 de la bo\u00eete avec deux petites horloges indiquant l\u2019ann\u00e9e et le mois.<\/li>\n\n\n\n<li>Un bidon de carburant est un produit de s\u00e9curit\u00e9 et doit \u00eatre manipul\u00e9 en cons\u00e9quence, c\u2019est-\u00e0-dire avec soin.<\/li>\n<\/ul>\n<\/div>\n<\/div>\n\n\n\n<div class=\"wp-block-columns mt0 is-layout-flex wp-container-core-columns-is-layout-9d6595d7 wp-block-columns-is-layout-flex\">\n<div class=\"wp-block-column box green mt0 is-layout-flow wp-block-column-is-layout-flow\">\n<h3 class=\"wp-block-heading\">\u00c9liminez correctement<\/h3>\n\n\n\n<ul class=\"wp-block-list\">\n<li>Ne versez jamais d\u2019essence dans les \u00e9gouts, dans l\u2019eau, sur le sol ou dans la poubelle.<\/li>\n\n\n\n<li>L\u2019essence ancienne doit \u00eatre \u00e9limin\u00e9e dans un centre de recyclage.<\/li>\n<\/ul>\n<\/div>\n\n\n\n<div class=\"wp-block-column box is-layout-flow wp-block-column-is-layout-flow\"><\/div>\n<\/div>\n<\/div><\/div><\/div>\n\n\n\n<div style=\"height:75px\" aria-hidden=\"true\" class=\"wp-block-spacer\"><\/div>\n","protected":false},"excerpt":{"rendered":"","protected":false},"author":1,"featured_media":1761,"parent":0,"menu_order":0,"comment_status":"closed","ping_status":"closed","template":"","meta":{"_acf_changed":false,"footnotes":""},"class_list":["post-1446","page","type-page","status-publish","has-post-thumbnail","hentry"],"acf":[],"featured_image_src":"https:\/\/www.neverstop.se\/wp-content\/uploads\/brandstation5-600x375.jpg","featured_image_src_square":"https:\/\/www.neverstop.se\/wp-content\/uploads\/brandstation5-600x375.jpg","_links":{"self":[{"href":"https:\/\/www.neverstop.se\/fr\/wp-json\/wp\/v2\/pages\/1446","targetHints":{"allow":["GET"]}}],"collection":[{"href":"https:\/\/www.neverstop.se\/fr\/wp-json\/wp\/v2\/pages"}],"about":[{"href":"https:\/\/www.neverstop.se\/fr\/wp-json\/wp\/v2\/types\/page"}],"author":[{"embeddable":true,"href":"https:\/\/www.neverstop.se\/fr\/wp-json\/wp\/v2\/users\/1"}],"replies":[{"embeddable":true,"href":"https:\/\/www.neverstop.se\/fr\/wp-json\/wp\/v2\/comments?post=1446"}],"version-history":[{"count":2,"href":"https:\/\/www.neverstop.se\/fr\/wp-json\/wp\/v2\/pages\/1446\/revisions"}],"predecessor-version":[{"id":2079,"href":"https:\/\/www.neverstop.se\/fr\/wp-json\/wp\/v2\/pages\/1446\/revisions\/2079"}],"wp:featuredmedia":[{"embeddable":true,"href":"https:\/\/www.neverstop.se\/fr\/wp-json\/wp\/v2\/media\/1761"}],"wp:attachment":[{"href":"https:\/\/www.neverstop.se\/fr\/wp-json\/wp\/v2\/media?parent=1446"}],"curies":[{"name":"wp","href":"https:\/\/api.w.org\/{rel}","templated":true}]}}