{"id":1431,"date":"2022-07-08T10:06:39","date_gmt":"2022-07-08T08:06:39","guid":{"rendered":"http:\/\/neverstop.igomoon.agency\/?page_id=1431"},"modified":"2023-08-10T14:57:28","modified_gmt":"2023-08-10T12:57:28","slug":"startsida","status":"publish","type":"page","link":"https:\/\/www.neverstop.se\/fr\/","title":{"rendered":"Startsida"},"content":{"rendered":"\n<figure class=\"wp-block-video aligncenter herovideo\"><video height=\"368\" style=\"aspect-ratio: 1920 \/ 368;\" width=\"1920\" autoplay loop muted src=\"https:\/\/www.neverstop.se\/wp-content\/uploads\/start2.mp4\"><\/video><figcaption class=\"wp-element-caption\">tout ce dont vous avez besoin <br>pour un voyage plus s\u00fbr<\/figcaption><\/figure>\n\n\n\n<h2 class=\"wp-block-heading has-text-align-center inside\">Nous fabriquons et distribuons les meilleurs bidons de carburant et accessoires automobiles<\/h2>\n\n\n\n<p class=\"lead inside\">Never Stop est une marque bien \u00e9tablie qui offre une large gamme d\u2019accessoires de haute qualit\u00e9 pour votre voiture et votre bateau. Tous nos produits sont fabriqu\u00e9s sous un contr\u00f4le de qualit\u00e9 rigoureux, toujours en mettant l\u2019accent sur la performance, l\u2019excellence et le respect de l\u2019environnement. Notre objectif est d\u2019offrir tout ce dont vous avez besoin pour un voyage plus s\u00fbr.<\/p>\n\n\n\n<div class=\"wp-block-genesis-blocks-gb-columns inside gb-layout-columns-3 gb-3-col-equal\"><div class=\"gb-layout-column-wrap gb-block-layout-column-gap-2 gb-is-responsive-column\">\n<div class=\"wp-block-genesis-blocks-gb-column gb-block-layout-column\"><div class=\"gb-block-layout-column-inner\">\n<p><\/p>\n\n\n<div class=\"droppbox-high\">\n\n\t<div class=\"box-container\" style=\"background-image: url('https:\/\/www.neverstop.se\/wp-content\/uploads\/bil-1.jpg'); padding-left: 0px;\n\t\t\tpadding-top:  200px;\">\n\n\t\t<div class=\"drop yellow \">\n\n\t\t\t<img decoding=\"async\" src=\"https:\/\/www.neverstop.se\/wp-content\/themes\/neverstop\/img\/drop-yellow.svg\" style=\"\n\t\t\t\t-webkit-transform:rotate(32deg);\n\t\t\t\t-moz-transform: rotate(32deg);\n\t\t\t\t-ms-transform: rotate(32deg);\n\t\t\t\t-o-transform: rotate(32deg);\n\t\t\t\ttransform: rotate(32deg);\n\t\t\t\t\"\/>\n\n\t\t\t<div class=\"dropcontent\" style=\"top: 125px; left: 40px; width: 185px; height: 165px;\">\n\n\t\t\t\t<h3>\u00c9vitez les arr\u00eats ind\u00e9sirables<\/h3>\n\n\t\t\t\t<p>Nous partageons nos astuces et conseils<\/p>\n\n\t\t\t\t<a href=\"\/fr\/nos-trucs-et-conseils\/\">Lire la suite    <\/a>\n\n\t\t\t<\/div>\n\n\t\t<\/div>\n\n\t<\/div>\n\n<\/div><\/div><\/div>\n\n\n\n<div class=\"wp-block-genesis-blocks-gb-column gb-block-layout-column\"><div class=\"gb-block-layout-column-inner\">\n<p><\/p>\n\n\n<div class=\"droppbox-high\">\n\n\t<div class=\"box-container\" style=\"background-image: url('https:\/\/www.neverstop.se\/wp-content\/uploads\/box2.jpg'); padding-left: 97px;\n\t\t\tpadding-top:  226px;\">\n\n\t\t<div class=\"drop green \">\n\n\t\t\t<img decoding=\"async\" src=\"https:\/\/www.neverstop.se\/wp-content\/themes\/neverstop\/img\/drop-green.svg\" style=\"\n\t\t\t\t-webkit-transform:rotate(101deg);\n\t\t\t\t-moz-transform: rotate(101deg);\n\t\t\t\t-ms-transform: rotate(101deg);\n\t\t\t\t-o-transform: rotate(101deg);\n\t\t\t\ttransform: rotate(101deg);\n\t\t\t\t\"\/>\n\n\t\t\t<div class=\"dropcontent\" style=\"top: 90px; left: 0px; width: 200px; height: 160px;\">\n\n\t\t\t\t<h3>Tout ce dont vous avez besoin pour un voyage plus s\u00fbr<\/h3>\n\n\t\t\t\t<p>En savoir plus <\/p>\n\n\t\t\t\t<a href=\"\/fr\/kategorier\">Lire la suite<\/a>\n\n\t\t\t<\/div>\n\n\t\t<\/div>\n\n\t<\/div>\n\n<\/div><\/div><\/div>\n\n\n\n<div class=\"wp-block-genesis-blocks-gb-column gb-block-layout-column\"><div class=\"gb-block-layout-column-inner\">\n<p><\/p>\n\n\n<div class=\"droppbox-high\">\n\n\t<div class=\"box-container\" style=\"background-image: url('https:\/\/www.neverstop.se\/wp-content\/uploads\/vatten.jpg'); padding-left: 96px;\n\t\t\tpadding-top:  245px;\">\n\n\t\t<div class=\"drop gray \">\n\n\t\t\t<img decoding=\"async\" src=\"https:\/\/www.neverstop.se\/wp-content\/themes\/neverstop\/img\/drop-gray.svg\" style=\"\n\t\t\t\t-webkit-transform:rotate(202deg);\n\t\t\t\t-moz-transform: rotate(202deg);\n\t\t\t\t-ms-transform: rotate(202deg);\n\t\t\t\t-o-transform: rotate(202deg);\n\t\t\t\ttransform: rotate(202deg);\n\t\t\t\t\"\/>\n\n\t\t\t<div class=\"dropcontent\" style=\"top: 70px; left: 50px; width: 190px; height: 180px;\">\n\n\t\t\t\t<h3>EN TEMPS DE CRISE<\/h3>\n\n\t\t\t\t<p>En situation de crise, il y a des produits qu&rsquo;il peut \u00eatre bon d&rsquo;avoir \u00e0 la maison&#8230;<\/p>\n\n\t\t\t\t<a href=\"en-cas-de-crise\">Lire la suite<\/a>\n\n\t\t\t<\/div>\n\n\t\t<\/div>\n\n\t<\/div>\n\n<\/div><\/div><\/div>\n<\/div><\/div>\n\n\n\n<div class=\"wp-block-genesis-blocks-gb-columns inside gb-layout-columns-2 gb-2-col-equal\"><div class=\"gb-layout-column-wrap gb-block-layout-column-gap-2 gb-is-responsive-column\">\n<div class=\"wp-block-genesis-blocks-gb-column gb-block-layout-column\"><div class=\"gb-block-layout-column-inner\"><div class=\"droppbox-low\">\n\n\t<div class=\"box-container\" style=\"background-image: url('https:\/\/www.neverstop.se\/wp-content\/uploads\/box4.jpg'); padding-left: 20px;\n\t\tpadding-top:  30px;\">\n\n\t\t<div class=\"drop orange \">\n\n\t\t\t<img decoding=\"async\" src=\"https:\/\/www.neverstop.se\/wp-content\/themes\/neverstop\/img\/drop-orange.svg\" style=\"\n\t\t\t\t-webkit-transform:rotate(65deg);\n\t\t\t\t-moz-transform: rotate(65deg);\n\t\t\t\t-ms-transform: rotate(65deg);\n\t\t\t\t-o-transform: rotate(65deg);\n\t\t\t\ttransform: rotate(65deg);\n\t\t\t\t\"\/>\n\n\t\t\t<div class=\"dropcontent \" style=\"top: 115px; left: 20px; width: 180px; height: 165px;\">\n\n\t\t\t\t<h3>Sur la route <\/h3>\n\n\t\t\t\t<p>Produits pour les voyageurs sur la route <\/p>\n\n\t\t\t\t<a href=\"\/fr\/produkter\/?cat=pa-resan\">Lire la suite<\/a>\n\n\t\t\t<\/div>\n\n\t\t<\/div>\n\n\t<\/div>\n\n<\/div><\/div><\/div>\n\n\n\n<div class=\"wp-block-genesis-blocks-gb-column gb-block-layout-column\"><div class=\"gb-block-layout-column-inner\"><div class=\"droppbox-low\">\n\n\t<div class=\"box-container\" style=\"background-image: url('https:\/\/www.neverstop.se\/wp-content\/uploads\/box5.jpg'); padding-left: 15px;\n\t\tpadding-top:  0px;\">\n\n\t\t<div class=\"drop blue \">\n\n\t\t\t<img decoding=\"async\" src=\"https:\/\/www.neverstop.se\/wp-content\/themes\/neverstop\/img\/drop-blue.svg\" style=\"\n\t\t\t\t-webkit-transform:rotate(30deg);\n\t\t\t\t-moz-transform: rotate(30deg);\n\t\t\t\t-ms-transform: rotate(30deg);\n\t\t\t\t-o-transform: rotate(30deg);\n\t\t\t\ttransform: rotate(30deg);\n\t\t\t\t\"\/>\n\n\t\t\t<div class=\"dropcontent ml20 mt10\" style=\"top: 125px; left: 0px; width: 220px; height: 153px;\">\n\n\t\t\t\t<h3>En mer<\/h3>\n\n\t\t\t\t<p>Produits pour le voyage en mer <\/p>\n\n\t\t\t\t<a href=\"\/fr\/produkter\/?cat=pa-vattnet\">Lire la suite<\/a>\n\n\t\t\t<\/div>\n\n\t\t<\/div>\n\n\t<\/div>\n\n<\/div><\/div><\/div>\n<\/div><\/div>\n\n\n\n<div class=\"wp-block-genesis-blocks-gb-columns ctacontainer gb-layout-columns-2 gb-2-col-equal\"><div class=\"gb-layout-column-wrap gb-block-layout-column-gap-2 gb-is-responsive-column\">\n<div class=\"wp-block-genesis-blocks-gb-column gb-block-layout-column\"><div class=\"gb-block-layout-column-inner\"><div class=\"cta\">\n\n\t<h2>Trouver des d\u00e9taillants <\/h2>\n\n\t<div class=\"ctatext\">\n\t\t<p>En Su\u00e8de et dans les autres pays nordiques, vous pouvez trouver nos produits dans la plupart des stations-service et dans les d\u00e9taillants soucieux de l\u2019environnement et de la qualit\u00e9 et dans les magasins d\u2019accessoires pour v\u00e9hicules.<\/p>\n\t<\/div>\n\n\t<a href=\"\/fr\/kontakt#af\"><button class=\"ctabutton\">Lire la suite <\/button><\/a>\n\n<\/div>\n<\/div><\/div>\n\n\n\n<div class=\"wp-block-genesis-blocks-gb-column gb-block-layout-column\"><div class=\"gb-block-layout-column-inner\"><div class=\"cta\">\n\n\t<h2>Normes de s\u00e9curit\u00e9 les plus \u00e9lev\u00e9es<\/h2>\n\n\t<div class=\"ctatext\">\n\t\t<p>Le carburant est dangereux ! Un stockage et une manipulation incorrects peuvent avoir des cons\u00e9quences d\u00e9vastatrices. Il est donc extr\u00eamement important que ces produits soient fabriqu\u00e9s selon les normes de s\u00e9curit\u00e9 les plus \u00e9lev\u00e9es.<\/p>\n\t<\/div>\n\n\t<a href=\"\/fr\/bra-att-veta\"><button class=\"ctabutton\">Lire la suite <\/button><\/a>\n\n<\/div>\n<\/div><\/div>\n<\/div><\/div>\n\n\n\n<div class=\"wp-block-genesis-blocks-gb-columns inside gb-layout-columns-3 gb-3-col-equal\"><div class=\"gb-layout-column-wrap gb-block-layout-column-gap-2 gb-is-responsive-column\">\n<div class=\"wp-block-genesis-blocks-gb-column gb-block-layout-column\"><div class=\"gb-block-layout-column-inner\"><div class=\"pictogram\">\n\n\t<a href=\"\/fr\/miljo-hallbarhet\">\n\n\t\t<div class=\"imgcontainer\">\n\n\t\t\t<img decoding=\"async\" src=\"https:\/\/www.neverstop.se\/wp-content\/uploads\/pict-4.png\" \/>\n\n\t\t<\/div>\n\n\t\t<h2>Votre s\u00e9curit\u00e9 \u2013 notre environnement<\/h2>\n\n\t\t<div class=\"pictext\">\n\t\t\t<p>Les contenants de carburant Never Stop en plastique sont fabriqu\u00e9s avec du poly\u00e9thyl\u00e8ne haute densit\u00e9. Il minimise les vapeurs d\u2019essence lib\u00e9r\u00e9es par le bidon. Les bidons sont certifi\u00e9es avec les normes les plus \u00e9lev\u00e9es. <\/p>\n\t\t<\/div>\n\n\t<\/a>\n\n<\/div>\n<\/div><\/div>\n\n\n\n<div class=\"wp-block-genesis-blocks-gb-column gb-block-layout-column\"><div class=\"gb-block-layout-column-inner\"><div class=\"pictogram\">\n\n\t<a href=\"https:\/\/www.malmarks.com\/\">\n\n\t\t<div class=\"imgcontainer\">\n\n\t\t\t<img decoding=\"async\" src=\"https:\/\/www.neverstop.se\/wp-content\/uploads\/pict-5.png\" \/>\n\n\t\t<\/div>\n\n\t\t<h2>L\u2019industrie manufacturi\u00e8re dans l\u2019UE <\/h2>\n\n\t\t<div class=\"pictext\">\n\t\t\t<p>En savoir plus sur notre fabrication et l\u2019entreprise derri\u00e8re Never Stop. <\/p>\n\t\t<\/div>\n\n\t<\/a>\n\n<\/div>\n<\/div><\/div>\n\n\n\n<div class=\"wp-block-genesis-blocks-gb-column gb-block-layout-column\"><div class=\"gb-block-layout-column-inner\"><div class=\"pictogram\">\n\n\t<a href=\"\/fr\/historia\">\n\n\t\t<div class=\"imgcontainer\">\n\n\t\t\t<img decoding=\"async\" src=\"https:\/\/www.neverstop.se\/wp-content\/uploads\/logo.png\" \/>\n\n\t\t<\/div>\n\n\t\t<h2>Plus de 60 ans de qualit\u00e9 <\/h2>\n\n\t\t<div class=\"pictext\">\n\t\t\t<p>En savoir plus sur le bidon de carburant classique Never Stop et son histoire.<\/p>\n\t\t<\/div>\n\n\t<\/a>\n\n<\/div>\n<\/div><\/div>\n<\/div><\/div>\n\n\n\n<div class=\"wp-block-genesis-blocks-gb-container gb-block-container\"><div class=\"gb-container-inside\"><div class=\"gb-container-content\"><\/div><\/div><\/div>\n","protected":false},"excerpt":{"rendered":"<p>Nous fabriquons et distribuons les meilleurs bidons de carburant et accessoires automobiles Never Stop est une marque bien \u00e9tablie qui offre une large gamme d\u2019accessoires de haute qualit\u00e9 pour votre voiture et votre bateau. Tous nos produits sont fabriqu\u00e9s sous un contr\u00f4le de qualit\u00e9 rigoureux, toujours en mettant l\u2019accent sur la performance, l\u2019excellence et le [&hellip;]<\/p>\n","protected":false},"author":1,"featured_media":0,"parent":0,"menu_order":0,"comment_status":"closed","ping_status":"closed","template":"","meta":{"_acf_changed":false,"footnotes":""},"class_list":["post-1431","page","type-page","status-publish","hentry"],"acf":[],"featured_image_src":null,"featured_image_src_square":null,"_links":{"self":[{"href":"https:\/\/www.neverstop.se\/fr\/wp-json\/wp\/v2\/pages\/1431","targetHints":{"allow":["GET"]}}],"collection":[{"href":"https:\/\/www.neverstop.se\/fr\/wp-json\/wp\/v2\/pages"}],"about":[{"href":"https:\/\/www.neverstop.se\/fr\/wp-json\/wp\/v2\/types\/page"}],"author":[{"embeddable":true,"href":"https:\/\/www.neverstop.se\/fr\/wp-json\/wp\/v2\/users\/1"}],"replies":[{"embeddable":true,"href":"https:\/\/www.neverstop.se\/fr\/wp-json\/wp\/v2\/comments?post=1431"}],"version-history":[{"count":17,"href":"https:\/\/www.neverstop.se\/fr\/wp-json\/wp\/v2\/pages\/1431\/revisions"}],"predecessor-version":[{"id":3195,"href":"https:\/\/www.neverstop.se\/fr\/wp-json\/wp\/v2\/pages\/1431\/revisions\/3195"}],"wp:attachment":[{"href":"https:\/\/www.neverstop.se\/fr\/wp-json\/wp\/v2\/media?parent=1431"}],"curies":[{"name":"wp","href":"https:\/\/api.w.org\/{rel}","templated":true}]}}