{"id":1322,"date":"2022-07-26T09:38:01","date_gmt":"2022-07-26T07:38:01","guid":{"rendered":"http:\/\/neverstop.igomoon.agency\/?page_id=1322"},"modified":"2023-04-20T11:45:00","modified_gmt":"2023-04-20T09:45:00","slug":"categories","status":"publish","type":"page","link":"https:\/\/www.neverstop.se\/fr\/categories\/","title":{"rendered":"Cat\u00e9gories"},"content":{"rendered":"\n<p class=\"has-text-align-center textcontent\">Nos produits les plus c\u00e9l\u00e8bres sont nos bidons de carburant en plastique et en acier, mais nous avons \u00e9galement plusieurs autres accessoires pour voitures et bateaux tels que des c\u00e2bles d\u2019appoint, des bidons d\u2019eau, des seaux et des lampes de poche.<\/p>\n\n\n\n<div class=\"catmatrix\">\n\n\t<div class=\"row\">\n\n\t\t<div class=\"col-md-9 col-xs-12 order-md-2\">\n\n\t\t\t<div class=\"row\">\n\n\t\t\t\t\n\t\t\t\t\t\t<div class=\"col-md-4 col-xs-12 catcontainer\">\n\n\t\t\t\t\t\t\t<a href=\"\/fr\/produits?cat=bidons-de-carburant\">\n\n\t\t\t\t\t\t\t\t<div class=\"catbox\">\n\n\t\t\t\t\t\t\t\t\t<div class=\"catimg\"><img loading=\"lazy\" decoding=\"async\" width=\"1000\" height=\"1000\" src=\"https:\/\/www.neverstop.se\/wp-content\/uploads\/dunk1.jpg\" class=\"attachment-full size-full\" alt=\"\" srcset=\"https:\/\/www.neverstop.se\/wp-content\/uploads\/dunk1.jpg 1000w, https:\/\/www.neverstop.se\/wp-content\/uploads\/dunk1-300x300.jpg 300w, https:\/\/www.neverstop.se\/wp-content\/uploads\/dunk1-100x100.jpg 100w, https:\/\/www.neverstop.se\/wp-content\/uploads\/dunk1-600x600.jpg 600w, https:\/\/www.neverstop.se\/wp-content\/uploads\/dunk1-150x150.jpg 150w, https:\/\/www.neverstop.se\/wp-content\/uploads\/dunk1-768x768.jpg 768w\" sizes=\"auto, (max-width: 1000px) 100vw, 1000px\" \/><\/div>\n\n\t\t\t\t\t\t\t\t\t<div class=\"catname\">Bidons de carburant<\/div>\n\n\t\t\t\t\t\t\t\t<\/div>\n\n\t\t\t\t\t\t\t<\/a>\n\n\t\t\t\t\t\t<\/div>\n\t\t\t\t\t\t\n\t\t\t\t\t\t<div class=\"col-md-4 col-xs-12 catcontainer\">\n\n\t\t\t\t\t\t\t<a href=\"\/fr\/produits?cat=remorquage-et-chargement\">\n\n\t\t\t\t\t\t\t\t<div class=\"catbox\">\n\n\t\t\t\t\t\t\t\t\t<div class=\"catimg\"><img loading=\"lazy\" decoding=\"async\" width=\"1270\" height=\"1270\" src=\"https:\/\/www.neverstop.se\/wp-content\/uploads\/NS-002B-cropped.jpg\" class=\"attachment-full size-full\" alt=\"\" srcset=\"https:\/\/www.neverstop.se\/wp-content\/uploads\/NS-002B-cropped.jpg 1270w, https:\/\/www.neverstop.se\/wp-content\/uploads\/NS-002B-cropped-300x300.jpg 300w, https:\/\/www.neverstop.se\/wp-content\/uploads\/NS-002B-cropped-1024x1024.jpg 1024w, https:\/\/www.neverstop.se\/wp-content\/uploads\/NS-002B-cropped-150x150.jpg 150w, https:\/\/www.neverstop.se\/wp-content\/uploads\/NS-002B-cropped-768x768.jpg 768w, https:\/\/www.neverstop.se\/wp-content\/uploads\/NS-002B-cropped-600x600.jpg 600w, https:\/\/www.neverstop.se\/wp-content\/uploads\/NS-002B-cropped-100x100.jpg 100w, https:\/\/www.neverstop.se\/wp-content\/uploads\/NS-002B-cropped-50x50.jpg 50w\" sizes=\"auto, (max-width: 1270px) 100vw, 1270px\" \/><\/div>\n\n\t\t\t\t\t\t\t\t\t<div class=\"catname\">Remorquage et chargement<\/div>\n\n\t\t\t\t\t\t\t\t<\/div>\n\n\t\t\t\t\t\t\t<\/a>\n\n\t\t\t\t\t\t<\/div>\n\t\t\t\t\t\t\n\t\t\t\t\t\t<div class=\"col-md-4 col-xs-12 catcontainer\">\n\n\t\t\t\t\t\t\t<a href=\"\/fr\/produits?cat=jerricans-deau\">\n\n\t\t\t\t\t\t\t\t<div class=\"catbox\">\n\n\t\t\t\t\t\t\t\t\t<div class=\"catimg\"><img loading=\"lazy\" decoding=\"async\" width=\"1000\" height=\"1000\" src=\"https:\/\/www.neverstop.se\/wp-content\/uploads\/vattendunkar.jpg\" class=\"attachment-full size-full\" alt=\"\" srcset=\"https:\/\/www.neverstop.se\/wp-content\/uploads\/vattendunkar.jpg 1000w, https:\/\/www.neverstop.se\/wp-content\/uploads\/vattendunkar-300x300.jpg 300w, https:\/\/www.neverstop.se\/wp-content\/uploads\/vattendunkar-150x150.jpg 150w, https:\/\/www.neverstop.se\/wp-content\/uploads\/vattendunkar-768x768.jpg 768w, https:\/\/www.neverstop.se\/wp-content\/uploads\/vattendunkar-600x600.jpg 600w, https:\/\/www.neverstop.se\/wp-content\/uploads\/vattendunkar-100x100.jpg 100w, https:\/\/www.neverstop.se\/wp-content\/uploads\/vattendunkar-50x50.jpg 50w\" sizes=\"auto, (max-width: 1000px) 100vw, 1000px\" \/><\/div>\n\n\t\t\t\t\t\t\t\t\t<div class=\"catname\">Jerricans d\u2019eau<\/div>\n\n\t\t\t\t\t\t\t\t<\/div>\n\n\t\t\t\t\t\t\t<\/a>\n\n\t\t\t\t\t\t<\/div>\n\t\t\t\t\t\t\n\t\t\t\t\t\t<div class=\"col-md-4 col-xs-12 catcontainer\">\n\n\t\t\t\t\t\t\t<a href=\"\/fr\/produits?cat=accessoires-de-garage\">\n\n\t\t\t\t\t\t\t\t<div class=\"catbox\">\n\n\t\t\t\t\t\t\t\t\t<div class=\"catimg\"><img loading=\"lazy\" decoding=\"async\" width=\"1270\" height=\"1270\" src=\"https:\/\/www.neverstop.se\/wp-content\/uploads\/Domkraft-cropped.jpg\" class=\"attachment-full size-full\" alt=\"\" srcset=\"https:\/\/www.neverstop.se\/wp-content\/uploads\/Domkraft-cropped.jpg 1270w, https:\/\/www.neverstop.se\/wp-content\/uploads\/Domkraft-cropped-300x300.jpg 300w, https:\/\/www.neverstop.se\/wp-content\/uploads\/Domkraft-cropped-1024x1024.jpg 1024w, https:\/\/www.neverstop.se\/wp-content\/uploads\/Domkraft-cropped-150x150.jpg 150w, https:\/\/www.neverstop.se\/wp-content\/uploads\/Domkraft-cropped-768x768.jpg 768w, https:\/\/www.neverstop.se\/wp-content\/uploads\/Domkraft-cropped-600x600.jpg 600w, https:\/\/www.neverstop.se\/wp-content\/uploads\/Domkraft-cropped-100x100.jpg 100w, https:\/\/www.neverstop.se\/wp-content\/uploads\/Domkraft-cropped-50x50.jpg 50w\" sizes=\"auto, (max-width: 1270px) 100vw, 1270px\" \/><\/div>\n\n\t\t\t\t\t\t\t\t\t<div class=\"catname\">Accessoires de garage<\/div>\n\n\t\t\t\t\t\t\t\t<\/div>\n\n\t\t\t\t\t\t\t<\/a>\n\n\t\t\t\t\t\t<\/div>\n\t\t\t\t\t\t\n\t\t\t\t\t\t<div class=\"col-md-4 col-xs-12 catcontainer\">\n\n\t\t\t\t\t\t\t<a href=\"\/fr\/produits?cat=cables-de-demarrage\">\n\n\t\t\t\t\t\t\t\t<div class=\"catbox\">\n\n\t\t\t\t\t\t\t\t\t<div class=\"catimg\"><img loading=\"lazy\" decoding=\"async\" width=\"1270\" height=\"1270\" src=\"https:\/\/www.neverstop.se\/wp-content\/uploads\/Startkablar-cropped.jpg\" class=\"attachment-full size-full\" alt=\"\" srcset=\"https:\/\/www.neverstop.se\/wp-content\/uploads\/Startkablar-cropped.jpg 1270w, https:\/\/www.neverstop.se\/wp-content\/uploads\/Startkablar-cropped-300x300.jpg 300w, https:\/\/www.neverstop.se\/wp-content\/uploads\/Startkablar-cropped-1024x1024.jpg 1024w, https:\/\/www.neverstop.se\/wp-content\/uploads\/Startkablar-cropped-150x150.jpg 150w, https:\/\/www.neverstop.se\/wp-content\/uploads\/Startkablar-cropped-768x768.jpg 768w, https:\/\/www.neverstop.se\/wp-content\/uploads\/Startkablar-cropped-600x600.jpg 600w, https:\/\/www.neverstop.se\/wp-content\/uploads\/Startkablar-cropped-100x100.jpg 100w, https:\/\/www.neverstop.se\/wp-content\/uploads\/Startkablar-cropped-50x50.jpg 50w\" sizes=\"auto, (max-width: 1270px) 100vw, 1270px\" \/><\/div>\n\n\t\t\t\t\t\t\t\t\t<div class=\"catname\">C\u00e2bles de d\u00e9marrage<\/div>\n\n\t\t\t\t\t\t\t\t<\/div>\n\n\t\t\t\t\t\t\t<\/a>\n\n\t\t\t\t\t\t<\/div>\n\t\t\t\t\t\t\n\t\t\t\t\t\t<div class=\"col-md-4 col-xs-12 catcontainer\">\n\n\t\t\t\t\t\t\t<a href=\"\/fr\/produits?cat=lampes-de-poche\">\n\n\t\t\t\t\t\t\t\t<div class=\"catbox\">\n\n\t\t\t\t\t\t\t\t\t<div class=\"catimg\"><img loading=\"lazy\" decoding=\"async\" width=\"1024\" height=\"1024\" src=\"https:\/\/www.neverstop.se\/wp-content\/uploads\/Cree500-cropped.jpg\" class=\"attachment-full size-full\" alt=\"\" srcset=\"https:\/\/www.neverstop.se\/wp-content\/uploads\/Cree500-cropped.jpg 1024w, https:\/\/www.neverstop.se\/wp-content\/uploads\/Cree500-cropped-300x300.jpg 300w, https:\/\/www.neverstop.se\/wp-content\/uploads\/Cree500-cropped-150x150.jpg 150w, https:\/\/www.neverstop.se\/wp-content\/uploads\/Cree500-cropped-768x768.jpg 768w, https:\/\/www.neverstop.se\/wp-content\/uploads\/Cree500-cropped-600x600.jpg 600w, https:\/\/www.neverstop.se\/wp-content\/uploads\/Cree500-cropped-100x100.jpg 100w, https:\/\/www.neverstop.se\/wp-content\/uploads\/Cree500-cropped-50x50.jpg 50w\" sizes=\"auto, (max-width: 1024px) 100vw, 1024px\" \/><\/div>\n\n\t\t\t\t\t\t\t\t\t<div class=\"catname\">Lampes de poche<\/div>\n\n\t\t\t\t\t\t\t\t<\/div>\n\n\t\t\t\t\t\t\t<\/a>\n\n\t\t\t\t\t\t<\/div>\n\t\t\t\t\t\t\n\t\t\t\t\t\t<div class=\"col-md-4 col-xs-12 catcontainer\">\n\n\t\t\t\t\t\t\t<a href=\"\/fr\/produits?cat=baches\">\n\n\t\t\t\t\t\t\t\t<div class=\"catbox\">\n\n\t\t\t\t\t\t\t\t\t<div class=\"catimg\"><img loading=\"lazy\" decoding=\"async\" width=\"1270\" height=\"1270\" src=\"https:\/\/www.neverstop.se\/wp-content\/uploads\/Presenning-cropped.jpg\" class=\"attachment-full size-full\" alt=\"\" srcset=\"https:\/\/www.neverstop.se\/wp-content\/uploads\/Presenning-cropped.jpg 1270w, https:\/\/www.neverstop.se\/wp-content\/uploads\/Presenning-cropped-300x300.jpg 300w, https:\/\/www.neverstop.se\/wp-content\/uploads\/Presenning-cropped-1024x1024.jpg 1024w, https:\/\/www.neverstop.se\/wp-content\/uploads\/Presenning-cropped-150x150.jpg 150w, https:\/\/www.neverstop.se\/wp-content\/uploads\/Presenning-cropped-768x768.jpg 768w, https:\/\/www.neverstop.se\/wp-content\/uploads\/Presenning-cropped-600x600.jpg 600w, https:\/\/www.neverstop.se\/wp-content\/uploads\/Presenning-cropped-100x100.jpg 100w, https:\/\/www.neverstop.se\/wp-content\/uploads\/Presenning-cropped-50x50.jpg 50w\" sizes=\"auto, (max-width: 1270px) 100vw, 1270px\" \/><\/div>\n\n\t\t\t\t\t\t\t\t\t<div class=\"catname\">B\u00e2ches<\/div>\n\n\t\t\t\t\t\t\t\t<\/div>\n\n\t\t\t\t\t\t\t<\/a>\n\n\t\t\t\t\t\t<\/div>\n\t\t\t\t\t\t\n\t\t\t\t\t\t<div class=\"col-md-4 col-xs-12 catcontainer\">\n\n\t\t\t\t\t\t\t<a href=\"\/fr\/produits?cat=sur-la-route\">\n\n\t\t\t\t\t\t\t\t<div class=\"catbox\">\n\n\t\t\t\t\t\t\t\t\t<div class=\"catimg\"><img loading=\"lazy\" decoding=\"async\" width=\"1270\" height=\"1270\" src=\"https:\/\/www.neverstop.se\/wp-content\/uploads\/NS-3021-cropped.jpg\" class=\"attachment-full size-full\" alt=\"\" srcset=\"https:\/\/www.neverstop.se\/wp-content\/uploads\/NS-3021-cropped.jpg 1270w, https:\/\/www.neverstop.se\/wp-content\/uploads\/NS-3021-cropped-300x300.jpg 300w, https:\/\/www.neverstop.se\/wp-content\/uploads\/NS-3021-cropped-1024x1024.jpg 1024w, https:\/\/www.neverstop.se\/wp-content\/uploads\/NS-3021-cropped-150x150.jpg 150w, https:\/\/www.neverstop.se\/wp-content\/uploads\/NS-3021-cropped-768x768.jpg 768w, https:\/\/www.neverstop.se\/wp-content\/uploads\/NS-3021-cropped-600x600.jpg 600w, https:\/\/www.neverstop.se\/wp-content\/uploads\/NS-3021-cropped-100x100.jpg 100w, https:\/\/www.neverstop.se\/wp-content\/uploads\/NS-3021-cropped-50x50.jpg 50w\" sizes=\"auto, (max-width: 1270px) 100vw, 1270px\" \/><\/div>\n\n\t\t\t\t\t\t\t\t\t<div class=\"catname\">Sur la route<\/div>\n\n\t\t\t\t\t\t\t\t<\/div>\n\n\t\t\t\t\t\t\t<\/a>\n\n\t\t\t\t\t\t<\/div>\n\t\t\t\t\t\t\n\t\t\t\t\t\t<div class=\"col-md-4 col-xs-12 catcontainer\">\n\n\t\t\t\t\t\t\t<a href=\"\/fr\/produits?cat=en-mer\">\n\n\t\t\t\t\t\t\t\t<div class=\"catbox\">\n\n\t\t\t\t\t\t\t\t\t<div class=\"catimg\"><img loading=\"lazy\" decoding=\"async\" width=\"688\" height=\"550\" src=\"https:\/\/www.neverstop.se\/wp-content\/uploads\/vattenskoter.jpg\" class=\"attachment-full size-full\" alt=\"\" srcset=\"https:\/\/www.neverstop.se\/wp-content\/uploads\/vattenskoter.jpg 688w, https:\/\/www.neverstop.se\/wp-content\/uploads\/vattenskoter-300x240.jpg 300w, https:\/\/www.neverstop.se\/wp-content\/uploads\/vattenskoter-600x480.jpg 600w\" sizes=\"auto, (max-width: 688px) 100vw, 688px\" \/><\/div>\n\n\t\t\t\t\t\t\t\t\t<div class=\"catname\">En mer<\/div>\n\n\t\t\t\t\t\t\t\t<\/div>\n\n\t\t\t\t\t\t\t<\/a>\n\n\t\t\t\t\t\t<\/div>\n\t\t\t\t\t\t\n\t\t\t<\/div>\n\n\t\t<\/div>\n\n\t\t<div class=\"col-md-3 col-xs-12 order-md-1\">\n\n\t\t\t<div class=\"catlist\">\n\n\t\t\t\t<a href=\"\/fr\/produits?cat=bidons-de-carburant\"><div class=\"catname\">Bidons de carburant<\/div><\/a><a href=\"\/fr\/produits?cat=jerricans-en-plastique\"><div class=\"subcatname\">Jerricans en plastique<\/div><\/a><a href=\"\/fr\/produits?cat=jerricans-en-metal\"><div class=\"subcatname\">Jerricans en m\u00e9tal<\/div><\/a><a href=\"\/fr\/produits?cat=accessoires-et-pieces-de-rechange\"><div class=\"subcatname\">Accessoires et pi\u00e8ces de rechange<\/div><\/a><a href=\"\/fr\/produits?cat=bidon-de-carburant-combine\"><div class=\"subcatname\">Bidon de carburant combin\u00e9<\/div><\/a><a href=\"\/fr\/produits?cat=remorquage-et-chargement\"><div class=\"catname\">Remorquage et chargement<\/div><\/a><a href=\"\/fr\/produits?cat=jerricans-deau\"><div class=\"catname\">Jerricans d\u2019eau<\/div><\/a><a href=\"\/fr\/produits?cat=accessoires-de-garage\"><div class=\"catname\">Accessoires de garage<\/div><\/a><a href=\"\/fr\/produits?cat=changement-dhuile\"><div class=\"subcatname\">Changement d&rsquo;huile<\/div><\/a><a href=\"\/fr\/produits?cat=entonnoirs\"><div class=\"subcatname\">Entonnoirs<\/div><\/a><a href=\"\/fr\/produits?cat=seaux\"><div class=\"subcatname\">Seaux<\/div><\/a><a href=\"\/fr\/produits?cat=bidon-deau-de-la-station\"><div class=\"subcatname\">Bidon d\u2019eau de la station<\/div><\/a><a href=\"\/fr\/produits?cat=pichet-de-mesure\"><div class=\"subcatname\">Pichet de mesure<\/div><\/a><a href=\"\/fr\/produits?cat=changement-de-pneus\"><div class=\"subcatname\">Changement de pneus<\/div><\/a><a href=\"\/fr\/produits?cat=cables-de-demarrage\"><div class=\"catname\">C\u00e2bles de d\u00e9marrage<\/div><\/a><a href=\"\/fr\/produits?cat=lampes-de-poche\"><div class=\"catname\">Lampes de poche<\/div><\/a><a href=\"\/fr\/produits?cat=baches\"><div class=\"catname\">B\u00e2ches<\/div><\/a><a href=\"\/fr\/produits?cat=sur-la-route\"><div class=\"catname\">Sur la route<\/div><\/a><a href=\"\/fr\/produits?cat=en-mer\"><div class=\"catname\">En mer<\/div><\/a>\n\t\t\t\t<div class=\"catname\">\n\t\t\t\t\t<a href=\"\/fr\/vous-pouvez-nous-trouver\/#af\">D\u00e9taillants<\/a>\n\t\t\t\t<\/div>\n\n\t\t\t<\/div>\n\n\t\t<\/div>\n\n\t<\/div>\n\n<\/div>\n","protected":false},"excerpt":{"rendered":"<p>Nos produits les plus c\u00e9l\u00e8bres sont nos bidons de carburant en plastique et en acier, mais nous avons \u00e9galement plusieurs autres accessoires pour voitures et bateaux tels que des c\u00e2bles d\u2019appoint, des bidons d\u2019eau, des seaux et des lampes de poche.<\/p>\n","protected":false},"author":1,"featured_media":1829,"parent":0,"menu_order":0,"comment_status":"closed","ping_status":"closed","template":"","meta":{"_acf_changed":false,"footnotes":""},"class_list":["post-1322","page","type-page","status-publish","has-post-thumbnail","hentry"],"acf":[],"featured_image_src":"https:\/\/www.neverstop.se\/wp-content\/uploads\/bilsomstannat-600x400.jpg","featured_image_src_square":"https:\/\/www.neverstop.se\/wp-content\/uploads\/bilsomstannat-600x600.jpg","_links":{"self":[{"href":"https:\/\/www.neverstop.se\/fr\/wp-json\/wp\/v2\/pages\/1322","targetHints":{"allow":["GET"]}}],"collection":[{"href":"https:\/\/www.neverstop.se\/fr\/wp-json\/wp\/v2\/pages"}],"about":[{"href":"https:\/\/www.neverstop.se\/fr\/wp-json\/wp\/v2\/types\/page"}],"author":[{"embeddable":true,"href":"https:\/\/www.neverstop.se\/fr\/wp-json\/wp\/v2\/users\/1"}],"replies":[{"embeddable":true,"href":"https:\/\/www.neverstop.se\/fr\/wp-json\/wp\/v2\/comments?post=1322"}],"version-history":[{"count":5,"href":"https:\/\/www.neverstop.se\/fr\/wp-json\/wp\/v2\/pages\/1322\/revisions"}],"predecessor-version":[{"id":2208,"href":"https:\/\/www.neverstop.se\/fr\/wp-json\/wp\/v2\/pages\/1322\/revisions\/2208"}],"wp:featuredmedia":[{"embeddable":true,"href":"https:\/\/www.neverstop.se\/fr\/wp-json\/wp\/v2\/media\/1829"}],"wp:attachment":[{"href":"https:\/\/www.neverstop.se\/fr\/wp-json\/wp\/v2\/media?parent=1322"}],"curies":[{"name":"wp","href":"https:\/\/api.w.org\/{rel}","templated":true}]}}