{"id":2453,"date":"2023-05-05T08:58:40","date_gmt":"2023-05-05T06:58:40","guid":{"rendered":"https:\/\/www.neverstop.se\/?post_type=product&#038;p=2453"},"modified":"2023-05-09T09:59:59","modified_gmt":"2023-05-09T07:59:59","slug":"plastbensindunk-20-liter-2","status":"publish","type":"product","link":"https:\/\/www.neverstop.se\/en\/produkt\/plastbensindunk-20-liter-2\/","title":{"rendered":"Plastic can 20L"},"content":{"rendered":"<p>Never Stop fuel can 20 liter is made of HDPE. Suitable for gasoline, diesel and ethanol. The can comes with safety cork, equipped with level window and filling spout with AutoStop.<\/p>\n<p class=\"p1\">AutoStop pipen har en inbyggd flamsp\u00e4rr som f\u00f6rhindrar \u00f6verfyllning och flashback explosioner. The AutoStop spout has a built-in flame retardant that prevents overfilling and flashback explosions. The Never Stop 20-liter fuel can also has an air vent cap for faster and smoother emptying and is tested and certified for an overpressure of 250kPa, equivalent to 2.5 Bar.<\/p>\n","protected":false},"excerpt":{"rendered":"<p><strong>Manufactured<\/strong>: EU<br \/>\n<strong>Size<\/strong>: 345 x 195 x 470 mm<br \/>\n<strong>Gross weight<\/strong>: 1320g<br \/>\n<strong>Certificate<\/strong>: UN<\/p>\n","protected":false},"featured_media":561,"template":"","meta":{"_acf_changed":false},"product_brand":[],"product_cat":[76,77,93],"product_tag":[],"class_list":{"0":"post-2453","1":"product","2":"type-product","3":"status-publish","4":"has-post-thumbnail","6":"product_cat-fuel-cans","7":"product_cat-plastic-cans","8":"product_cat-out-at-sea","10":"first","11":"instock","12":"shipping-taxable","13":"purchasable","14":"product-type-variable","15":"has-default-attributes"},"acf":[],"_links":{"self":[{"href":"https:\/\/www.neverstop.se\/en\/wp-json\/wp\/v2\/product\/2453","targetHints":{"allow":["GET"]}}],"collection":[{"href":"https:\/\/www.neverstop.se\/en\/wp-json\/wp\/v2\/product"}],"about":[{"href":"https:\/\/www.neverstop.se\/en\/wp-json\/wp\/v2\/types\/product"}],"wp:featuredmedia":[{"embeddable":true,"href":"https:\/\/www.neverstop.se\/en\/wp-json\/wp\/v2\/media\/561"}],"wp:attachment":[{"href":"https:\/\/www.neverstop.se\/en\/wp-json\/wp\/v2\/media?parent=2453"}],"wp:term":[{"taxonomy":"product_brand","embeddable":true,"href":"https:\/\/www.neverstop.se\/en\/wp-json\/wp\/v2\/product_brand?post=2453"},{"taxonomy":"product_cat","embeddable":true,"href":"https:\/\/www.neverstop.se\/en\/wp-json\/wp\/v2\/product_cat?post=2453"},{"taxonomy":"product_tag","embeddable":true,"href":"https:\/\/www.neverstop.se\/en\/wp-json\/wp\/v2\/product_tag?post=2453"}],"curies":[{"name":"wp","href":"https:\/\/api.w.org\/{rel}","templated":true}]}}