{"id":3079,"date":"2023-05-05T11:16:58","date_gmt":"2023-05-05T09:16:58","guid":{"rendered":"https:\/\/www.neverstop.se\/?page_id=3079"},"modified":"2023-08-21T09:19:16","modified_gmt":"2023-08-21T07:19:16","slug":"our-tips-and-advice-2","status":"publish","type":"page","link":"https:\/\/www.neverstop.se\/en\/our-tips-and-advice-2\/","title":{"rendered":"Our tips and advice"},"content":{"rendered":"\n<p class=\"has-text-align-center inside\"><\/p>\n\n\n\n<div class=\"wp-block-genesis-blocks-gb-columns inside inner gb-layout-columns-2 gb-2-col-equal\"><div class=\"gb-layout-column-wrap gb-block-layout-column-gap-2 gb-is-responsive-column\">\n<div class=\"wp-block-genesis-blocks-gb-column gb-block-layout-column\"><div class=\"gb-block-layout-column-inner\">\n<p><\/p>\n\n\n<div class=\"faktabox\">\n\n\t<h2>Advice on handling petrol <\/h2>\n\n\t<div class=\"ctatext\">\n\t\t<p>Read more about storage of flammable liquids, advice on fuel cans and disposal of petrol.<\/p>\n\t<\/div>\n\n\t<a href=\"\/en\/advice-on-handling-petrol\"><button class=\"ctabutton\">Read more<\/button><\/a>\n\n\t<div class=\"tab\">\n\n\t\t<img decoding=\"async\" src=\"https:\/\/www.neverstop.se\/wp-content\/uploads\/tab3.png\" \/>\n\n\t<\/div>\n\n<\/div>\n\n\n\n\n<div class=\"faktabox\">\n\n\t<h2>Checklist for car and boat <\/h2>\n\n\t<div class=\"ctatext\">\n\t\t<p>Take a look at our handy checklist for car and boat owners! <\/p>\n\t<\/div>\n\n\t<a href=\"\/en\/checklist-for-car-and-boat\/\"><button class=\"ctabutton\">Read more<\/button><\/a>\n\n\t<div class=\"tab\">\n\n\t\t<img decoding=\"async\" src=\"https:\/\/www.neverstop.se\/wp-content\/uploads\/tab2.png\" \/>\n\n\t<\/div>\n\n<\/div>\n\n\n\n\n<div class=\"faktabox\">\n\n\t<h2>Incorrect refuelling<\/h2>\n\n\t<div class=\"ctatext\">\n\t\t<p>Please read this section to avoid potentially costly problems.<\/p>\n\t<\/div>\n\n\t<a href=\"\/en\/if-you-put-the-wrong-type-of-fuel-in-your-car\/\"><button class=\"ctabutton\">Read more<\/button><\/a>\n\n\t<div class=\"tab\">\n\n\t\t<img decoding=\"async\" src=\"https:\/\/www.neverstop.se\/wp-content\/uploads\/Flik_soppa-torsk_utan_skugga8318.png\" \/>\n\n\t<\/div>\n\n<\/div>\n\n\n<\/div><\/div>\n\n\n\n<div class=\"wp-block-genesis-blocks-gb-column gb-block-layout-column\"><div class=\"gb-block-layout-column-inner\">\n<p><\/p>\n\n\n<div class=\"faktabox\">\n\n\t<h2>How to use booster cables <\/h2>\n\n\t<div class=\"ctatext\">\n\t\t<p>Follow our guide to use booster cables. You will also find instructions on the back of the packaging. <\/p>\n\t<\/div>\n\n\t<a href=\"\/en\/how-to-use-jumper-cables\/\"><button class=\"ctabutton\">Read more<\/button><\/a>\n\n\t<div class=\"tab\">\n\n\t\t<img decoding=\"async\" src=\"https:\/\/www.neverstop.se\/wp-content\/uploads\/tab4.png\" \/>\n\n\t<\/div>\n\n<\/div>\n\n\n\n\n<div class=\"faktabox\">\n\n\t<h2>Towing and loading <\/h2>\n\n\t<div class=\"ctatext\">\n\t\t<p>Our tips and advice for towing and loading safely can be found here. <\/p>\n\t<\/div>\n\n\t<a href=\"\/en\/towing\/\"><button class=\"ctabutton\">Read more<\/button><\/a>\n\n\t<div class=\"tab\">\n\n\t\t<img decoding=\"async\" src=\"https:\/\/www.neverstop.se\/wp-content\/uploads\/tab1.png\" \/>\n\n\t<\/div>\n\n<\/div>\n\n\n\n\n<div class=\"faktabox\">\n\n\t<h2>IF YOU RUN OUT OF FUEL<\/h2>\n\n\t<div class=\"ctatext\">\n\t\t<p>There is a lot to think about if you run out of fuel. Some advice from us!<\/p>\n\t<\/div>\n\n\t<a href=\"\/en\/if-you-run-out-of-fuel\/\"><button class=\"ctabutton\">Read more<\/button><\/a>\n\n\t<div class=\"tab\">\n\n\t\t<img decoding=\"async\" src=\"https:\/\/www.neverstop.se\/wp-content\/uploads\/Flik_soppa-torsk_utan_skugga8318.png\" \/>\n\n\t<\/div>\n\n<\/div>\n\n\n<\/div><\/div>\n<\/div><\/div>\n\n\n\n<div class=\"wp-block-genesis-blocks-gb-container gb-block-container\"><div class=\"gb-container-inside\"><div class=\"gb-container-image-wrap\"><img decoding=\"async\" class=\"gb-container-image has-background-dim-100 has-background-dim\" src=\"https:\/\/www.neverstop.se\/wp-content\/uploads\/bio.jpg\" alt=\"\"\/><\/div><div class=\"gb-container-content\">\n<p><\/p>\n\n\n\n<div class=\"wp-block-genesis-blocks-gb-container inside videosection gb-block-container\"><div class=\"gb-container-inside\"><div class=\"gb-container-content\">\n<div class=\"wp-block-columns shadebox is-layout-flex wp-container-core-columns-is-layout-9d6595d7 wp-block-columns-is-layout-flex\">\n<div class=\"wp-block-column is-layout-flow wp-block-column-is-layout-flow\">\n<h2 class=\"wp-block-heading\">Filmer<\/h2>\n\n\n\n<p>I det h\u00e4r galleriet hittar du videor om v\u00e5ra produkter. Dessa filmer visar anv\u00e4ndarinstruktioner, tips och r\u00e5d eller fr\u00e5gor som v\u00e5ra kunder kan ha. Kontakta oss om du har tips eller \u00e5terkoppling kring v\u00e5ra videor!<\/p>\n\n\n\n<div class=\"wp-block-buttons is-layout-flex wp-block-buttons-is-layout-flex\"><\/div>\n<\/div>\n\n\n\n<div class=\"wp-block-column pt55 is-layout-flow wp-block-column-is-layout-flow\">\n<ul class=\"wp-block-list\">\n<li><a href=\"https:\/\/www.youtube.com\/watch?v=gaCUiVqfiEo\" target=\"_blank\" rel=\"noreferrer noopener\">Never Stop fuel can<\/a><\/li>\n\n\n\n<li><a rel=\"noreferrer noopener\" href=\"https:\/\/www.youtube.com\/watch?v=w7lOIMv9GGU\" target=\"_blank\">AutoStop presented by Never Stop<\/a><\/li>\n<\/ul>\n<\/div>\n<\/div>\n<\/div><\/div><\/div>\n\n\n\n<p><\/p>\n<\/div><\/div><\/div>\n","protected":false},"excerpt":{"rendered":"","protected":false},"author":1,"featured_media":611,"parent":0,"menu_order":0,"comment_status":"closed","ping_status":"closed","template":"page-content.php","meta":{"_acf_changed":false,"footnotes":""},"class_list":["post-3079","page","type-page","status-publish","has-post-thumbnail","hentry"],"acf":[],"featured_image_src":"https:\/\/www.neverstop.se\/wp-content\/uploads\/resa-600x400.jpg","featured_image_src_square":"https:\/\/www.neverstop.se\/wp-content\/uploads\/resa-600x600.jpg","_links":{"self":[{"href":"https:\/\/www.neverstop.se\/en\/wp-json\/wp\/v2\/pages\/3079","targetHints":{"allow":["GET"]}}],"collection":[{"href":"https:\/\/www.neverstop.se\/en\/wp-json\/wp\/v2\/pages"}],"about":[{"href":"https:\/\/www.neverstop.se\/en\/wp-json\/wp\/v2\/types\/page"}],"author":[{"embeddable":true,"href":"https:\/\/www.neverstop.se\/en\/wp-json\/wp\/v2\/users\/1"}],"replies":[{"embeddable":true,"href":"https:\/\/www.neverstop.se\/en\/wp-json\/wp\/v2\/comments?post=3079"}],"version-history":[{"count":5,"href":"https:\/\/www.neverstop.se\/en\/wp-json\/wp\/v2\/pages\/3079\/revisions"}],"predecessor-version":[{"id":3217,"href":"https:\/\/www.neverstop.se\/en\/wp-json\/wp\/v2\/pages\/3079\/revisions\/3217"}],"wp:featuredmedia":[{"embeddable":true,"href":"https:\/\/www.neverstop.se\/en\/wp-json\/wp\/v2\/media\/611"}],"wp:attachment":[{"href":"https:\/\/www.neverstop.se\/en\/wp-json\/wp\/v2\/media?parent=3079"}],"curies":[{"name":"wp","href":"https:\/\/api.w.org\/{rel}","templated":true}]}}