{"id":1421,"date":"2022-08-03T08:26:25","date_gmt":"2022-08-03T06:26:25","guid":{"rendered":"http:\/\/neverstop.igomoon.agency\/?page_id=1421"},"modified":"2023-04-12T09:52:40","modified_gmt":"2023-04-12T07:52:40","slug":"your-safety-our-environment","status":"publish","type":"page","link":"https:\/\/www.neverstop.se\/en\/your-safety-our-environment\/","title":{"rendered":"Your safety \u2013 our environment"},"content":{"rendered":"\n<div class=\"wp-block-genesis-blocks-gb-container inside gb-block-container\"><div class=\"gb-container-inside\"><div class=\"gb-container-content\">\n<p class=\"has-text-align-center\">M\u00e5lmarks is the company behind the Never Stop brand. M\u00e5lmarks is a Swedish family business with production and wholesale operations. M\u00e5lmarks is the market leader in Scandinavia when it comes to petrol cans. We are also one of the largest fuel can manufactures in Europe. Nothing has happened by chance.<\/p>\n\n\n\n<p class=\"has-text-align-center\">Thanks to our own production, we have both insight and control, which ensures quality. Our factory in Hungary is certified according to ISO 14001, a standard for working to reduce environmental impact.<\/p>\n\n\n\n<p class=\"has-text-align-center\"><\/p>\n<\/div><\/div><\/div>\n\n\n\n<div style=\"height:30px\" aria-hidden=\"true\" class=\"wp-block-spacer\"><\/div>\n\n\n\n<div class=\"wp-block-genesis-blocks-gb-columns inside mt30 gb-layout-columns-2 gb-2-col-wideright\"><div class=\"gb-layout-column-wrap gb-block-layout-column-gap-2 gb-is-responsive-column\">\n<div class=\"wp-block-genesis-blocks-gb-column fullsize gb-block-layout-column\"><div class=\"gb-block-layout-column-inner\">\n<figure class=\"wp-block-image size-medium right\"><img loading=\"lazy\" decoding=\"async\" width=\"300\" height=\"300\" src=\"http:\/\/neverstop.igomoon.agency\/wp-content\/uploads\/miljo1-300x300.png\" alt=\"\" class=\"wp-image-324\" srcset=\"https:\/\/www.neverstop.se\/wp-content\/uploads\/miljo1-300x300.png 300w, https:\/\/www.neverstop.se\/wp-content\/uploads\/miljo1-150x150.png 150w, https:\/\/www.neverstop.se\/wp-content\/uploads\/miljo1-100x100.png 100w, https:\/\/www.neverstop.se\/wp-content\/uploads\/miljo1.png 372w\" sizes=\"auto, (max-width: 300px) 100vw, 300px\" \/><\/figure>\n<\/div><\/div>\n\n\n\n<div class=\"wp-block-genesis-blocks-gb-column greenbox gb-block-layout-column\"><div class=\"gb-block-layout-column-inner\">\n<h3 class=\"wp-block-heading has-text-align-center\">We CARE ABOUT THE ENVIRONMENT<\/h3>\n\n\n\n<p>Fuel is dangerous! Incorrect storage and handling can have devastating consequences. It is thus extremely important that such products are made to the highest safety standards. Our fuel containers in plastic are manufactured with high density polyethylene. An important detail is that both caps and spouts are fitted with petrol resistant rubber gasket, a rather unusual praxis in some markets.. It minimizes the gasoline vapours released by the can. The cans are certified with the highest standards.<\/p>\n\n\n\n<p>Our steel cans have the lowest emission of hydrocarbons, known as the Classic Can it offers a ten-year material warranty. These cans are the safest and most environmentally friendly option within our range.<\/p>\n<\/div><\/div>\n<\/div><\/div>\n\n\n\n<div style=\"height:75px\" aria-hidden=\"true\" class=\"wp-block-spacer\"><\/div>\n\n\n\n<div class=\"wp-block-genesis-blocks-gb-columns inside mt30 gb-layout-columns-2 gb-2-col-wideleft\"><div class=\"gb-layout-column-wrap gb-block-layout-column-gap-2 gb-is-responsive-column\">\n<div class=\"wp-block-genesis-blocks-gb-column greenbox gb-block-layout-column\"><div class=\"gb-block-layout-column-inner\">\n<h3 class=\"wp-block-heading has-text-align-center\">Highest safety standards<\/h3>\n\n\n\n<p>According to current (UN approval in accordance with ADR and Transport of Dangerous Goods), the lifetime of all plastic petrol cans, regardless of manufacturer, is 5 years after the date of manufacture. The shelf life is set to avoid environmental and material damage. Over time, the plastic loses its original properties, which increases the emission of gasoline vapors through the material. For us, it is extremely important that our fuel cans meet the highest safety standards. Never Stop has a 5-year material guarantee from the date of manufacture on our cans. A plastic can is a safety product and must be handled with care.<\/p>\n<\/div><\/div>\n\n\n\n<div class=\"wp-block-genesis-blocks-gb-column fullsize gb-block-layout-column\"><div class=\"gb-block-layout-column-inner\">\n<figure class=\"wp-block-image size-medium\"><img loading=\"lazy\" decoding=\"async\" width=\"300\" height=\"300\" src=\"http:\/\/neverstop.igomoon.agency\/wp-content\/uploads\/miljo4-300x300.png\" alt=\"\" class=\"wp-image-338\" srcset=\"https:\/\/www.neverstop.se\/wp-content\/uploads\/miljo4-300x300.png 300w, https:\/\/www.neverstop.se\/wp-content\/uploads\/miljo4-150x150.png 150w, https:\/\/www.neverstop.se\/wp-content\/uploads\/miljo4-100x100.png 100w, https:\/\/www.neverstop.se\/wp-content\/uploads\/miljo4.png 377w\" sizes=\"auto, (max-width: 300px) 100vw, 300px\" \/><figcaption class=\"wp-element-caption\">5-year material guarantee<\/figcaption><\/figure>\n<\/div><\/div>\n<\/div><\/div>\n\n\n\n<div style=\"height:75px\" aria-hidden=\"true\" class=\"wp-block-spacer\"><\/div>\n\n\n\n<div class=\"wp-block-genesis-blocks-gb-columns inside mt30 gb-layout-columns-2 gb-2-col-wideright\"><div class=\"gb-layout-column-wrap gb-block-layout-column-gap-2 gb-is-responsive-column\">\n<div class=\"wp-block-genesis-blocks-gb-column fullsize gb-block-layout-column\"><div class=\"gb-block-layout-column-inner\">\n<figure class=\"wp-block-image size-full right\"><img loading=\"lazy\" decoding=\"async\" width=\"300\" height=\"300\" src=\"http:\/\/neverstop.igomoon.agency\/wp-content\/uploads\/miljo.png\" alt=\"\" class=\"wp-image-1410\" srcset=\"https:\/\/www.neverstop.se\/wp-content\/uploads\/miljo.png 300w, https:\/\/www.neverstop.se\/wp-content\/uploads\/miljo-150x150.png 150w, https:\/\/www.neverstop.se\/wp-content\/uploads\/miljo-100x100.png 100w, https:\/\/www.neverstop.se\/wp-content\/uploads\/miljo-50x50.png 50w\" sizes=\"auto, (max-width: 300px) 100vw, 300px\" \/><\/figure>\n<\/div><\/div>\n\n\n\n<div class=\"wp-block-genesis-blocks-gb-column greenbox gb-block-layout-column\"><div class=\"gb-block-layout-column-inner\">\n<h3 class=\"wp-block-heading has-text-align-center\">Why plastic?<\/h3>\n\n\n\n<p>In our production, we use high-density polyethylene, HDPE plastic. Positive qualities of HDPE are that it is possible to get food approved, has very low moisture absorption and very good chemical resistance. Another advantage of plastic is that it is a material that can be recycled very well, either for new products or for energy and heat.<\/p>\n\n\n\n<p>In addition, HDPE is very suitable for blow molding. In our factory in Hungary, we are experts in blow molding, which is a technology that can be compared to glass blowing. Plastic is also a light material, compared to other materials, which reduces emissions during transport.<\/p>\n<\/div><\/div>\n<\/div><\/div>\n\n\n\n<div style=\"height:75px\" aria-hidden=\"true\" class=\"wp-block-spacer\"><\/div>\n\n\n\n<div class=\"wp-block-genesis-blocks-gb-columns inside mt30 gb-layout-columns-2 gb-2-col-wideleft\"><div class=\"gb-layout-column-wrap gb-block-layout-column-gap-2 gb-is-responsive-column\">\n<div class=\"wp-block-genesis-blocks-gb-column greenbox gb-block-layout-column\"><div class=\"gb-block-layout-column-inner\">\n<h3 class=\"wp-block-heading has-text-align-center\">Full charge<\/h3>\n\n\n\n<p>Our product range is being expanded and updated continuously to meet the needs of retailers and end consumers. Since 2021, M\u00e5lmarks has an exciting project together with Charge Amps for electric car charging in Brazil.<\/p>\n\n\n\n<p>Read more about M\u00e5lmarks <a rel=\"noreferrer noopener\" href=\"https:\/\/www.malmarks.com\/\" target=\"_blank\">here<\/a>. If you want to know more about our Never Stop products, <a href=\"http:\/\/neverstop.igomoon.agency\/en\/categories\/\">read here<\/a>.<\/p>\n<\/div><\/div>\n\n\n\n<div class=\"wp-block-genesis-blocks-gb-column fullsize gb-block-layout-column\"><div class=\"gb-block-layout-column-inner\">\n<figure class=\"wp-block-image size-full\"><img loading=\"lazy\" decoding=\"async\" width=\"300\" height=\"300\" src=\"http:\/\/neverstop.igomoon.agency\/wp-content\/uploads\/miljo4-1.png\" alt=\"\" class=\"wp-image-1415\" srcset=\"https:\/\/www.neverstop.se\/wp-content\/uploads\/miljo4-1.png 300w, https:\/\/www.neverstop.se\/wp-content\/uploads\/miljo4-1-150x150.png 150w, https:\/\/www.neverstop.se\/wp-content\/uploads\/miljo4-1-100x100.png 100w, https:\/\/www.neverstop.se\/wp-content\/uploads\/miljo4-1-50x50.png 50w\" sizes=\"auto, (max-width: 300px) 100vw, 300px\" \/><\/figure>\n<\/div><\/div>\n<\/div><\/div>\n\n\n\n<div style=\"height:75px\" aria-hidden=\"true\" class=\"wp-block-spacer\"><\/div>\n\n\n\n<div style=\"height:75px\" aria-hidden=\"true\" class=\"wp-block-spacer\"><\/div>\n","protected":false},"excerpt":{"rendered":"","protected":false},"author":1,"featured_media":580,"parent":0,"menu_order":0,"comment_status":"closed","ping_status":"closed","template":"page-content.php","meta":{"_acf_changed":false,"footnotes":""},"class_list":["post-1421","page","type-page","status-publish","has-post-thumbnail","hentry"],"acf":[],"featured_image_src":"https:\/\/www.neverstop.se\/wp-content\/uploads\/blad-1-600x400.jpg","featured_image_src_square":"https:\/\/www.neverstop.se\/wp-content\/uploads\/blad-1-600x600.jpg","_links":{"self":[{"href":"https:\/\/www.neverstop.se\/en\/wp-json\/wp\/v2\/pages\/1421","targetHints":{"allow":["GET"]}}],"collection":[{"href":"https:\/\/www.neverstop.se\/en\/wp-json\/wp\/v2\/pages"}],"about":[{"href":"https:\/\/www.neverstop.se\/en\/wp-json\/wp\/v2\/types\/page"}],"author":[{"embeddable":true,"href":"https:\/\/www.neverstop.se\/en\/wp-json\/wp\/v2\/users\/1"}],"replies":[{"embeddable":true,"href":"https:\/\/www.neverstop.se\/en\/wp-json\/wp\/v2\/comments?post=1421"}],"version-history":[{"count":2,"href":"https:\/\/www.neverstop.se\/en\/wp-json\/wp\/v2\/pages\/1421\/revisions"}],"predecessor-version":[{"id":1757,"href":"https:\/\/www.neverstop.se\/en\/wp-json\/wp\/v2\/pages\/1421\/revisions\/1757"}],"wp:featuredmedia":[{"embeddable":true,"href":"https:\/\/www.neverstop.se\/en\/wp-json\/wp\/v2\/media\/580"}],"wp:attachment":[{"href":"https:\/\/www.neverstop.se\/en\/wp-json\/wp\/v2\/media?parent=1421"}],"curies":[{"name":"wp","href":"https:\/\/api.w.org\/{rel}","templated":true}]}}